{"id":3285,"date":"2021-01-04T13:10:04","date_gmt":"2021-01-04T12:10:04","guid":{"rendered":"https:\/\/www.turbocar.cz\/nezavazna-poptavka\/"},"modified":"2021-03-12T13:13:21","modified_gmt":"2021-03-12T12:13:21","slug":"%d0%b7%d0%b0%d0%bf%d1%80%d0%be%d1%81","status":"publish","type":"page","link":"https:\/\/www.turbocar.cz\/ru\/%d0%b7%d0%b0%d0%bf%d1%80%d0%be%d1%81\/","title":{"rendered":"\u0417\u0430\u043f\u0440\u043e\u0441"},"content":{"rendered":"<div class=\"wpb-content-wrapper\"><p>[vc_row css=&#8221;.vc_custom_1465589432702{padding-top: 50px !important;}&#8221;][vc_column width=&#8221;1\/4&#8243;][\/vc_column][vc_column width=&#8221;1\/2&#8243;][vc_column_text]<\/p>\n<h4>\u041d\u0430 \u0432\u0441\u0435 \u0412\u0430\u0448\u0438 \u0432\u043e\u043f\u0440\u043e\u0441\u044b, \u0437\u0430\u043c\u0435\u0447\u0430\u043d\u0438\u044f \u0438 \u0437\u0430\u043a\u0430\u0437\u044b, \u043c\u044b \u043f\u043e\u0434\u0433\u043e\u0442\u043e\u0432\u0438\u043b\u0438 \u0434\u043b\u044f \u0412\u0430\u0441 \u043d\u0430\u0448\u0443 \u0431\u044b\u0441\u0442\u0440\u0443\u044e \u043a\u043e\u043d\u0442\u0430\u043a\u0442\u043d\u0443\u044e \u0444\u043e\u0440\u043c\u0443. \u041f\u043e\u0441\u043b\u0435 \u043f\u043e\u043b\u0443\u0447\u0435\u043d\u0438\u044f \u0432\u0430\u0448\u0435\u0433\u043e \u0432\u043e\u043f\u0440\u043e\u0441\u0430, \u043c\u044b \u043d\u0435\u043c\u0435\u0434\u043b\u0435\u043d\u043d\u043e \u043e\u0431\u0440\u0430\u0431\u043e\u0442\u0430\u0435\u043c \u0435\u0433\u043e, \u0430 \u0437\u0430\u0442\u0435\u043c \u043f\u043e\u0441\u0442\u0430\u0440\u0430\u0435\u043c\u0441\u044f \u043e\u0442\u0432\u0435\u0442\u0438\u0442\u044c \u043a\u0430\u043a \u043c\u043e\u0436\u043d\u043e \u0441\u043a\u043e\u0440\u0435\u0435.<\/h4>\n<p>\u0421\u043c\u0435\u043b\u043e \u043e\u0431\u0440\u0430\u0449\u0430\u0439\u0442\u0435\u0441\u044c \u043a \u043d\u0430\u043c.[\/vc_column_text][\/vc_column][vc_column width=&#8221;1\/4&#8243;][\/vc_column][\/vc_row][vc_row][vc_column width=&#8221;1\/4&#8243;][\/vc_column][vc_column width=&#8221;1\/2&#8243;]\n<div class=\"wpcf7 no-js\" id=\"wpcf7-f3481-o1\" lang=\"ru-RU\" dir=\"ltr\" data-wpcf7-id=\"3481\">\n<div class=\"screen-reader-response\"><p role=\"status\" aria-live=\"polite\" aria-atomic=\"true\"><\/p> <ul><\/ul><\/div>\n<form action=\"\/ru\/wp-json\/wp\/v2\/pages\/3285#wpcf7-f3481-o1\" method=\"post\" class=\"wpcf7-form init\" aria-label=\"\u041a\u043e\u043d\u0442\u0430\u043a\u0442\u043d\u0430\u044f \u0444\u043e\u0440\u043c\u0430\" novalidate=\"novalidate\" data-status=\"init\">\n<fieldset class=\"hidden-fields-container\"><input type=\"hidden\" name=\"_wpcf7\" value=\"3481\" \/><input type=\"hidden\" name=\"_wpcf7_version\" value=\"6.1.5\" \/><input type=\"hidden\" name=\"_wpcf7_locale\" value=\"ru_RU\" \/><input type=\"hidden\" name=\"_wpcf7_unit_tag\" value=\"wpcf7-f3481-o1\" \/><input type=\"hidden\" name=\"_wpcf7_container_post\" value=\"0\" \/><input type=\"hidden\" name=\"_wpcf7_posted_data_hash\" value=\"\" \/><input type=\"hidden\" name=\"_wpcf7_recaptcha_response\" value=\"\" \/>\n<\/fieldset>\n<div class=\"column one-second\">\n\t<p><span class=\"wpcf7-form-control-wrap\" data-name=\"your-name\"><input size=\"40\" maxlength=\"400\" class=\"wpcf7-form-control wpcf7-text wpcf7-validates-as-required\" aria-required=\"true\" aria-invalid=\"false\" placeholder=\"\u0418\u043c\u044f*\" value=\"\" type=\"text\" name=\"your-name\" \/><\/span>\n\t<\/p>\n<\/div>\n<div class=\"column one-second\">\n\t<p><span class=\"wpcf7-form-control-wrap\" data-name=\"email\"><input size=\"40\" maxlength=\"400\" class=\"wpcf7-form-control wpcf7-email wpcf7-validates-as-required wpcf7-text wpcf7-validates-as-email required\" aria-required=\"true\" aria-invalid=\"false\" placeholder=\"\u042d\u043b. \u043f\u043e\u0447\u0442\u0430*\" value=\"\" type=\"email\" name=\"email\" \/><\/span>\n\t<\/p>\n<\/div>\n<div class=\"column one-second\">\n\t<p><span class=\"wpcf7-form-control-wrap\" data-name=\"phone\"><input size=\"40\" maxlength=\"400\" class=\"wpcf7-form-control wpcf7-tel wpcf7-validates-as-required wpcf7-text wpcf7-validates-as-tel required\" aria-required=\"true\" aria-invalid=\"false\" placeholder=\"\u0422\u0435\u043b\u0435\u0444\u043e\u043d*\" value=\"\" type=\"tel\" name=\"phone\" \/><\/span>\n\t<\/p>\n<\/div>\n<div class=\"column one-second\">\n\t<p><span class=\"wpcf7-form-control-wrap\" data-name=\"mobile\"><input size=\"40\" maxlength=\"400\" class=\"wpcf7-form-control wpcf7-tel wpcf7-validates-as-required wpcf7-text wpcf7-validates-as-tel\" aria-required=\"true\" aria-invalid=\"false\" placeholder=\"\u041c\u043e\u0431\u0438\u043b\u044c\u043d\u044b\u0439\" value=\"\" type=\"tel\" name=\"mobile\" \/><\/span>\n\t<\/p>\n<\/div>\n<div class=\"column one-third\">\n\t<p><span class=\"wpcf7-form-control-wrap\" data-name=\"street\"><input size=\"40\" maxlength=\"400\" class=\"wpcf7-form-control wpcf7-text required\" aria-invalid=\"false\" placeholder=\"\u041d\u043e\u043c\u0435\u0440 \u0443\u043b\u0438\u0446\u044b\" value=\"\" type=\"text\" name=\"street\" \/><\/span>\n\t<\/p>\n<\/div>\n<div class=\"column one-third\">\n\t<p><span class=\"wpcf7-form-control-wrap\" data-name=\"city\"><input size=\"40\" maxlength=\"400\" class=\"wpcf7-form-control wpcf7-text required\" aria-invalid=\"false\" placeholder=\"\u0433\u043e\u0440\u043e\u0434\" value=\"\" type=\"text\" name=\"city\" \/><\/span>\n\t<\/p>\n<\/div>\n<div class=\"column one-third\">\n\t<p><span class=\"wpcf7-form-control-wrap\" data-name=\"zip\"><input class=\"wpcf7-form-control wpcf7-number wpcf7-validates-as-number required\" aria-invalid=\"false\" placeholder=\"\u043f\u043e\u0447\u0442\u043e\u0432\u044b\u0439 \u0438\u043d\u0434\u0435\u043a\u0441\" value=\"\" type=\"number\" name=\"zip\" \/><\/span>\n\t<\/p>\n<\/div>\n<div class=\"column one\">\n\t<p><span class=\"wpcf7-form-control-wrap\" data-name=\"message\"><textarea cols=\"40\" rows=\"4\" maxlength=\"2000\" class=\"wpcf7-form-control wpcf7-textarea wpcf7-validates-as-required\" aria-required=\"true\" aria-invalid=\"false\" placeholder=\"\u0417\u0430\u043f\u0440\u043e\u0441 *\" name=\"message\"><\/textarea><\/span>\n\t<\/p>\n<\/div>\n<div class=\"column one\">\n\t<p><span class=\"wpcf7-form-control-wrap wpgdprc\"><span class=\"wpcf7-form-control wpcf7-wpgdprc wpcf7-validates-as-required\"><span class=\"wpcf7-list-item\"><input type=\"checkbox\" name=\"wpgdprc\" value=\"1\" aria-required=\"true\" aria-invalid=\"false\" \/><span class=\"wpcf7-list-item-label\">\u0414\u0430\u044e \u0441\u043e\u0433\u043b\u0430\u0441\u0438\u0435 \u043d\u0430 \u043e\u0431\u0440\u0430\u0431\u043e\u0442\u043a\u0443 \u043f\u0435\u0440\u0441\u043e\u043d\u0430\u043b\u044c\u043d\u044b\u0445 \u0434\u0430\u043d\u043d\u044b\u0445<\/span><\/span><\/span>    <\/span>\n\t<\/p>\n\t<p><a href=\"\/ru\/\u0437\u0430\u0449\u0438\u0442\u0430-\u043b\u0438\u0447\u043d\u044b\u0445-\u0434\u0430\u043d\u043d\u044b\u0445\/\" target=\"_blank\" rel=\"noopener\">\u041a\u0430\u043a \u043c\u044b \u043e\u0431\u0440\u0430\u0431\u0430\u0442\u044b\u0432\u0430\u0435\u043c \u043b\u0438\u0447\u043d\u044b\u0435 \u0434\u0430\u043d\u043d\u044b\u0435?<\/a><br \/>\n<input class=\"wpcf7-form-control wpcf7-submit has-spinner\" type=\"submit\" value=\"\u041e\u0422\u041f\u0420\u0410\u0412\u0418\u0422\u042c \u0424\u041e\u0420\u041c\u0423\" \/>\n\t<\/p>\n<\/div><div class=\"wpcf7-response-output\" aria-hidden=\"true\"><\/div>\n<\/form>\n<\/div>\n[\/vc_column][vc_column width=&#8221;1\/4&#8243;][\/vc_column][\/vc_row][vc_row css=&#8221;.vc_custom_1465589432702{padding-top: 50px !important;}&#8221;][vc_column width=&#8221;1\/4&#8243;][\/vc_column][vc_column width=&#8221;1\/2&#8243;][vc_column_text]<\/p>\n<h4><em><strong>\u043f\u043e\u043b\u0438\u0442\u0438\u043a\u0430 \u043a\u043e\u043d\u0444\u0438\u0434\u0435\u043d\u0446\u0438\u0430\u043b\u044c\u043d\u043e\u0441\u0442\u0438:<\/strong><\/em><\/h4>\n<p><em>\u0427\u0442\u043e\u0431\u044b \u043d\u0430\u0448 \u0441\u0430\u0439\u0442 \u0440\u0430\u0431\u043e\u0442\u0430\u043b \u043d\u043e\u0440\u043c\u0430\u043b\u044c\u043d\u043e, \u043d\u0430\u043c \u043d\u0435\u043e\u0431\u0445\u043e\u0434\u0438\u043c\u043e \u043e\u0431\u0440\u0430\u0431\u043e\u0442\u0430\u0442\u044c \u0447\u0430\u0441\u0442\u044c \u0432\u0430\u0448\u0435\u0439 \u043b\u0438\u0447\u043d\u043e\u0439 \u0438\u043d\u0444\u043e\u0440\u043c\u0430\u0446\u0438\u0438. \u0421\u0432\u044f\u0437\u0430\u0442\u044c\u0441\u044f \u0441 \u0430\u0434\u043c\u0438\u043d\u0438\u0441\u0442\u0440\u0430\u0442\u043e\u0440\u043e\u043c \u043f\u0435\u0440\u0441\u043e\u043d\u0430\u043b\u044c\u043d\u044b\u0445 \u0434\u0430\u043d\u043d\u044b\u0445 \u043c\u043e\u0436\u043d\u043e \u043f\u043e \u0442\u0435\u043b\u0435\u0444\u043e\u043d\u0443: <\/em>+420 566 531 246 <em>\u0438\u043b\u0438 \u0436\u0435 <\/em><a href=\"mailto:turbocar@www.turbocar.cz\">turbocar@turbocar.cz.<\/a><\/p>\n<p>\u041c\u044b \u043e\u0431\u0440\u0430\u0431\u0430\u0442\u044b\u0432\u0430\u0435\u043c \u0432\u0430\u0448\u0438 \u043f\u0435\u0440\u0441\u043e\u043d\u0430\u043b\u044c\u043d\u044b\u0435 \u0434\u0430\u043d\u043d\u044b\u0435 \u0432 \u0441\u043b\u0435\u0434\u0443\u044e\u0449\u0438\u0445 \u0446\u0435\u043b\u044f\u0445:<\/p>\n<ul>\n<li>\u041e\u0431\u0440\u0430\u0431\u043e\u0442\u043a\u0430 \u0437\u0430\u043a\u0430\u0437\u043e\u0432 \u0438 \u0440\u0430\u0437\u0440\u0435\u0448\u0435\u043d\u0438\u0435 \u043b\u044e\u0431\u044b\u0445 \u0436\u0430\u043b\u043e\u0431.<\/li>\n<li>\u0427\u0442\u043e\u0431\u044b \u0438\u043c\u0435\u0442\u044c \u0432\u043e\u0437\u043c\u043e\u0436\u043d\u043e\u0441\u0442\u044c \u043e\u0442\u043f\u0440\u0430\u0432\u043b\u044f\u0442\u044c \u0432\u0430\u043c \u0437\u0430\u043a\u0430\u0437\u044b \u0438 \u043e\u0431\u0435\u0441\u043f\u0435\u0447\u0438\u0432\u0430\u0442\u044c \u044d\u0444\u0444\u0435\u043a\u0442\u0438\u0432\u043d\u043e\u0435 \u0440\u0435\u0448\u0435\u043d\u0438\u0435 \u043b\u044e\u0431\u044b\u0445 \u0437\u0430\u043f\u0440\u043e\u0441\u043e\u0432 \u0438 \u0436\u0430\u043b\u043e\u0431, \u043c\u044b \u043e\u0431\u0440\u0430\u0431\u0430\u0442\u044b\u0432\u0430\u0435\u043c \u0432\u0430\u0448\u0435 \u0438\u043c\u044f \u0438 \u0444\u0430\u043c\u0438\u043b\u0438\u044e, \u0430\u0434\u0440\u0435\u0441 \u0434\u043e\u0441\u0442\u0430\u0432\u043a\u0438, \u044d\u043b\u0435\u043a\u0442\u0440\u043e\u043d\u043d\u0443\u044e \u043f\u043e\u0447\u0442\u0443, \u043d\u043e\u043c\u0435\u0440 \u0442\u0435\u043b\u0435\u0444\u043e\u043d\u0430, \u043d\u043e\u043c\u0435\u0440 \u0431\u0430\u043d\u043a\u043e\u0432\u0441\u043a\u043e\u0433\u043e \u0441\u0447\u0435\u0442\u0430, \u0437\u0430\u043a\u0430\u0437\u0430\u043d\u043d\u044b\u0435 \u0442\u043e\u0432\u0430\u0440\u044b \u0438 \u0438\u0445 \u0446\u0435\u043d\u0443.<\/li>\n<li>\u042e\u0440\u0438\u0434\u0438\u0447\u0435\u0441\u043a\u043e\u0439 \u043f\u0440\u0438\u0447\u0438\u043d\u043e\u0439 \u0442\u0430\u043a\u043e\u0439 \u043e\u0431\u0440\u0430\u0431\u043e\u0442\u043a\u0438 \u044f\u0432\u043b\u044f\u0435\u0442\u0441\u044f \u0432\u044b\u043f\u043e\u043b\u043d\u0435\u043d\u0438\u0435 \u043a\u043e\u043d\u0442\u0440\u0430\u043a\u0442\u0430. \u041c\u044b \u043e\u0431\u0440\u0430\u0431\u0430\u0442\u044b\u0432\u0430\u0435\u043c \u0443\u043a\u0430\u0437\u0430\u043d\u043d\u044b\u0435 \u043f\u0435\u0440\u0441\u043e\u043d\u0430\u043b\u044c\u043d\u044b\u0435 \u0434\u0430\u043d\u043d\u044b\u0435 \u0434\u043b\u044f \u044d\u0442\u043e\u0439 \u0446\u0435\u043b\u0438 \u0432 \u0442\u0435\u0447\u0435\u043d\u0438\u0435 \u0433\u0430\u0440\u0430\u043d\u0442\u0438\u0439\u043d\u043e\u0433\u043e \u0441\u0440\u043e\u043a\u0430.<\/li>\n<\/ul>\n<p>[\/vc_column_text][\/vc_column][vc_column width=&#8221;1\/4&#8243;][\/vc_column][\/vc_row]<\/p>\n<\/div>","protected":false},"excerpt":{"rendered":"<p>[vc_row css=&#8221;.vc_custom_1465589432702{padding-top: 50px !important;}&#8221;][vc_column width=&#8221;1\/4&#8243;][\/vc_column][vc_column width=&#8221;1\/2&#8243;][vc_column_text] \u041d\u0430 \u0432\u0441\u0435 \u0412\u0430\u0448\u0438 \u0432\u043e\u043f\u0440\u043e\u0441\u044b, \u0437\u0430\u043c\u0435\u0447\u0430\u043d\u0438\u044f \u0438 \u0437\u0430\u043a\u0430\u0437\u044b, \u043c\u044b \u043f\u043e\u0434\u0433\u043e\u0442\u043e\u0432\u0438\u043b\u0438 \u0434\u043b\u044f \u0412\u0430\u0441 \u043d\u0430\u0448\u0443 \u0431\u044b\u0441\u0442\u0440\u0443\u044e \u043a\u043e\u043d\u0442\u0430\u043a\u0442\u043d\u0443\u044e \u0444\u043e\u0440\u043c\u0443. \u041f\u043e\u0441\u043b\u0435 \u043f\u043e\u043b\u0443\u0447\u0435\u043d\u0438\u044f \u0432\u0430\u0448\u0435\u0433\u043e \u0432\u043e\u043f\u0440\u043e\u0441\u0430, \u043c\u044b<span class=\"excerpt-hellip\"> [\u2026]<\/span><\/p>\n","protected":false},"author":1,"featured_media":0,"parent":0,"menu_order":0,"comment_status":"closed","ping_status":"closed","template":"","meta":{"footnotes":""},"class_list":["post-3285","page","type-page","status-publish","hentry"],"yoast_head":"<title>\u0417\u0430\u043f\u0440\u043e\u0441 - TurboCar<\/title>\n<meta name=\"robots\" content=\"index, follow, max-snippet:-1, max-image-preview:large, max-video-preview:-1\" \/>\n<link rel=\"canonical\" href=\"https:\/\/www.turbocar.cz\/ru\/\u0437\u0430\u043f\u0440\u043e\u0441\/\" \/>\n<meta property=\"og:locale\" content=\"ru_RU\" \/>\n<meta property=\"og:type\" content=\"article\" \/>\n<meta property=\"og:title\" content=\"\u0417\u0430\u043f\u0440\u043e\u0441 - TurboCar\" \/>\n<meta property=\"og:description\" content=\"[vc_row css=&#8221;.vc_custom_1465589432702{padding-top: 50px !important;}&#8221;][vc_column width=&#8221;1\/4&#8243;][\/vc_column][vc_column width=&#8221;1\/2&#8243;][vc_column_text] \u041d\u0430 \u0432\u0441\u0435 \u0412\u0430\u0448\u0438 \u0432\u043e\u043f\u0440\u043e\u0441\u044b, \u0437\u0430\u043c\u0435\u0447\u0430\u043d\u0438\u044f \u0438 \u0437\u0430\u043a\u0430\u0437\u044b, \u043c\u044b \u043f\u043e\u0434\u0433\u043e\u0442\u043e\u0432\u0438\u043b\u0438 \u0434\u043b\u044f \u0412\u0430\u0441 \u043d\u0430\u0448\u0443 \u0431\u044b\u0441\u0442\u0440\u0443\u044e \u043a\u043e\u043d\u0442\u0430\u043a\u0442\u043d\u0443\u044e \u0444\u043e\u0440\u043c\u0443. \u041f\u043e\u0441\u043b\u0435 \u043f\u043e\u043b\u0443\u0447\u0435\u043d\u0438\u044f \u0432\u0430\u0448\u0435\u0433\u043e \u0432\u043e\u043f\u0440\u043e\u0441\u0430, \u043c\u044b [\u2026]\" \/>\n<meta property=\"og:url\" content=\"https:\/\/www.turbocar.cz\/ru\/\u0437\u0430\u043f\u0440\u043e\u0441\/\" \/>\n<meta property=\"og:site_name\" content=\"TurboCar\" \/>\n<meta property=\"article:modified_time\" content=\"2021-03-12T12:13:21+00:00\" \/>\n<meta name=\"twitter:card\" content=\"summary_large_image\" \/>\n<meta name=\"twitter:label1\" content=\"\u041f\u0440\u0438\u043c\u0435\u0440\u043d\u043e\u0435 \u0432\u0440\u0435\u043c\u044f \u0434\u043b\u044f \u0447\u0442\u0435\u043d\u0438\u044f\" \/>\n\t<meta name=\"twitter:data1\" content=\"1 \u043c\u0438\u043d\u0443\u0442\u0430\" \/>\n<script type=\"application\/ld+json\" class=\"yoast-schema-graph\">{\"@context\":\"https:\/\/schema.org\",\"@graph\":[{\"@type\":\"WebPage\",\"@id\":\"https:\/\/www.turbocar.cz\/ru\/%d0%b7%d0%b0%d0%bf%d1%80%d0%be%d1%81\/\",\"url\":\"https:\/\/www.turbocar.cz\/ru\/%d0%b7%d0%b0%d0%bf%d1%80%d0%be%d1%81\/\",\"name\":\"\u0417\u0430\u043f\u0440\u043e\u0441 - TurboCar\",\"isPartOf\":{\"@id\":\"https:\/\/www.turbocar.cz\/#website\"},\"datePublished\":\"2021-01-04T12:10:04+00:00\",\"dateModified\":\"2021-03-12T12:13:21+00:00\",\"breadcrumb\":{\"@id\":\"https:\/\/www.turbocar.cz\/ru\/%d0%b7%d0%b0%d0%bf%d1%80%d0%be%d1%81\/#breadcrumb\"},\"inLanguage\":\"ru-RU\",\"potentialAction\":[{\"@type\":\"ReadAction\",\"target\":[\"https:\/\/www.turbocar.cz\/ru\/%d0%b7%d0%b0%d0%bf%d1%80%d0%be%d1%81\/\"]}]},{\"@type\":\"BreadcrumbList\",\"@id\":\"https:\/\/www.turbocar.cz\/ru\/%d0%b7%d0%b0%d0%bf%d1%80%d0%be%d1%81\/#breadcrumb\",\"itemListElement\":[{\"@type\":\"ListItem\",\"position\":1,\"name\":\"\u0414\u043e\u043c\u0430\",\"item\":\"https:\/\/www.turbocar.cz\/ru\/\"},{\"@type\":\"ListItem\",\"position\":2,\"name\":\"\u0417\u0430\u043f\u0440\u043e\u0441\"}]},{\"@type\":\"WebSite\",\"@id\":\"https:\/\/www.turbocar.cz\/#website\",\"url\":\"https:\/\/www.turbocar.cz\/\",\"name\":\"TurboCar\",\"description\":\"TurboCar, s.r.o. je nejv\u011bt\u0161\u00ed autorizovan\u00fd servis turbodmychadel v \u010cR. Nab\u00edz\u00edme tak\u00e9 prodej turbodmychadel v\u0161ech typ\u016f pro osobn\u00ed, n\u00e1kladn\u00ed a dr\u00e1\u017en\u00ed vozidla.\",\"potentialAction\":[{\"@type\":\"SearchAction\",\"target\":{\"@type\":\"EntryPoint\",\"urlTemplate\":\"https:\/\/www.turbocar.cz\/?s={search_term_string}\"},\"query-input\":{\"@type\":\"PropertyValueSpecification\",\"valueRequired\":true,\"valueName\":\"search_term_string\"}}],\"inLanguage\":\"ru-RU\"}]}<\/script>","yoast_head_json":{"title":"\u0417\u0430\u043f\u0440\u043e\u0441 - TurboCar","robots":{"index":"index","follow":"follow","max-snippet":"max-snippet:-1","max-image-preview":"max-image-preview:large","max-video-preview":"max-video-preview:-1"},"canonical":"https:\/\/www.turbocar.cz\/ru\/\u0437\u0430\u043f\u0440\u043e\u0441\/","og_locale":"ru_RU","og_type":"article","og_title":"\u0417\u0430\u043f\u0440\u043e\u0441 - TurboCar","og_description":"[vc_row css=&#8221;.vc_custom_1465589432702{padding-top: 50px !important;}&#8221;][vc_column width=&#8221;1\/4&#8243;][\/vc_column][vc_column width=&#8221;1\/2&#8243;][vc_column_text] \u041d\u0430 \u0432\u0441\u0435 \u0412\u0430\u0448\u0438 \u0432\u043e\u043f\u0440\u043e\u0441\u044b, \u0437\u0430\u043c\u0435\u0447\u0430\u043d\u0438\u044f \u0438 \u0437\u0430\u043a\u0430\u0437\u044b, \u043c\u044b \u043f\u043e\u0434\u0433\u043e\u0442\u043e\u0432\u0438\u043b\u0438 \u0434\u043b\u044f \u0412\u0430\u0441 \u043d\u0430\u0448\u0443 \u0431\u044b\u0441\u0442\u0440\u0443\u044e \u043a\u043e\u043d\u0442\u0430\u043a\u0442\u043d\u0443\u044e \u0444\u043e\u0440\u043c\u0443. \u041f\u043e\u0441\u043b\u0435 \u043f\u043e\u043b\u0443\u0447\u0435\u043d\u0438\u044f \u0432\u0430\u0448\u0435\u0433\u043e \u0432\u043e\u043f\u0440\u043e\u0441\u0430, \u043c\u044b [\u2026]","og_url":"https:\/\/www.turbocar.cz\/ru\/\u0437\u0430\u043f\u0440\u043e\u0441\/","og_site_name":"TurboCar","article_modified_time":"2021-03-12T12:13:21+00:00","twitter_card":"summary_large_image","twitter_misc":{"\u041f\u0440\u0438\u043c\u0435\u0440\u043d\u043e\u0435 \u0432\u0440\u0435\u043c\u044f \u0434\u043b\u044f \u0447\u0442\u0435\u043d\u0438\u044f":"1 \u043c\u0438\u043d\u0443\u0442\u0430"},"schema":{"@context":"https:\/\/schema.org","@graph":[{"@type":"WebPage","@id":"https:\/\/www.turbocar.cz\/ru\/%d0%b7%d0%b0%d0%bf%d1%80%d0%be%d1%81\/","url":"https:\/\/www.turbocar.cz\/ru\/%d0%b7%d0%b0%d0%bf%d1%80%d0%be%d1%81\/","name":"\u0417\u0430\u043f\u0440\u043e\u0441 - TurboCar","isPartOf":{"@id":"https:\/\/www.turbocar.cz\/#website"},"datePublished":"2021-01-04T12:10:04+00:00","dateModified":"2021-03-12T12:13:21+00:00","breadcrumb":{"@id":"https:\/\/www.turbocar.cz\/ru\/%d0%b7%d0%b0%d0%bf%d1%80%d0%be%d1%81\/#breadcrumb"},"inLanguage":"ru-RU","potentialAction":[{"@type":"ReadAction","target":["https:\/\/www.turbocar.cz\/ru\/%d0%b7%d0%b0%d0%bf%d1%80%d0%be%d1%81\/"]}]},{"@type":"BreadcrumbList","@id":"https:\/\/www.turbocar.cz\/ru\/%d0%b7%d0%b0%d0%bf%d1%80%d0%be%d1%81\/#breadcrumb","itemListElement":[{"@type":"ListItem","position":1,"name":"\u0414\u043e\u043c\u0430","item":"https:\/\/www.turbocar.cz\/ru\/"},{"@type":"ListItem","position":2,"name":"\u0417\u0430\u043f\u0440\u043e\u0441"}]},{"@type":"WebSite","@id":"https:\/\/www.turbocar.cz\/#website","url":"https:\/\/www.turbocar.cz\/","name":"TurboCar","description":"TurboCar, s.r.o. je nejv\u011bt\u0161\u00ed autorizovan\u00fd servis turbodmychadel v \u010cR. Nab\u00edz\u00edme tak\u00e9 prodej turbodmychadel v\u0161ech typ\u016f pro osobn\u00ed, n\u00e1kladn\u00ed a dr\u00e1\u017en\u00ed vozidla.","potentialAction":[{"@type":"SearchAction","target":{"@type":"EntryPoint","urlTemplate":"https:\/\/www.turbocar.cz\/?s={search_term_string}"},"query-input":{"@type":"PropertyValueSpecification","valueRequired":true,"valueName":"search_term_string"}}],"inLanguage":"ru-RU"}]}},"_links":{"self":[{"href":"https:\/\/www.turbocar.cz\/ru\/wp-json\/wp\/v2\/pages\/3285","targetHints":{"allow":["GET"]}}],"collection":[{"href":"https:\/\/www.turbocar.cz\/ru\/wp-json\/wp\/v2\/pages"}],"about":[{"href":"https:\/\/www.turbocar.cz\/ru\/wp-json\/wp\/v2\/types\/page"}],"author":[{"embeddable":true,"href":"https:\/\/www.turbocar.cz\/ru\/wp-json\/wp\/v2\/users\/1"}],"replies":[{"embeddable":true,"href":"https:\/\/www.turbocar.cz\/ru\/wp-json\/wp\/v2\/comments?post=3285"}],"version-history":[{"count":11,"href":"https:\/\/www.turbocar.cz\/ru\/wp-json\/wp\/v2\/pages\/3285\/revisions"}],"predecessor-version":[{"id":3647,"href":"https:\/\/www.turbocar.cz\/ru\/wp-json\/wp\/v2\/pages\/3285\/revisions\/3647"}],"wp:attachment":[{"href":"https:\/\/www.turbocar.cz\/ru\/wp-json\/wp\/v2\/media?parent=3285"}],"curies":[{"name":"wp","href":"https:\/\/api.w.org\/{rel}","templated":true}]}}