{"id":3231,"date":"2021-01-04T12:42:39","date_gmt":"2021-01-04T11:42:39","guid":{"rendered":"https:\/\/www.turbocar.cz\/servis-a-opravy-velkych-turbodmychadel\/"},"modified":"2021-01-21T11:46:44","modified_gmt":"2021-01-21T10:46:44","slug":"%d0%be%d0%b1%d1%81%d0%bb%d1%83%d0%b6%d0%b8%d0%b2%d0%b0%d0%bd%d0%b8%d0%b5-%d0%b1%d0%be%d0%bb%d1%8c%d1%88%d0%b8%d1%85-%d1%82%d1%83%d1%80%d0%b1%d0%be%d0%ba%d0%be%d0%bc%d0%bf%d1%80%d0%b5%d1%81%d1%81%d0%be","status":"publish","type":"page","link":"https:\/\/www.turbocar.cz\/ru\/%d0%be%d0%b1%d1%81%d0%bb%d1%83%d0%b6%d0%b8%d0%b2%d0%b0%d0%bd%d0%b8%d0%b5-%d0%b1%d0%be%d0%bb%d1%8c%d1%88%d0%b8%d1%85-%d1%82%d1%83%d1%80%d0%b1%d0%be%d0%ba%d0%be%d0%bc%d0%bf%d1%80%d0%b5%d1%81%d1%81%d0%be\/","title":{"rendered":"\u041e\u0431\u0441\u043b\u0443\u0436\u0438\u0432\u0430\u043d\u0438\u0435 \u0431\u043e\u043b\u044c\u0448\u0438\u0445 \u0442\u0443\u0440\u0431\u043e\u043a\u043e\u043c\u043f\u0440\u0435\u0441\u0441\u043e\u0440\u043e\u0432"},"content":{"rendered":"<div class=\"wpb-content-wrapper\"><p>[vc_row][vc_column css=&#8221;.vc_custom_1609759399986{padding-top: 60px !important;}&#8221;][vc_column_text]<\/p>\n<h4 style=\"text-align: center\">\u041c\u044b \u044f\u0432\u043b\u044f\u0435\u043c\u0441\u044f \u0435\u0434\u0438\u043d\u0441\u0442\u0432\u0435\u043d\u043d\u044b\u043c \u0430\u0432\u0442\u043e\u0440\u0438\u0437\u043e\u0432\u0430\u043d\u043d\u044b\u043c \u0441\u0435\u0440\u0432\u0438\u0441\u043d\u044b\u043c \u0446\u0435\u043d\u0442\u0440\u043e\u043c \u0434\u043b\u044f \u043a\u0440\u0443\u043f\u043d\u044b\u0445 \u0442\u0443\u0440\u0431\u043e\u043a\u043e\u043c\u043f\u0440\u0435\u0441\u0441\u043e\u0440\u043e\u0432 PBST \u0432 \u0427\u0435\u0448\u043a\u043e\u0439 \u0438 \u0421\u043b\u043e\u0432\u0430\u0446\u043a\u043e\u0439 \u0440\u0435\u0441\u043f\u0443\u0431\u043b\u0438\u043a\u0435.<\/h4>\n<h4 style=\"text-align: center\">\u0422\u0443\u0440\u0431\u043e\u043d\u0430\u0433\u043d\u0435\u0442\u0430\u0442\u0435\u043b\u0438 PBST \u043f\u0440\u0435\u0434\u043b\u0430\u0433\u0430\u0435\u043c \u043f\u043e \u0441\u0438\u0441\u0442\u0435\u043c\u0435 \u043e\u0431\u043c\u0435\u043d\u0430.<\/h4>\n<p>[\/vc_column_text][vc_column_text]<\/p>\n<p style=\"text-align: center\">\u041c\u044b \u0434\u0435\u043b\u0430\u0435\u043c \u0440\u0435\u043c\u043e\u043d\u0442 \u0433\u043b\u0430\u0432\u043d\u044b\u043c \u043e\u0431\u0440\u0430\u0437\u043e\u043c \u044d\u0442\u0438\u0445 \u0442\u0443\u0440\u0431\u043e\u043a\u043e\u043c\u043f\u0440\u0435\u0441\u0441\u043e\u0440\u043e\u0432:<\/p>\n<p style=\"text-align: center\">NR17, NR20, TCR12, TCR14, TCR16, TCR18,\u00a0PDH16, PDH25ZV, PDH35ZV, PDH50V, PDH50ZV, PDH70ZV, PTD230AH, PTD280AH, PTD281, PTR180&#8230;<\/p>\n<p>[\/vc_column_text][\/vc_column][\/vc_row][vc_row][vc_column width=&#8221;1\/2&#8243;][vc_column_text css=&#8221;.vc_custom_1610093801993{padding-top: 80px !important;}&#8221;]<\/p>\n<h3>\u041e\u0440\u0438\u0433\u0438\u043d\u0430\u043b\u044c\u043d\u044b\u0435 \u0437\u0430\u043f\u0447\u0430\u0441\u0442\u0438 \u0438 \u043e\u0440\u0438\u0433\u0438\u043d\u0430\u043b\u044c\u043d\u043e\u0435 \u043e\u0431\u0441\u043b\u0443\u0436\u0438\u0432\u0430\u043d\u0438\u0435<\/h3>\n<ul>\n<li>\u041c\u044b \u0438\u0441\u043f\u043e\u043b\u044c\u0437\u0443\u0435\u043c \u043e\u0440\u0438\u0433\u0438\u043d\u0430\u043b\u044c\u043d\u044b\u0435 \u0437\u0430\u043f\u0447\u0430\u0441\u0442\u0438 \u043e\u0442 \u043f\u0440\u043e\u0438\u0437\u0432\u043e\u0434\u0438\u0442\u0435\u043b\u044f \u0442\u0443\u0440\u0431\u043e\u043d\u0430\u0433\u043d\u0435\u0442\u0430\u0442\u0435\u043b\u044f PBS Turbo.<\/li>\n<li>\u0421\u043a\u0438\u0434\u043a\u0438 \u043d\u0430 \u0434\u043e\u043b\u0433\u043e\u0441\u0440\u043e\u0447\u043d\u043e\u0435 \u0441\u043e\u0442\u0440\u0443\u0434\u043d\u0438\u0447\u0435\u0441\u0442\u0432\u043e.<\/li>\n<li>\u041f\u043e\u043b\u043d\u044b\u0439 \u0442\u0443\u0440\u0431\u043e\u043d\u0430\u0434\u0434\u0443\u0432 \u0441\u043e\u0432\u0435\u0442.<\/li>\n<li>\u0412\u044b \u043c\u043e\u0436\u0435\u0442\u0435 \u0441\u044d\u043a\u043e\u043d\u043e\u043c\u0438\u0442\u044c \u043c\u043d\u043e\u0433\u043e \u0434\u0435\u043d\u0435\u0433, \u0438\u0441\u043f\u043e\u043b\u044c\u0437\u0443\u044f \u043d\u0430\u0448\u0438 \u043e\u0440\u0438\u0433\u0438\u043d\u0430\u043b\u044c\u043d\u044b\u0435 \u0432\u044b\u0441\u043e\u043a\u043e\u043a\u0430\u0447\u0435\u0441\u0442\u0432\u0435\u043d\u043d\u044b\u0435 \u0437\u0430\u043f\u0430\u0441\u043d\u044b\u0435 \u0447\u0430\u0441\u0442\u0438, \u043a\u043e\u0442\u043e\u0440\u044b\u0435 \u043f\u043e\u0437\u0432\u043e\u043b\u044f\u0442 \u0432\u0430\u043c \u0438\u0441\u043f\u043e\u043b\u044c\u0437\u043e\u0432\u0430\u0442\u044c \u0432\u0441\u0435 \u043f\u0440\u0435\u0438\u043c\u0443\u0449\u0435\u0441\u0442\u0432\u0430 \u0432\u0430\u0448\u0435\u0433\u043e \u0442\u0443\u0440\u0431\u043e\u043d\u0430\u0433\u043d\u0435\u0442\u0430\u0442\u0435\u043b\u044f.<\/li>\n<\/ul>\n<p>[\/vc_column_text][\/vc_column][vc_column width=&#8221;1\/2&#8243;][vc_single_image image=&#8221;2972&#8243; img_size=&#8221;full&#8221; onclick=&#8221;link_image&#8221;][\/vc_column][\/vc_row][vc_row][vc_column width=&#8221;1\/2&#8243;][vc_single_image image=&#8221;2976&#8243; img_size=&#8221;650&#215;588&#8243; alignment=&#8221;center&#8221; onclick=&#8221;link_image&#8221; css=&#8221;.vc_custom_1609761547295{padding-top: 50px !important;}&#8221;][\/vc_column][vc_column width=&#8221;1\/2&#8243;][vc_column_text css=&#8221;.vc_custom_1611226002012{padding-top: 50px !important;}&#8221;]<\/p>\n<h3>\u0422\u0443\u0440\u0431\u043e\u043d\u0430\u0433\u043d\u0435\u0442\u0430\u0442\u0435\u043b\u0438 \u0434\u043b\u044f GE Jenbacher<\/h3>\n<p>\u0422\u0430\u043a\u0436\u0435 \u043c\u044b \u043e\u0431\u0435\u0441\u043f\u0435\u0447\u0438\u0432\u0430\u0435\u043c \u0441\u0435\u0440\u0432\u0438\u0441\u043d\u043e\u0435 \u043e\u0431\u0441\u043b\u0443\u0436\u0438\u0432\u0430\u043d\u0438\u0435 \u0434\u043b\u044f \u0442\u0443\u0440\u0431\u043e\u043a\u043e\u043c\u043f\u0440\u0435\u0441\u0441\u043e\u0440\u043e\u0432 \u0434\u043b\u044f \u0434\u0432\u0438\u0433\u0430\u0442\u0435\u043b\u0435\u0439 GE Jenbacher . \u041c\u044b \u0441\u043f\u043e\u0441\u043e\u0431\u043d\u044b \u043e\u0431\u0435\u0441\u043f\u0435\u0447\u0438\u0442\u044c \u043e\u0431\u0441\u043b\u0443\u0436\u0438\u0432\u0430\u043d\u0438\u0435 \u0442\u0443\u0440\u0431\u043e\u043a\u043e\u043c\u043f\u0440\u0435\u0441\u0441\u043e\u0440\u043e\u0432\u00a0<span style=\"color: #0baf4d\">NR17, NR20 \u0434\u043b\u044f \u0434\u0432\u0438\u0433\u0430\u0442\u0435\u043b\u0435\u0439 Jenbacher GE\u00a0<\/span>\u0432 \u0441\u043b\u0435\u0434\u0443\u044e\u0449\u0438\u0445 \u0441\u0442\u0440\u0430\u043d\u0430\u0445 &#8211; \u0427\u0435\u0448\u0441\u043a\u0430\u044f \u0420\u0435\u0441\u043f\u0443\u0431\u043b\u0438\u043a\u0430, \u0421\u043b\u043e\u0432\u0430\u043a\u0438\u044f, \u0412\u0435\u043d\u0433\u0440\u0438\u044f, \u0413\u0435\u0440\u043c\u0430\u043d\u0438\u044f, \u0410\u0432\u0441\u0442\u0440\u0438\u044f, \u041b\u0438\u0442\u0432\u0430, \u0411\u0435\u043b\u043e\u0440\u0443\u0441\u0441\u0438\u044f, \u041c\u043e\u043b\u0434\u0430\u0432\u0438\u044f, \u0414\u0430\u043d\u0438\u044f, \u0421\u043b\u043e\u0432\u0435\u043d\u0438\u044f \u0438 \u0442.\u0434.[\/vc_column_text][\/vc_column][\/vc_row][vc_row css=&#8221;.vc_custom_1609833108607{padding-bottom: 30px !important;}&#8221;][vc_column width=&#8221;1\/2&#8243;][vc_column_text css=&#8221;.vc_custom_1610094038191{padding-top: 80px !important;}&#8221;]<\/p>\n<h3>\u0422\u0443\u0440\u0431\u043e\u043a\u043e\u043c\u043f\u0440\u0435\u0441\u0441\u043e\u0440\u044b ABB, KBB \u0438 Napier<\/h3>\n<p>\u041d\u0430\u0448\u0430 \u0441\u043f\u0435\u0446\u0438\u0430\u043b\u0438\u0437\u0430\u0446\u0438\u044f \u043e\u0445\u0432\u0430\u0442\u044b\u0432\u0430\u0435\u0442 \u0442\u0430\u043a\u0436\u0435 \u0442\u0443\u0440\u0431\u043e\u043a\u043e\u043c\u043f\u0440\u0435\u0441\u0441\u043e\u0440\u044b ABB, KBB \u0438 Napier, \u0438 \u0434.\u0440, \u043f\u0440\u0438\u0447\u0451\u043c \u0432 \u044d\u0442\u043e\u0439 \u043e\u0431\u043b\u0430\u0441\u0442\u0438 \u043c\u044b \u0443\u0436\u0435 \u043f\u0440\u043e\u0434\u043e\u043b\u0436\u0438\u0442\u0435\u043b\u044c\u043d\u043e\u0435 \u0432\u0440\u0435\u043c\u044f \u044f\u0432\u043b\u044f\u0435\u043c\u0441\u044f \u043e\u0434\u043d\u0438\u043c\u0438 \u0438\u0437 \u043b\u0443\u0447\u0448\u0438\u0445 \u043d\u0430 \u0435\u0432\u0440\u043e\u043f\u0435\u0439\u0441\u043a\u043e\u043c \u0440\u044b\u043d\u043a\u0435. KBB 4000, Napier 295<br \/>\n[\/vc_column_text][\/vc_column][vc_column width=&#8221;1\/2&#8243;][vc_single_image image=&#8221;2980&#8243; img_size=&#8221;full&#8221; onclick=&#8221;link_image&#8221; css=&#8221;.vc_custom_1609761444082{padding-top: 90px !important;}&#8221;][\/vc_column][\/vc_row]<\/p>\n<\/div>","protected":false},"excerpt":{"rendered":"<p>[vc_row][vc_column css=&#8221;.vc_custom_1609759399986{padding-top: 60px !important;}&#8221;][vc_column_text] \u041c\u044b \u044f\u0432\u043b\u044f\u0435\u043c\u0441\u044f \u0435\u0434\u0438\u043d\u0441\u0442\u0432\u0435\u043d\u043d\u044b\u043c \u0430\u0432\u0442\u043e\u0440\u0438\u0437\u043e\u0432\u0430\u043d\u043d\u044b\u043c \u0441\u0435\u0440\u0432\u0438\u0441\u043d\u044b\u043c \u0446\u0435\u043d\u0442\u0440\u043e\u043c \u0434\u043b\u044f \u043a\u0440\u0443\u043f\u043d\u044b\u0445 \u0442\u0443\u0440\u0431\u043e\u043a\u043e\u043c\u043f\u0440\u0435\u0441\u0441\u043e\u0440\u043e\u0432 PBST \u0432 \u0427\u0435\u0448\u043a\u043e\u0439 \u0438 \u0421\u043b\u043e\u0432\u0430\u0446\u043a\u043e\u0439 \u0440\u0435\u0441\u043f\u0443\u0431\u043b\u0438\u043a\u0435. \u0422\u0443\u0440\u0431\u043e\u043d\u0430\u0433\u043d\u0435\u0442\u0430\u0442\u0435\u043b\u0438 PBST \u043f\u0440\u0435\u0434\u043b\u0430\u0433\u0430\u0435\u043c \u043f\u043e \u0441\u0438\u0441\u0442\u0435\u043c\u0435 \u043e\u0431\u043c\u0435\u043d\u0430. [\/vc_column_text][vc_column_text]<span class=\"excerpt-hellip\"> [\u2026]<\/span><\/p>\n","protected":false},"author":2346,"featured_media":0,"parent":0,"menu_order":0,"comment_status":"closed","ping_status":"closed","template":"","meta":{"footnotes":""},"class_list":["post-3231","page","type-page","status-publish","hentry"],"yoast_head":"<title>\u041e\u0431\u0441\u043b\u0443\u0436\u0438\u0432\u0430\u043d\u0438\u0435 \u0431\u043e\u043b\u044c\u0448\u0438\u0445 \u0442\u0443\u0440\u0431\u043e\u043a\u043e\u043c\u043f\u0440\u0435\u0441\u0441\u043e\u0440\u043e\u0432 - TurboCar<\/title>\n<meta name=\"robots\" content=\"index, follow, max-snippet:-1, max-image-preview:large, max-video-preview:-1\" \/>\n<link rel=\"canonical\" href=\"https:\/\/www.turbocar.cz\/ru\/\u043e\u0431\u0441\u043b\u0443\u0436\u0438\u0432\u0430\u043d\u0438\u0435-\u0431\u043e\u043b\u044c\u0448\u0438\u0445-\u0442\u0443\u0440\u0431\u043e\u043a\u043e\u043c\u043f\u0440\u0435\u0441\u0441\u043e\/\" \/>\n<meta property=\"og:locale\" content=\"ru_RU\" \/>\n<meta property=\"og:type\" content=\"article\" \/>\n<meta property=\"og:title\" content=\"\u041e\u0431\u0441\u043b\u0443\u0436\u0438\u0432\u0430\u043d\u0438\u0435 \u0431\u043e\u043b\u044c\u0448\u0438\u0445 \u0442\u0443\u0440\u0431\u043e\u043a\u043e\u043c\u043f\u0440\u0435\u0441\u0441\u043e\u0440\u043e\u0432 - TurboCar\" \/>\n<meta property=\"og:description\" content=\"[vc_row][vc_column css=&#8221;.vc_custom_1609759399986{padding-top: 60px !important;}&#8221;][vc_column_text] \u041c\u044b \u044f\u0432\u043b\u044f\u0435\u043c\u0441\u044f \u0435\u0434\u0438\u043d\u0441\u0442\u0432\u0435\u043d\u043d\u044b\u043c \u0430\u0432\u0442\u043e\u0440\u0438\u0437\u043e\u0432\u0430\u043d\u043d\u044b\u043c \u0441\u0435\u0440\u0432\u0438\u0441\u043d\u044b\u043c \u0446\u0435\u043d\u0442\u0440\u043e\u043c \u0434\u043b\u044f \u043a\u0440\u0443\u043f\u043d\u044b\u0445 \u0442\u0443\u0440\u0431\u043e\u043a\u043e\u043c\u043f\u0440\u0435\u0441\u0441\u043e\u0440\u043e\u0432 PBST \u0432 \u0427\u0435\u0448\u043a\u043e\u0439 \u0438 \u0421\u043b\u043e\u0432\u0430\u0446\u043a\u043e\u0439 \u0440\u0435\u0441\u043f\u0443\u0431\u043b\u0438\u043a\u0435. \u0422\u0443\u0440\u0431\u043e\u043d\u0430\u0433\u043d\u0435\u0442\u0430\u0442\u0435\u043b\u0438 PBST \u043f\u0440\u0435\u0434\u043b\u0430\u0433\u0430\u0435\u043c \u043f\u043e \u0441\u0438\u0441\u0442\u0435\u043c\u0435 \u043e\u0431\u043c\u0435\u043d\u0430. [\/vc_column_text][vc_column_text] [\u2026]\" \/>\n<meta property=\"og:url\" content=\"https:\/\/www.turbocar.cz\/ru\/\u043e\u0431\u0441\u043b\u0443\u0436\u0438\u0432\u0430\u043d\u0438\u0435-\u0431\u043e\u043b\u044c\u0448\u0438\u0445-\u0442\u0443\u0440\u0431\u043e\u043a\u043e\u043c\u043f\u0440\u0435\u0441\u0441\u043e\/\" \/>\n<meta property=\"og:site_name\" content=\"TurboCar\" \/>\n<meta property=\"article:modified_time\" content=\"2021-01-21T10:46:44+00:00\" \/>\n<meta name=\"twitter:card\" content=\"summary_large_image\" \/>\n<meta name=\"twitter:label1\" content=\"\u041f\u0440\u0438\u043c\u0435\u0440\u043d\u043e\u0435 \u0432\u0440\u0435\u043c\u044f \u0434\u043b\u044f \u0447\u0442\u0435\u043d\u0438\u044f\" \/>\n\t<meta name=\"twitter:data1\" content=\"1 \u043c\u0438\u043d\u0443\u0442\u0430\" \/>\n<script type=\"application\/ld+json\" class=\"yoast-schema-graph\">{\"@context\":\"https:\/\/schema.org\",\"@graph\":[{\"@type\":\"WebPage\",\"@id\":\"https:\/\/www.turbocar.cz\/ru\/%d0%be%d0%b1%d1%81%d0%bb%d1%83%d0%b6%d0%b8%d0%b2%d0%b0%d0%bd%d0%b8%d0%b5-%d0%b1%d0%be%d0%bb%d1%8c%d1%88%d0%b8%d1%85-%d1%82%d1%83%d1%80%d0%b1%d0%be%d0%ba%d0%be%d0%bc%d0%bf%d1%80%d0%b5%d1%81%d1%81%d0%be\/\",\"url\":\"https:\/\/www.turbocar.cz\/ru\/%d0%be%d0%b1%d1%81%d0%bb%d1%83%d0%b6%d0%b8%d0%b2%d0%b0%d0%bd%d0%b8%d0%b5-%d0%b1%d0%be%d0%bb%d1%8c%d1%88%d0%b8%d1%85-%d1%82%d1%83%d1%80%d0%b1%d0%be%d0%ba%d0%be%d0%bc%d0%bf%d1%80%d0%b5%d1%81%d1%81%d0%be\/\",\"name\":\"\u041e\u0431\u0441\u043b\u0443\u0436\u0438\u0432\u0430\u043d\u0438\u0435 \u0431\u043e\u043b\u044c\u0448\u0438\u0445 \u0442\u0443\u0440\u0431\u043e\u043a\u043e\u043c\u043f\u0440\u0435\u0441\u0441\u043e\u0440\u043e\u0432 - TurboCar\",\"isPartOf\":{\"@id\":\"https:\/\/www.turbocar.cz\/en\/#website\"},\"datePublished\":\"2021-01-04T11:42:39+00:00\",\"dateModified\":\"2021-01-21T10:46:44+00:00\",\"breadcrumb\":{\"@id\":\"https:\/\/www.turbocar.cz\/ru\/%d0%be%d0%b1%d1%81%d0%bb%d1%83%d0%b6%d0%b8%d0%b2%d0%b0%d0%bd%d0%b8%d0%b5-%d0%b1%d0%be%d0%bb%d1%8c%d1%88%d0%b8%d1%85-%d1%82%d1%83%d1%80%d0%b1%d0%be%d0%ba%d0%be%d0%bc%d0%bf%d1%80%d0%b5%d1%81%d1%81%d0%be\/#breadcrumb\"},\"inLanguage\":\"ru-RU\",\"potentialAction\":[{\"@type\":\"ReadAction\",\"target\":[\"https:\/\/www.turbocar.cz\/ru\/%d0%be%d0%b1%d1%81%d0%bb%d1%83%d0%b6%d0%b8%d0%b2%d0%b0%d0%bd%d0%b8%d0%b5-%d0%b1%d0%be%d0%bb%d1%8c%d1%88%d0%b8%d1%85-%d1%82%d1%83%d1%80%d0%b1%d0%be%d0%ba%d0%be%d0%bc%d0%bf%d1%80%d0%b5%d1%81%d1%81%d0%be\/\"]}]},{\"@type\":\"BreadcrumbList\",\"@id\":\"https:\/\/www.turbocar.cz\/ru\/%d0%be%d0%b1%d1%81%d0%bb%d1%83%d0%b6%d0%b8%d0%b2%d0%b0%d0%bd%d0%b8%d0%b5-%d0%b1%d0%be%d0%bb%d1%8c%d1%88%d0%b8%d1%85-%d1%82%d1%83%d1%80%d0%b1%d0%be%d0%ba%d0%be%d0%bc%d0%bf%d1%80%d0%b5%d1%81%d1%81%d0%be\/#breadcrumb\",\"itemListElement\":[{\"@type\":\"ListItem\",\"position\":1,\"name\":\"\u0414\u043e\u043c\u0430\",\"item\":\"https:\/\/www.turbocar.cz\/ru\/\"},{\"@type\":\"ListItem\",\"position\":2,\"name\":\"\u041e\u0431\u0441\u043b\u0443\u0436\u0438\u0432\u0430\u043d\u0438\u0435 \u0431\u043e\u043b\u044c\u0448\u0438\u0445 \u0442\u0443\u0440\u0431\u043e\u043a\u043e\u043c\u043f\u0440\u0435\u0441\u0441\u043e\u0440\u043e\u0432\"}]},{\"@type\":\"WebSite\",\"@id\":\"https:\/\/www.turbocar.cz\/en\/#website\",\"url\":\"https:\/\/www.turbocar.cz\/en\/\",\"name\":\"TurboCar\",\"description\":\"TurboCar, s.r.o. je nejv\u011bt\u0161\u00ed autorizovan\u00fd servis turbodmychadel v \u010cR. Nab\u00edz\u00edme tak\u00e9 prodej turbodmychadel v\u0161ech typ\u016f pro osobn\u00ed, n\u00e1kladn\u00ed a dr\u00e1\u017en\u00ed vozidla.\",\"potentialAction\":[{\"@type\":\"SearchAction\",\"target\":{\"@type\":\"EntryPoint\",\"urlTemplate\":\"https:\/\/www.turbocar.cz\/en\/?s={search_term_string}\"},\"query-input\":{\"@type\":\"PropertyValueSpecification\",\"valueRequired\":true,\"valueName\":\"search_term_string\"}}],\"inLanguage\":\"ru-RU\"}]}<\/script>","yoast_head_json":{"title":"\u041e\u0431\u0441\u043b\u0443\u0436\u0438\u0432\u0430\u043d\u0438\u0435 \u0431\u043e\u043b\u044c\u0448\u0438\u0445 \u0442\u0443\u0440\u0431\u043e\u043a\u043e\u043c\u043f\u0440\u0435\u0441\u0441\u043e\u0440\u043e\u0432 - TurboCar","robots":{"index":"index","follow":"follow","max-snippet":"max-snippet:-1","max-image-preview":"max-image-preview:large","max-video-preview":"max-video-preview:-1"},"canonical":"https:\/\/www.turbocar.cz\/ru\/\u043e\u0431\u0441\u043b\u0443\u0436\u0438\u0432\u0430\u043d\u0438\u0435-\u0431\u043e\u043b\u044c\u0448\u0438\u0445-\u0442\u0443\u0440\u0431\u043e\u043a\u043e\u043c\u043f\u0440\u0435\u0441\u0441\u043e\/","og_locale":"ru_RU","og_type":"article","og_title":"\u041e\u0431\u0441\u043b\u0443\u0436\u0438\u0432\u0430\u043d\u0438\u0435 \u0431\u043e\u043b\u044c\u0448\u0438\u0445 \u0442\u0443\u0440\u0431\u043e\u043a\u043e\u043c\u043f\u0440\u0435\u0441\u0441\u043e\u0440\u043e\u0432 - TurboCar","og_description":"[vc_row][vc_column css=&#8221;.vc_custom_1609759399986{padding-top: 60px !important;}&#8221;][vc_column_text] \u041c\u044b \u044f\u0432\u043b\u044f\u0435\u043c\u0441\u044f \u0435\u0434\u0438\u043d\u0441\u0442\u0432\u0435\u043d\u043d\u044b\u043c \u0430\u0432\u0442\u043e\u0440\u0438\u0437\u043e\u0432\u0430\u043d\u043d\u044b\u043c \u0441\u0435\u0440\u0432\u0438\u0441\u043d\u044b\u043c \u0446\u0435\u043d\u0442\u0440\u043e\u043c \u0434\u043b\u044f \u043a\u0440\u0443\u043f\u043d\u044b\u0445 \u0442\u0443\u0440\u0431\u043e\u043a\u043e\u043c\u043f\u0440\u0435\u0441\u0441\u043e\u0440\u043e\u0432 PBST \u0432 \u0427\u0435\u0448\u043a\u043e\u0439 \u0438 \u0421\u043b\u043e\u0432\u0430\u0446\u043a\u043e\u0439 \u0440\u0435\u0441\u043f\u0443\u0431\u043b\u0438\u043a\u0435. \u0422\u0443\u0440\u0431\u043e\u043d\u0430\u0433\u043d\u0435\u0442\u0430\u0442\u0435\u043b\u0438 PBST \u043f\u0440\u0435\u0434\u043b\u0430\u0433\u0430\u0435\u043c \u043f\u043e \u0441\u0438\u0441\u0442\u0435\u043c\u0435 \u043e\u0431\u043c\u0435\u043d\u0430. [\/vc_column_text][vc_column_text] [\u2026]","og_url":"https:\/\/www.turbocar.cz\/ru\/\u043e\u0431\u0441\u043b\u0443\u0436\u0438\u0432\u0430\u043d\u0438\u0435-\u0431\u043e\u043b\u044c\u0448\u0438\u0445-\u0442\u0443\u0440\u0431\u043e\u043a\u043e\u043c\u043f\u0440\u0435\u0441\u0441\u043e\/","og_site_name":"TurboCar","article_modified_time":"2021-01-21T10:46:44+00:00","twitter_card":"summary_large_image","twitter_misc":{"\u041f\u0440\u0438\u043c\u0435\u0440\u043d\u043e\u0435 \u0432\u0440\u0435\u043c\u044f \u0434\u043b\u044f \u0447\u0442\u0435\u043d\u0438\u044f":"1 \u043c\u0438\u043d\u0443\u0442\u0430"},"schema":{"@context":"https:\/\/schema.org","@graph":[{"@type":"WebPage","@id":"https:\/\/www.turbocar.cz\/ru\/%d0%be%d0%b1%d1%81%d0%bb%d1%83%d0%b6%d0%b8%d0%b2%d0%b0%d0%bd%d0%b8%d0%b5-%d0%b1%d0%be%d0%bb%d1%8c%d1%88%d0%b8%d1%85-%d1%82%d1%83%d1%80%d0%b1%d0%be%d0%ba%d0%be%d0%bc%d0%bf%d1%80%d0%b5%d1%81%d1%81%d0%be\/","url":"https:\/\/www.turbocar.cz\/ru\/%d0%be%d0%b1%d1%81%d0%bb%d1%83%d0%b6%d0%b8%d0%b2%d0%b0%d0%bd%d0%b8%d0%b5-%d0%b1%d0%be%d0%bb%d1%8c%d1%88%d0%b8%d1%85-%d1%82%d1%83%d1%80%d0%b1%d0%be%d0%ba%d0%be%d0%bc%d0%bf%d1%80%d0%b5%d1%81%d1%81%d0%be\/","name":"\u041e\u0431\u0441\u043b\u0443\u0436\u0438\u0432\u0430\u043d\u0438\u0435 \u0431\u043e\u043b\u044c\u0448\u0438\u0445 \u0442\u0443\u0440\u0431\u043e\u043a\u043e\u043c\u043f\u0440\u0435\u0441\u0441\u043e\u0440\u043e\u0432 - TurboCar","isPartOf":{"@id":"https:\/\/www.turbocar.cz\/en\/#website"},"datePublished":"2021-01-04T11:42:39+00:00","dateModified":"2021-01-21T10:46:44+00:00","breadcrumb":{"@id":"https:\/\/www.turbocar.cz\/ru\/%d0%be%d0%b1%d1%81%d0%bb%d1%83%d0%b6%d0%b8%d0%b2%d0%b0%d0%bd%d0%b8%d0%b5-%d0%b1%d0%be%d0%bb%d1%8c%d1%88%d0%b8%d1%85-%d1%82%d1%83%d1%80%d0%b1%d0%be%d0%ba%d0%be%d0%bc%d0%bf%d1%80%d0%b5%d1%81%d1%81%d0%be\/#breadcrumb"},"inLanguage":"ru-RU","potentialAction":[{"@type":"ReadAction","target":["https:\/\/www.turbocar.cz\/ru\/%d0%be%d0%b1%d1%81%d0%bb%d1%83%d0%b6%d0%b8%d0%b2%d0%b0%d0%bd%d0%b8%d0%b5-%d0%b1%d0%be%d0%bb%d1%8c%d1%88%d0%b8%d1%85-%d1%82%d1%83%d1%80%d0%b1%d0%be%d0%ba%d0%be%d0%bc%d0%bf%d1%80%d0%b5%d1%81%d1%81%d0%be\/"]}]},{"@type":"BreadcrumbList","@id":"https:\/\/www.turbocar.cz\/ru\/%d0%be%d0%b1%d1%81%d0%bb%d1%83%d0%b6%d0%b8%d0%b2%d0%b0%d0%bd%d0%b8%d0%b5-%d0%b1%d0%be%d0%bb%d1%8c%d1%88%d0%b8%d1%85-%d1%82%d1%83%d1%80%d0%b1%d0%be%d0%ba%d0%be%d0%bc%d0%bf%d1%80%d0%b5%d1%81%d1%81%d0%be\/#breadcrumb","itemListElement":[{"@type":"ListItem","position":1,"name":"\u0414\u043e\u043c\u0430","item":"https:\/\/www.turbocar.cz\/ru\/"},{"@type":"ListItem","position":2,"name":"\u041e\u0431\u0441\u043b\u0443\u0436\u0438\u0432\u0430\u043d\u0438\u0435 \u0431\u043e\u043b\u044c\u0448\u0438\u0445 \u0442\u0443\u0440\u0431\u043e\u043a\u043e\u043c\u043f\u0440\u0435\u0441\u0441\u043e\u0440\u043e\u0432"}]},{"@type":"WebSite","@id":"https:\/\/www.turbocar.cz\/en\/#website","url":"https:\/\/www.turbocar.cz\/en\/","name":"TurboCar","description":"TurboCar, s.r.o. je nejv\u011bt\u0161\u00ed autorizovan\u00fd servis turbodmychadel v \u010cR. Nab\u00edz\u00edme tak\u00e9 prodej turbodmychadel v\u0161ech typ\u016f pro osobn\u00ed, n\u00e1kladn\u00ed a dr\u00e1\u017en\u00ed vozidla.","potentialAction":[{"@type":"SearchAction","target":{"@type":"EntryPoint","urlTemplate":"https:\/\/www.turbocar.cz\/en\/?s={search_term_string}"},"query-input":{"@type":"PropertyValueSpecification","valueRequired":true,"valueName":"search_term_string"}}],"inLanguage":"ru-RU"}]}},"_links":{"self":[{"href":"https:\/\/www.turbocar.cz\/ru\/wp-json\/wp\/v2\/pages\/3231","targetHints":{"allow":["GET"]}}],"collection":[{"href":"https:\/\/www.turbocar.cz\/ru\/wp-json\/wp\/v2\/pages"}],"about":[{"href":"https:\/\/www.turbocar.cz\/ru\/wp-json\/wp\/v2\/types\/page"}],"author":[{"embeddable":true,"href":"https:\/\/www.turbocar.cz\/ru\/wp-json\/wp\/v2\/users\/2346"}],"replies":[{"embeddable":true,"href":"https:\/\/www.turbocar.cz\/ru\/wp-json\/wp\/v2\/comments?post=3231"}],"version-history":[{"count":5,"href":"https:\/\/www.turbocar.cz\/ru\/wp-json\/wp\/v2\/pages\/3231\/revisions"}],"predecessor-version":[{"id":3432,"href":"https:\/\/www.turbocar.cz\/ru\/wp-json\/wp\/v2\/pages\/3231\/revisions\/3432"}],"wp:attachment":[{"href":"https:\/\/www.turbocar.cz\/ru\/wp-json\/wp\/v2\/media?parent=3231"}],"curies":[{"name":"wp","href":"https:\/\/api.w.org\/{rel}","templated":true}]}}