{"id":3255,"date":"2020-12-22T14:29:52","date_gmt":"2020-12-22T13:29:52","guid":{"rendered":"https:\/\/www.turbocar.cz\/profil-spolecnosti\/"},"modified":"2021-01-21T12:33:43","modified_gmt":"2021-01-21T11:33:43","slug":"company-profile","status":"publish","type":"page","link":"https:\/\/www.turbocar.cz\/en\/company-profile\/","title":{"rendered":"Company profile"},"content":{"rendered":"<div class=\"wpb-content-wrapper\"><p>[vc_row css=&#8221;.vc_custom_1465589432702{padding-top: 50px !important;}&#8221;][vc_column width=&#8221;1\/4&#8243;][\/vc_column][vc_column width=&#8221;1\/2&#8243;][vc_column_text]<\/p>\n<h2 style=\"text-align: center;\">TurboCar, s.r.o. &#8211; company specialised in turbochargers<\/h2>\n<p>[\/vc_column_text][\/vc_column][vc_column width=&#8221;1\/4&#8243;][\/vc_column][\/vc_row][vc_row][vc_column width=&#8221;1\/2&#8243; css=&#8221;.vc_custom_1609845481793{padding-top: 50px !important;}&#8221;][vc_column_text]<\/p>\n<h3>About us<\/h3>\n<p>TurboCar, s.r.o. is a company specialised in repairs, servicing and sale of all types of turbochargers for engines of passenger, freight, road as well as rail vehicles, agricultural and building machines. Our specialization is the service of turbochargers for biogas stations. The company was established in 1996 and since then it has been dealing, on a permanent basis, with overall servicing of all types of turbochargers in the Czech Republic even for the countries of the European Union. In 2003, our company was granted a licence authorisation for complete servicing of turbochargers of Prvn\u00ed brn\u011bnsk\u00e1 stroj\u00edrna Velk\u00e1 B\u00edte\u0161 a.s.<\/p>\n<h4>Thus we became the exclusive authorised servicing facility of PBS Turbo in the Czech Republic and Slovakia.<\/h4>\n<p>[\/vc_column_text][vc_column_text]<\/p>\n<h3>High level of care and experience<\/h3>\n<p>Through the high level of work care and with the use of original parts we <span style=\"color: #0baf4d;\">achieve<\/span>, even after overhauls, <span style=\"color: #0baf4d;\">the same lifetime<\/span> as in operation of a new turbocharger. Our high-quality and prompt services are appreciated not only by customers from all over the Czech Republic but also from abroad. Thanks to our <span style=\"color: #0baf4d;\">long-term experience<\/span> in the field of servicing of turbochargers we belong among top European companies in terms of quality.[\/vc_column_text][vc_column_text]<\/p>\n<h3>Company objectives<\/h3>\n<p>The aim of our company is at first <span style=\"color: #0baf4d;\">a satisfied customer<\/span> who can contact us at any time, with any problem from the field of turbochargers.[\/vc_column_text][\/vc_column][vc_column width=&#8221;1\/2&#8243;][vc_single_image image=&#8221;2467&#8243; img_size=&#8221;large&#8221;][\/vc_column][\/vc_row]<\/p>\n<\/div>","protected":false},"excerpt":{"rendered":"<p>[vc_row css=&#8221;.vc_custom_1465589432702{padding-top: 50px !important;}&#8221;][vc_column width=&#8221;1\/4&#8243;][\/vc_column][vc_column width=&#8221;1\/2&#8243;][vc_column_text] TurboCar, s.r.o. &#8211; company specialised in turbochargers [\/vc_column_text][\/vc_column][vc_column width=&#8221;1\/4&#8243;][\/vc_column][\/vc_row][vc_row][vc_column width=&#8221;1\/2&#8243; css=&#8221;.vc_custom_1609845481793{padding-top: 50px !important;}&#8221;][vc_column_text] About us TurboCar, s.r.o. is a company<span class=\"excerpt-hellip\"> [\u2026]<\/span><\/p>\n","protected":false},"author":2346,"featured_media":0,"parent":0,"menu_order":0,"comment_status":"closed","ping_status":"closed","template":"","meta":{"footnotes":""},"class_list":["post-3255","page","type-page","status-publish","hentry"],"yoast_head":"<title>Company profile - TurboCar<\/title>\n<meta name=\"robots\" content=\"index, follow, max-snippet:-1, max-image-preview:large, max-video-preview:-1\" \/>\n<link rel=\"canonical\" href=\"https:\/\/www.turbocar.cz\/en\/company-profile\/\" \/>\n<meta property=\"og:locale\" content=\"en_US\" \/>\n<meta property=\"og:type\" content=\"article\" \/>\n<meta property=\"og:title\" content=\"Company profile - TurboCar\" \/>\n<meta property=\"og:description\" content=\"[vc_row css=&#8221;.vc_custom_1465589432702{padding-top: 50px !important;}&#8221;][vc_column width=&#8221;1\/4&#8243;][\/vc_column][vc_column width=&#8221;1\/2&#8243;][vc_column_text] TurboCar, s.r.o. &#8211; company specialised in turbochargers [\/vc_column_text][\/vc_column][vc_column width=&#8221;1\/4&#8243;][\/vc_column][\/vc_row][vc_row][vc_column width=&#8221;1\/2&#8243; css=&#8221;.vc_custom_1609845481793{padding-top: 50px !important;}&#8221;][vc_column_text] About us TurboCar, s.r.o. is a company [\u2026]\" \/>\n<meta property=\"og:url\" content=\"https:\/\/www.turbocar.cz\/en\/company-profile\/\" \/>\n<meta property=\"og:site_name\" content=\"TurboCar\" \/>\n<meta property=\"article:modified_time\" content=\"2021-01-21T11:33:43+00:00\" \/>\n<meta name=\"twitter:card\" content=\"summary_large_image\" \/>\n<meta name=\"twitter:label1\" content=\"Est. reading time\" \/>\n\t<meta name=\"twitter:data1\" content=\"2 minutes\" \/>\n<script type=\"application\/ld+json\" class=\"yoast-schema-graph\">{\"@context\":\"https:\/\/schema.org\",\"@graph\":[{\"@type\":\"WebPage\",\"@id\":\"https:\/\/www.turbocar.cz\/en\/company-profile\/\",\"url\":\"https:\/\/www.turbocar.cz\/en\/company-profile\/\",\"name\":\"Company profile - TurboCar\",\"isPartOf\":{\"@id\":\"https:\/\/www.turbocar.cz\/#website\"},\"datePublished\":\"2020-12-22T13:29:52+00:00\",\"dateModified\":\"2021-01-21T11:33:43+00:00\",\"breadcrumb\":{\"@id\":\"https:\/\/www.turbocar.cz\/en\/company-profile\/#breadcrumb\"},\"inLanguage\":\"en-US\",\"potentialAction\":[{\"@type\":\"ReadAction\",\"target\":[\"https:\/\/www.turbocar.cz\/en\/company-profile\/\"]}]},{\"@type\":\"BreadcrumbList\",\"@id\":\"https:\/\/www.turbocar.cz\/en\/company-profile\/#breadcrumb\",\"itemListElement\":[{\"@type\":\"ListItem\",\"position\":1,\"name\":\"Home\",\"item\":\"https:\/\/www.turbocar.cz\/en\/\"},{\"@type\":\"ListItem\",\"position\":2,\"name\":\"Company profile\"}]},{\"@type\":\"WebSite\",\"@id\":\"https:\/\/www.turbocar.cz\/#website\",\"url\":\"https:\/\/www.turbocar.cz\/\",\"name\":\"TurboCar\",\"description\":\"TurboCar, s.r.o. je nejv\u011bt\u0161\u00ed autorizovan\u00fd servis turbodmychadel v \u010cR. Nab\u00edz\u00edme tak\u00e9 prodej turbodmychadel v\u0161ech typ\u016f pro osobn\u00ed, n\u00e1kladn\u00ed a dr\u00e1\u017en\u00ed vozidla.\",\"potentialAction\":[{\"@type\":\"SearchAction\",\"target\":{\"@type\":\"EntryPoint\",\"urlTemplate\":\"https:\/\/www.turbocar.cz\/?s={search_term_string}\"},\"query-input\":{\"@type\":\"PropertyValueSpecification\",\"valueRequired\":true,\"valueName\":\"search_term_string\"}}],\"inLanguage\":\"en-US\"}]}<\/script>","yoast_head_json":{"title":"Company profile - TurboCar","robots":{"index":"index","follow":"follow","max-snippet":"max-snippet:-1","max-image-preview":"max-image-preview:large","max-video-preview":"max-video-preview:-1"},"canonical":"https:\/\/www.turbocar.cz\/en\/company-profile\/","og_locale":"en_US","og_type":"article","og_title":"Company profile - TurboCar","og_description":"[vc_row css=&#8221;.vc_custom_1465589432702{padding-top: 50px !important;}&#8221;][vc_column width=&#8221;1\/4&#8243;][\/vc_column][vc_column width=&#8221;1\/2&#8243;][vc_column_text] TurboCar, s.r.o. &#8211; company specialised in turbochargers [\/vc_column_text][\/vc_column][vc_column width=&#8221;1\/4&#8243;][\/vc_column][\/vc_row][vc_row][vc_column width=&#8221;1\/2&#8243; css=&#8221;.vc_custom_1609845481793{padding-top: 50px !important;}&#8221;][vc_column_text] About us TurboCar, s.r.o. is a company [\u2026]","og_url":"https:\/\/www.turbocar.cz\/en\/company-profile\/","og_site_name":"TurboCar","article_modified_time":"2021-01-21T11:33:43+00:00","twitter_card":"summary_large_image","twitter_misc":{"Est. reading time":"2 minutes"},"schema":{"@context":"https:\/\/schema.org","@graph":[{"@type":"WebPage","@id":"https:\/\/www.turbocar.cz\/en\/company-profile\/","url":"https:\/\/www.turbocar.cz\/en\/company-profile\/","name":"Company profile - TurboCar","isPartOf":{"@id":"https:\/\/www.turbocar.cz\/#website"},"datePublished":"2020-12-22T13:29:52+00:00","dateModified":"2021-01-21T11:33:43+00:00","breadcrumb":{"@id":"https:\/\/www.turbocar.cz\/en\/company-profile\/#breadcrumb"},"inLanguage":"en-US","potentialAction":[{"@type":"ReadAction","target":["https:\/\/www.turbocar.cz\/en\/company-profile\/"]}]},{"@type":"BreadcrumbList","@id":"https:\/\/www.turbocar.cz\/en\/company-profile\/#breadcrumb","itemListElement":[{"@type":"ListItem","position":1,"name":"Home","item":"https:\/\/www.turbocar.cz\/en\/"},{"@type":"ListItem","position":2,"name":"Company profile"}]},{"@type":"WebSite","@id":"https:\/\/www.turbocar.cz\/#website","url":"https:\/\/www.turbocar.cz\/","name":"TurboCar","description":"TurboCar, s.r.o. je nejv\u011bt\u0161\u00ed autorizovan\u00fd servis turbodmychadel v \u010cR. Nab\u00edz\u00edme tak\u00e9 prodej turbodmychadel v\u0161ech typ\u016f pro osobn\u00ed, n\u00e1kladn\u00ed a dr\u00e1\u017en\u00ed vozidla.","potentialAction":[{"@type":"SearchAction","target":{"@type":"EntryPoint","urlTemplate":"https:\/\/www.turbocar.cz\/?s={search_term_string}"},"query-input":{"@type":"PropertyValueSpecification","valueRequired":true,"valueName":"search_term_string"}}],"inLanguage":"en-US"}]}},"_links":{"self":[{"href":"https:\/\/www.turbocar.cz\/en\/wp-json\/wp\/v2\/pages\/3255","targetHints":{"allow":["GET"]}}],"collection":[{"href":"https:\/\/www.turbocar.cz\/en\/wp-json\/wp\/v2\/pages"}],"about":[{"href":"https:\/\/www.turbocar.cz\/en\/wp-json\/wp\/v2\/types\/page"}],"author":[{"embeddable":true,"href":"https:\/\/www.turbocar.cz\/en\/wp-json\/wp\/v2\/users\/2346"}],"replies":[{"embeddable":true,"href":"https:\/\/www.turbocar.cz\/en\/wp-json\/wp\/v2\/comments?post=3255"}],"version-history":[{"count":6,"href":"https:\/\/www.turbocar.cz\/en\/wp-json\/wp\/v2\/pages\/3255\/revisions"}],"predecessor-version":[{"id":3439,"href":"https:\/\/www.turbocar.cz\/en\/wp-json\/wp\/v2\/pages\/3255\/revisions\/3439"}],"wp:attachment":[{"href":"https:\/\/www.turbocar.cz\/en\/wp-json\/wp\/v2\/media?parent=3255"}],"curies":[{"name":"wp","href":"https:\/\/api.w.org\/{rel}","templated":true}]}}