{"id":3239,"date":"2021-01-04T13:10:04","date_gmt":"2021-01-04T12:10:04","guid":{"rendered":"https:\/\/www.turbocar.cz\/nezavazna-poptavka\/"},"modified":"2021-01-22T13:49:27","modified_gmt":"2021-01-22T12:49:27","slug":"enquiry","status":"publish","type":"page","link":"https:\/\/www.turbocar.cz\/en\/enquiry\/","title":{"rendered":"Enquiry"},"content":{"rendered":"<div class=\"wpb-content-wrapper\"><p>[vc_row css=&#8221;.vc_custom_1465589432702{padding-top: 50px !important;}&#8221;][vc_column width=&#8221;1\/4&#8243;][\/vc_column][vc_column width=&#8221;1\/2&#8243;][vc_column_text]<\/p>\n<h4>For all your questions, comments and orders we have prepared our fast contact form for you. After the delivery of your question, your request will be processed immediately and then we will try to reply to you as soon as possible.<\/h4>\n<p>Please do not hesitate and contact us.[\/vc_column_text][\/vc_column][vc_column width=&#8221;1\/4&#8243;][\/vc_column][\/vc_row][vc_row][vc_column width=&#8221;1\/4&#8243;][\/vc_column][vc_column width=&#8221;1\/2&#8243;]\n<div class=\"wpcf7 no-js\" id=\"wpcf7-f3492-o1\" lang=\"en-US\" dir=\"ltr\" data-wpcf7-id=\"3492\">\n<div class=\"screen-reader-response\"><p role=\"status\" aria-live=\"polite\" aria-atomic=\"true\"><\/p> <ul><\/ul><\/div>\n<form action=\"\/en\/wp-json\/wp\/v2\/pages\/3239#wpcf7-f3492-o1\" method=\"post\" class=\"wpcf7-form init\" aria-label=\"Contact form\" novalidate=\"novalidate\" data-status=\"init\">\n<fieldset class=\"hidden-fields-container\"><input type=\"hidden\" name=\"_wpcf7\" value=\"3492\" \/><input type=\"hidden\" name=\"_wpcf7_version\" value=\"6.1.5\" \/><input type=\"hidden\" name=\"_wpcf7_locale\" value=\"en_US\" \/><input type=\"hidden\" name=\"_wpcf7_unit_tag\" value=\"wpcf7-f3492-o1\" \/><input type=\"hidden\" name=\"_wpcf7_container_post\" value=\"0\" \/><input type=\"hidden\" name=\"_wpcf7_posted_data_hash\" value=\"\" \/><input type=\"hidden\" name=\"_wpcf7_recaptcha_response\" value=\"\" \/>\n<\/fieldset>\n<div class=\"column one-second\">\n\t<p><span class=\"wpcf7-form-control-wrap\" data-name=\"your-name\"><input size=\"40\" maxlength=\"400\" class=\"wpcf7-form-control wpcf7-text wpcf7-validates-as-required\" aria-required=\"true\" aria-invalid=\"false\" placeholder=\"Name*\" value=\"\" type=\"text\" name=\"your-name\" \/><\/span>\n\t<\/p>\n<\/div>\n<div class=\"column one-second\">\n\t<p><span class=\"wpcf7-form-control-wrap\" data-name=\"email\"><input size=\"40\" maxlength=\"400\" class=\"wpcf7-form-control wpcf7-email wpcf7-validates-as-required wpcf7-text wpcf7-validates-as-email required\" aria-required=\"true\" aria-invalid=\"false\" placeholder=\"E-mail*\" value=\"\" type=\"email\" name=\"email\" \/><\/span>\n\t<\/p>\n<\/div>\n<div class=\"column one-second\">\n\t<p><span class=\"wpcf7-form-control-wrap\" data-name=\"phone\"><input size=\"40\" maxlength=\"400\" class=\"wpcf7-form-control wpcf7-tel wpcf7-validates-as-required wpcf7-text wpcf7-validates-as-tel required\" aria-required=\"true\" aria-invalid=\"false\" placeholder=\"Phone*\" value=\"\" type=\"tel\" name=\"phone\" \/><\/span>\n\t<\/p>\n<\/div>\n<div class=\"column one-second\">\n\t<p><span class=\"wpcf7-form-control-wrap\" data-name=\"mobile\"><input size=\"40\" maxlength=\"400\" class=\"wpcf7-form-control wpcf7-tel wpcf7-validates-as-required wpcf7-text wpcf7-validates-as-tel\" aria-required=\"true\" aria-invalid=\"false\" placeholder=\"Mobile phone\" value=\"\" type=\"tel\" name=\"mobile\" \/><\/span>\n\t<\/p>\n<\/div>\n<div class=\"column one-third\">\n\t<p><span class=\"wpcf7-form-control-wrap\" data-name=\"street\"><input size=\"40\" maxlength=\"400\" class=\"wpcf7-form-control wpcf7-text required\" aria-invalid=\"false\" placeholder=\"Street, number\" value=\"\" type=\"text\" name=\"street\" \/><\/span>\n\t<\/p>\n<\/div>\n<div class=\"column one-third\">\n\t<p><span class=\"wpcf7-form-control-wrap\" data-name=\"city\"><input size=\"40\" maxlength=\"400\" class=\"wpcf7-form-control wpcf7-text required\" aria-invalid=\"false\" placeholder=\"City\" value=\"\" type=\"text\" name=\"city\" \/><\/span>\n\t<\/p>\n<\/div>\n<div class=\"column one-third\">\n\t<p><span class=\"wpcf7-form-control-wrap\" data-name=\"zip\"><input class=\"wpcf7-form-control wpcf7-number wpcf7-validates-as-number required\" aria-invalid=\"false\" placeholder=\"Zip code\" value=\"\" type=\"number\" name=\"zip\" \/><\/span>\n\t<\/p>\n<\/div>\n<div class=\"column one\">\n\t<p><span class=\"wpcf7-form-control-wrap\" data-name=\"message\"><textarea cols=\"40\" rows=\"4\" maxlength=\"2000\" class=\"wpcf7-form-control wpcf7-textarea wpcf7-validates-as-required\" aria-required=\"true\" aria-invalid=\"false\" placeholder=\"Enquiry*\" name=\"message\"><\/textarea><\/span>\n\t<\/p>\n<\/div>\n<div class=\"column one\">\n\t<p><span class=\"wpcf7-form-control-wrap wpgdprc\"><span class=\"wpcf7-form-control wpcf7-wpgdprc wpcf7-validates-as-required\"><span class=\"wpcf7-list-item\"><input type=\"checkbox\" name=\"wpgdprc\" value=\"1\" aria-required=\"true\" aria-invalid=\"false\" \/><span class=\"wpcf7-list-item-label\">I agree to the processing of personal data<\/span><\/span><\/span>    <\/span>\n\t<\/p>\n\t<p><a href=\"\/en\/protection-of-personal-data\/\" target=\"_blank\" rel=\"noopener\">How do we process personal data?<\/a><br \/>\n<input class=\"wpcf7-form-control wpcf7-submit has-spinner\" type=\"submit\" value=\"SEND FORM\" \/>\n\t<\/p>\n<\/div><div class=\"wpcf7-response-output\" aria-hidden=\"true\"><\/div>\n<\/form>\n<\/div>\n[\/vc_column][vc_column width=&#8221;1\/4&#8243;][\/vc_column][\/vc_row][vc_row css=&#8221;.vc_custom_1465589432702{padding-top: 50px !important;}&#8221;][vc_column width=&#8221;1\/4&#8243;][\/vc_column][vc_column width=&#8221;1\/2&#8243;][vc_column_text]<\/p>\n<h4><em><strong>Privacy policy<\/strong><\/em><\/h4>\n<p><em>In order for our site to function well, we need to process some of your personal information. You can contact the administrator of the personal data at Telefon: <\/em>+420 566 531 24 <em>or<\/em><a href=\"mailto:turbocar@www.turbocar.cz\">turbocar@www.turbocar.cz.<\/a><\/p>\n<p>We process your personal data for the following purposes:<\/p>\n<ul>\n<li>Order processing and resolution of any complaints.<\/li>\n<li>In order to be able to send you orders and ensure the effective resolution of any requests and complaints, we process your name and surname, delivery address, e-mail, telephone number, bank account number, ordered goods and their price.<\/li>\n<li>The legal reason for this processing is the performance of the contract. We process the stated personal data for this purpose for the duration of the warranty period.<\/li>\n<\/ul>\n<p>[\/vc_column_text][\/vc_column][vc_column width=&#8221;1\/4&#8243;][\/vc_column][\/vc_row]<\/p>\n<\/div>","protected":false},"excerpt":{"rendered":"<p>[vc_row css=&#8221;.vc_custom_1465589432702{padding-top: 50px !important;}&#8221;][vc_column width=&#8221;1\/4&#8243;][\/vc_column][vc_column width=&#8221;1\/2&#8243;][vc_column_text] For all your questions, comments and orders we have prepared our fast contact form for you. After the delivery of<span class=\"excerpt-hellip\"> [\u2026]<\/span><\/p>\n","protected":false},"author":2346,"featured_media":0,"parent":0,"menu_order":0,"comment_status":"closed","ping_status":"closed","template":"","meta":{"footnotes":""},"class_list":["post-3239","page","type-page","status-publish","hentry"],"yoast_head":"<title>Enquiry - TurboCar<\/title>\n<meta name=\"robots\" content=\"index, follow, max-snippet:-1, max-image-preview:large, max-video-preview:-1\" \/>\n<link rel=\"canonical\" href=\"https:\/\/www.turbocar.cz\/en\/enquiry\/\" \/>\n<meta property=\"og:locale\" content=\"en_US\" \/>\n<meta property=\"og:type\" content=\"article\" \/>\n<meta property=\"og:title\" content=\"Enquiry - TurboCar\" \/>\n<meta property=\"og:description\" content=\"[vc_row css=&#8221;.vc_custom_1465589432702{padding-top: 50px !important;}&#8221;][vc_column width=&#8221;1\/4&#8243;][\/vc_column][vc_column width=&#8221;1\/2&#8243;][vc_column_text] For all your questions, comments and orders we have prepared our fast contact form for you. After the delivery of [\u2026]\" \/>\n<meta property=\"og:url\" content=\"https:\/\/www.turbocar.cz\/en\/enquiry\/\" \/>\n<meta property=\"og:site_name\" content=\"TurboCar\" \/>\n<meta property=\"article:modified_time\" content=\"2021-01-22T12:49:27+00:00\" \/>\n<meta name=\"twitter:card\" content=\"summary_large_image\" \/>\n<meta name=\"twitter:label1\" content=\"Est. reading time\" \/>\n\t<meta name=\"twitter:data1\" content=\"1 minute\" \/>\n<script type=\"application\/ld+json\" class=\"yoast-schema-graph\">{\"@context\":\"https:\/\/schema.org\",\"@graph\":[{\"@type\":\"WebPage\",\"@id\":\"https:\/\/www.turbocar.cz\/en\/enquiry\/\",\"url\":\"https:\/\/www.turbocar.cz\/en\/enquiry\/\",\"name\":\"Enquiry - TurboCar\",\"isPartOf\":{\"@id\":\"https:\/\/www.turbocar.cz\/#website\"},\"datePublished\":\"2021-01-04T12:10:04+00:00\",\"dateModified\":\"2021-01-22T12:49:27+00:00\",\"breadcrumb\":{\"@id\":\"https:\/\/www.turbocar.cz\/en\/enquiry\/#breadcrumb\"},\"inLanguage\":\"en-US\",\"potentialAction\":[{\"@type\":\"ReadAction\",\"target\":[\"https:\/\/www.turbocar.cz\/en\/enquiry\/\"]}]},{\"@type\":\"BreadcrumbList\",\"@id\":\"https:\/\/www.turbocar.cz\/en\/enquiry\/#breadcrumb\",\"itemListElement\":[{\"@type\":\"ListItem\",\"position\":1,\"name\":\"Home\",\"item\":\"https:\/\/www.turbocar.cz\/en\/\"},{\"@type\":\"ListItem\",\"position\":2,\"name\":\"Enquiry\"}]},{\"@type\":\"WebSite\",\"@id\":\"https:\/\/www.turbocar.cz\/#website\",\"url\":\"https:\/\/www.turbocar.cz\/\",\"name\":\"TurboCar\",\"description\":\"TurboCar, s.r.o. je nejv\u011bt\u0161\u00ed autorizovan\u00fd servis turbodmychadel v \u010cR. Nab\u00edz\u00edme tak\u00e9 prodej turbodmychadel v\u0161ech typ\u016f pro osobn\u00ed, n\u00e1kladn\u00ed a dr\u00e1\u017en\u00ed vozidla.\",\"potentialAction\":[{\"@type\":\"SearchAction\",\"target\":{\"@type\":\"EntryPoint\",\"urlTemplate\":\"https:\/\/www.turbocar.cz\/?s={search_term_string}\"},\"query-input\":{\"@type\":\"PropertyValueSpecification\",\"valueRequired\":true,\"valueName\":\"search_term_string\"}}],\"inLanguage\":\"en-US\"}]}<\/script>","yoast_head_json":{"title":"Enquiry - TurboCar","robots":{"index":"index","follow":"follow","max-snippet":"max-snippet:-1","max-image-preview":"max-image-preview:large","max-video-preview":"max-video-preview:-1"},"canonical":"https:\/\/www.turbocar.cz\/en\/enquiry\/","og_locale":"en_US","og_type":"article","og_title":"Enquiry - TurboCar","og_description":"[vc_row css=&#8221;.vc_custom_1465589432702{padding-top: 50px !important;}&#8221;][vc_column width=&#8221;1\/4&#8243;][\/vc_column][vc_column width=&#8221;1\/2&#8243;][vc_column_text] For all your questions, comments and orders we have prepared our fast contact form for you. After the delivery of [\u2026]","og_url":"https:\/\/www.turbocar.cz\/en\/enquiry\/","og_site_name":"TurboCar","article_modified_time":"2021-01-22T12:49:27+00:00","twitter_card":"summary_large_image","twitter_misc":{"Est. reading time":"1 minute"},"schema":{"@context":"https:\/\/schema.org","@graph":[{"@type":"WebPage","@id":"https:\/\/www.turbocar.cz\/en\/enquiry\/","url":"https:\/\/www.turbocar.cz\/en\/enquiry\/","name":"Enquiry - TurboCar","isPartOf":{"@id":"https:\/\/www.turbocar.cz\/#website"},"datePublished":"2021-01-04T12:10:04+00:00","dateModified":"2021-01-22T12:49:27+00:00","breadcrumb":{"@id":"https:\/\/www.turbocar.cz\/en\/enquiry\/#breadcrumb"},"inLanguage":"en-US","potentialAction":[{"@type":"ReadAction","target":["https:\/\/www.turbocar.cz\/en\/enquiry\/"]}]},{"@type":"BreadcrumbList","@id":"https:\/\/www.turbocar.cz\/en\/enquiry\/#breadcrumb","itemListElement":[{"@type":"ListItem","position":1,"name":"Home","item":"https:\/\/www.turbocar.cz\/en\/"},{"@type":"ListItem","position":2,"name":"Enquiry"}]},{"@type":"WebSite","@id":"https:\/\/www.turbocar.cz\/#website","url":"https:\/\/www.turbocar.cz\/","name":"TurboCar","description":"TurboCar, s.r.o. je nejv\u011bt\u0161\u00ed autorizovan\u00fd servis turbodmychadel v \u010cR. Nab\u00edz\u00edme tak\u00e9 prodej turbodmychadel v\u0161ech typ\u016f pro osobn\u00ed, n\u00e1kladn\u00ed a dr\u00e1\u017en\u00ed vozidla.","potentialAction":[{"@type":"SearchAction","target":{"@type":"EntryPoint","urlTemplate":"https:\/\/www.turbocar.cz\/?s={search_term_string}"},"query-input":{"@type":"PropertyValueSpecification","valueRequired":true,"valueName":"search_term_string"}}],"inLanguage":"en-US"}]}},"_links":{"self":[{"href":"https:\/\/www.turbocar.cz\/en\/wp-json\/wp\/v2\/pages\/3239","targetHints":{"allow":["GET"]}}],"collection":[{"href":"https:\/\/www.turbocar.cz\/en\/wp-json\/wp\/v2\/pages"}],"about":[{"href":"https:\/\/www.turbocar.cz\/en\/wp-json\/wp\/v2\/types\/page"}],"author":[{"embeddable":true,"href":"https:\/\/www.turbocar.cz\/en\/wp-json\/wp\/v2\/users\/2346"}],"replies":[{"embeddable":true,"href":"https:\/\/www.turbocar.cz\/en\/wp-json\/wp\/v2\/comments?post=3239"}],"version-history":[{"count":10,"href":"https:\/\/www.turbocar.cz\/en\/wp-json\/wp\/v2\/pages\/3239\/revisions"}],"predecessor-version":[{"id":3497,"href":"https:\/\/www.turbocar.cz\/en\/wp-json\/wp\/v2\/pages\/3239\/revisions\/3497"}],"wp:attachment":[{"href":"https:\/\/www.turbocar.cz\/en\/wp-json\/wp\/v2\/media?parent=3239"}],"curies":[{"name":"wp","href":"https:\/\/api.w.org\/{rel}","templated":true}]}}