{"id":3221,"date":"2021-01-04T12:42:39","date_gmt":"2021-01-04T11:42:39","guid":{"rendered":"https:\/\/www.turbocar.cz\/servis-a-opravy-velkych-turbodmychadel\/"},"modified":"2021-01-21T11:04:57","modified_gmt":"2021-01-21T10:04:57","slug":"servicing-of-large-turbochargers","status":"publish","type":"page","link":"https:\/\/www.turbocar.cz\/en\/servicing-of-large-turbochargers\/","title":{"rendered":"Servicing of large turbochargers"},"content":{"rendered":"<div class=\"wpb-content-wrapper\"><p>[vc_row][vc_column css=&#8221;.vc_custom_1609759399986{padding-top: 60px !important;}&#8221;][vc_column_text]<\/p>\n<h4 style=\"text-align: center\">We are the exclusive <strong>authorised servicing facility for large PBS Turbo turbochargers in the Czech Republic and Slovakia<\/strong><\/h4>\n<h4 style=\"text-align: center\">We offer the PBS Turbo turbochargers in an exchange manner.<\/h4>\n<p>[\/vc_column_text][vc_column_text]<\/p>\n<p style=\"text-align: center\">We make repairs mainly of these turbochargers:<\/p>\n<p style=\"text-align: center\">NR17, NR20, TCR12, TCR14, TCR16, TCR18,\u00a0PDH16, PDH25ZV, PDH35ZV, PDH50V, PDH50ZV, PDH70ZV, PTD230AH, PTD280AH, PTD281, PTR180&#8230;<\/p>\n<p>[\/vc_column_text][\/vc_column][\/vc_row][vc_row][vc_column width=&#8221;1\/2&#8243;][vc_column_text css=&#8221;.vc_custom_1610027041905{padding-top: 80px !important;}&#8221;]<\/p>\n<h3>Original Parts &amp; Original Service<\/h3>\n<ul>\n<li>We use <span style=\"color: #0baf4d\">original spare parts<\/span> from the PBS Turbo turbocharger manufacturer.<\/li>\n<li><span style=\"color: #0baf4d\">Discounts<\/span> for long-term cooperation.<\/li>\n<li>You can save a lot of money by using our original high quality replacement parts that enable you to take advantage <span style=\"color: #0baf4d\">of the best of your turbocharger.<\/span>.<\/li>\n<li><span style=\"color: #0baf4d\">Complete turbocharging advice.<\/span><\/li>\n<\/ul>\n<p>[\/vc_column_text][\/vc_column][vc_column width=&#8221;1\/2&#8243;][vc_single_image image=&#8221;2972&#8243; img_size=&#8221;full&#8221; onclick=&#8221;link_image&#8221;][\/vc_column][\/vc_row][vc_row][vc_column width=&#8221;1\/2&#8243;][vc_single_image image=&#8221;2976&#8243; img_size=&#8221;650&#215;588&#8243; alignment=&#8221;center&#8221; onclick=&#8221;link_image&#8221; css=&#8221;.vc_custom_1609761547295{padding-top: 50px !important;}&#8221;][\/vc_column][vc_column width=&#8221;1\/2&#8243;][vc_column_text css=&#8221;.vc_custom_1611222088280{padding-top: 50px !important;}&#8221;]<\/p>\n<h3>Turbochargers for GE Jenbacher<\/h3>\n<p>Besides other activities, we deal with servicing of turbochargers for the GE Jenbacher engines . We are able to ensure servicing of such turbochargers as\u00a0<span style=\"color: #0baf4d\">NR17, NR20 on the GE Jenbacher engines<\/span>in the countries as &#8211; Czech Republic, Slovakia, Hungary, Germany, Austria, Lithuania, Belarus, Moldova, Denmark, Slovenia, etc.[\/vc_column_text][\/vc_column][\/vc_row][vc_row css=&#8221;.vc_custom_1609833108607{padding-bottom: 30px !important;}&#8221;][vc_column width=&#8221;1\/2&#8243;][vc_column_text css=&#8221;.vc_custom_1610027383233{padding-top: 80px !important;}&#8221;]<\/p>\n<h3>ABB, KBB and Napier turbochargers<\/h3>\n<p>Our specialisation covers also the ABB, KBB and Napier turbochargers, etc., where we have belonged, on a long-term basis, among the top companies on the European market.<\/p>\n<h4><strong>Turbochargers: <\/strong><\/h4>\n<p>KBB 4000, Napier 295[\/vc_column_text][\/vc_column][vc_column width=&#8221;1\/2&#8243;][vc_single_image image=&#8221;2980&#8243; img_size=&#8221;full&#8221; onclick=&#8221;link_image&#8221; css=&#8221;.vc_custom_1609761444082{padding-top: 90px !important;}&#8221;][\/vc_column][\/vc_row]<\/p>\n<\/div>","protected":false},"excerpt":{"rendered":"<p>[vc_row][vc_column css=&#8221;.vc_custom_1609759399986{padding-top: 60px !important;}&#8221;][vc_column_text] We are the exclusive authorised servicing facility for large PBS Turbo turbochargers in the Czech Republic and Slovakia We offer the PBS<span class=\"excerpt-hellip\"> [\u2026]<\/span><\/p>\n","protected":false},"author":2346,"featured_media":0,"parent":0,"menu_order":0,"comment_status":"closed","ping_status":"closed","template":"","meta":{"footnotes":""},"class_list":["post-3221","page","type-page","status-publish","hentry"],"yoast_head":"<title>Servicing of large turbochargers - TurboCar<\/title>\n<meta name=\"robots\" content=\"index, follow, max-snippet:-1, max-image-preview:large, max-video-preview:-1\" \/>\n<link rel=\"canonical\" href=\"https:\/\/www.turbocar.cz\/en\/servicing-of-large-turbochargers\/\" \/>\n<meta property=\"og:locale\" content=\"en_US\" \/>\n<meta property=\"og:type\" content=\"article\" \/>\n<meta property=\"og:title\" content=\"Servicing of large turbochargers - TurboCar\" \/>\n<meta property=\"og:description\" content=\"[vc_row][vc_column css=&#8221;.vc_custom_1609759399986{padding-top: 60px !important;}&#8221;][vc_column_text] We are the exclusive authorised servicing facility for large PBS Turbo turbochargers in the Czech Republic and Slovakia We offer the PBS [\u2026]\" \/>\n<meta property=\"og:url\" content=\"https:\/\/www.turbocar.cz\/en\/servicing-of-large-turbochargers\/\" \/>\n<meta property=\"og:site_name\" content=\"TurboCar\" \/>\n<meta property=\"article:modified_time\" content=\"2021-01-21T10:04:57+00:00\" \/>\n<meta name=\"twitter:card\" content=\"summary_large_image\" \/>\n<meta name=\"twitter:label1\" content=\"Est. reading time\" \/>\n\t<meta name=\"twitter:data1\" content=\"2 minutes\" \/>\n<script type=\"application\/ld+json\" class=\"yoast-schema-graph\">{\"@context\":\"https:\/\/schema.org\",\"@graph\":[{\"@type\":\"WebPage\",\"@id\":\"https:\/\/www.turbocar.cz\/en\/servicing-of-large-turbochargers\/\",\"url\":\"https:\/\/www.turbocar.cz\/en\/servicing-of-large-turbochargers\/\",\"name\":\"Servicing of large turbochargers - TurboCar\",\"isPartOf\":{\"@id\":\"https:\/\/www.turbocar.cz\/#website\"},\"datePublished\":\"2021-01-04T11:42:39+00:00\",\"dateModified\":\"2021-01-21T10:04:57+00:00\",\"breadcrumb\":{\"@id\":\"https:\/\/www.turbocar.cz\/en\/servicing-of-large-turbochargers\/#breadcrumb\"},\"inLanguage\":\"en-US\",\"potentialAction\":[{\"@type\":\"ReadAction\",\"target\":[\"https:\/\/www.turbocar.cz\/en\/servicing-of-large-turbochargers\/\"]}]},{\"@type\":\"BreadcrumbList\",\"@id\":\"https:\/\/www.turbocar.cz\/en\/servicing-of-large-turbochargers\/#breadcrumb\",\"itemListElement\":[{\"@type\":\"ListItem\",\"position\":1,\"name\":\"Home\",\"item\":\"https:\/\/www.turbocar.cz\/en\/\"},{\"@type\":\"ListItem\",\"position\":2,\"name\":\"Servicing of large turbochargers\"}]},{\"@type\":\"WebSite\",\"@id\":\"https:\/\/www.turbocar.cz\/#website\",\"url\":\"https:\/\/www.turbocar.cz\/\",\"name\":\"TurboCar\",\"description\":\"TurboCar, s.r.o. je nejv\u011bt\u0161\u00ed autorizovan\u00fd servis turbodmychadel v \u010cR. Nab\u00edz\u00edme tak\u00e9 prodej turbodmychadel v\u0161ech typ\u016f pro osobn\u00ed, n\u00e1kladn\u00ed a dr\u00e1\u017en\u00ed vozidla.\",\"potentialAction\":[{\"@type\":\"SearchAction\",\"target\":{\"@type\":\"EntryPoint\",\"urlTemplate\":\"https:\/\/www.turbocar.cz\/?s={search_term_string}\"},\"query-input\":{\"@type\":\"PropertyValueSpecification\",\"valueRequired\":true,\"valueName\":\"search_term_string\"}}],\"inLanguage\":\"en-US\"}]}<\/script>","yoast_head_json":{"title":"Servicing of large turbochargers - TurboCar","robots":{"index":"index","follow":"follow","max-snippet":"max-snippet:-1","max-image-preview":"max-image-preview:large","max-video-preview":"max-video-preview:-1"},"canonical":"https:\/\/www.turbocar.cz\/en\/servicing-of-large-turbochargers\/","og_locale":"en_US","og_type":"article","og_title":"Servicing of large turbochargers - TurboCar","og_description":"[vc_row][vc_column css=&#8221;.vc_custom_1609759399986{padding-top: 60px !important;}&#8221;][vc_column_text] We are the exclusive authorised servicing facility for large PBS Turbo turbochargers in the Czech Republic and Slovakia We offer the PBS [\u2026]","og_url":"https:\/\/www.turbocar.cz\/en\/servicing-of-large-turbochargers\/","og_site_name":"TurboCar","article_modified_time":"2021-01-21T10:04:57+00:00","twitter_card":"summary_large_image","twitter_misc":{"Est. reading time":"2 minutes"},"schema":{"@context":"https:\/\/schema.org","@graph":[{"@type":"WebPage","@id":"https:\/\/www.turbocar.cz\/en\/servicing-of-large-turbochargers\/","url":"https:\/\/www.turbocar.cz\/en\/servicing-of-large-turbochargers\/","name":"Servicing of large turbochargers - TurboCar","isPartOf":{"@id":"https:\/\/www.turbocar.cz\/#website"},"datePublished":"2021-01-04T11:42:39+00:00","dateModified":"2021-01-21T10:04:57+00:00","breadcrumb":{"@id":"https:\/\/www.turbocar.cz\/en\/servicing-of-large-turbochargers\/#breadcrumb"},"inLanguage":"en-US","potentialAction":[{"@type":"ReadAction","target":["https:\/\/www.turbocar.cz\/en\/servicing-of-large-turbochargers\/"]}]},{"@type":"BreadcrumbList","@id":"https:\/\/www.turbocar.cz\/en\/servicing-of-large-turbochargers\/#breadcrumb","itemListElement":[{"@type":"ListItem","position":1,"name":"Home","item":"https:\/\/www.turbocar.cz\/en\/"},{"@type":"ListItem","position":2,"name":"Servicing of large turbochargers"}]},{"@type":"WebSite","@id":"https:\/\/www.turbocar.cz\/#website","url":"https:\/\/www.turbocar.cz\/","name":"TurboCar","description":"TurboCar, s.r.o. je nejv\u011bt\u0161\u00ed autorizovan\u00fd servis turbodmychadel v \u010cR. Nab\u00edz\u00edme tak\u00e9 prodej turbodmychadel v\u0161ech typ\u016f pro osobn\u00ed, n\u00e1kladn\u00ed a dr\u00e1\u017en\u00ed vozidla.","potentialAction":[{"@type":"SearchAction","target":{"@type":"EntryPoint","urlTemplate":"https:\/\/www.turbocar.cz\/?s={search_term_string}"},"query-input":{"@type":"PropertyValueSpecification","valueRequired":true,"valueName":"search_term_string"}}],"inLanguage":"en-US"}]}},"_links":{"self":[{"href":"https:\/\/www.turbocar.cz\/en\/wp-json\/wp\/v2\/pages\/3221","targetHints":{"allow":["GET"]}}],"collection":[{"href":"https:\/\/www.turbocar.cz\/en\/wp-json\/wp\/v2\/pages"}],"about":[{"href":"https:\/\/www.turbocar.cz\/en\/wp-json\/wp\/v2\/types\/page"}],"author":[{"embeddable":true,"href":"https:\/\/www.turbocar.cz\/en\/wp-json\/wp\/v2\/users\/2346"}],"replies":[{"embeddable":true,"href":"https:\/\/www.turbocar.cz\/en\/wp-json\/wp\/v2\/comments?post=3221"}],"version-history":[{"count":9,"href":"https:\/\/www.turbocar.cz\/en\/wp-json\/wp\/v2\/pages\/3221\/revisions"}],"predecessor-version":[{"id":3425,"href":"https:\/\/www.turbocar.cz\/en\/wp-json\/wp\/v2\/pages\/3221\/revisions\/3425"}],"wp:attachment":[{"href":"https:\/\/www.turbocar.cz\/en\/wp-json\/wp\/v2\/media?parent=3221"}],"curies":[{"name":"wp","href":"https:\/\/api.w.org\/{rel}","templated":true}]}}