{"id":3212,"date":"2020-12-23T14:19:45","date_gmt":"2020-12-23T13:19:45","guid":{"rendered":"https:\/\/www.turbocar.cz\/servis-a-opravy-malych-turbodmychadel\/"},"modified":"2021-01-21T11:03:28","modified_gmt":"2021-01-21T10:03:28","slug":"servicing-and-repairs-of-turbochargers","status":"publish","type":"page","link":"https:\/\/www.turbocar.cz\/en\/servicing-and-repairs-of-turbochargers\/","title":{"rendered":"Servicing and repairs of turbochargers"},"content":{"rendered":"<div class=\"wpb-content-wrapper\"><p>[vc_row css=&#8221;.vc_custom_1465594184770{padding-top: 40px !important;padding-right: 15px !important;}&#8221;][vc_column width=&#8221;1\/2&#8243; css=&#8221;.vc_custom_1466194975199{padding-left: -20px !important;}&#8221;][vc_single_image image=&#8221;2728&#8243; img_size=&#8221;full&#8221; alignment=&#8221;center&#8221; onclick=&#8221;link_image&#8221;][\/vc_column][vc_column width=&#8221;1\/2&#8243;][vc_column_text css=&#8221;.vc_custom_1610023597456{border-left-width: 1px !important;padding-top: 20px !important;padding-right: 15px !important;padding-left: 15px !important;border-left-color: #d6d6d6 !important;border-left-style: solid !important;}&#8221;]<\/p>\n<h3>We repair all turbochargers on the market::<\/h3>\n<ul class=\"list_mixed\">\n<li style=\"list-style-type: none\">\n<ul class=\"list_mixed\">\n<li class=\"list_check\">GARRET, KKK, HOLSET, SCHWITZER, IHI, MITSUBISHI, \u010cZ.<\/li>\n<li class=\"list_check\">We purchase original spare parts directly <span style=\"color: #0baf4d\"> from turbocharger manufacturers.<\/span><\/li>\n<li class=\"list_check\">We perform repairs of the \u010cZ and PBS Turbo turbochargers in <span style=\"color: #0baf4d\">an exchange manner.<\/span><\/li>\n<\/ul>\n<\/li>\n<\/ul>\n<p>[\/vc_column_text][\/vc_column][\/vc_row][vc_row][vc_column css=&#8221;.vc_custom_1609849094012{padding-top: 30px !important;padding-bottom: 30px !important;}&#8221;][vc_column_text]<\/p>\n<h2 style=\"text-align: center\">Repairs of turbochargers:<\/h2>\n<p>[\/vc_column_text][\/vc_column][\/vc_row][vc_row][vc_column width=&#8221;1\/2&#8243;][vc_column_text]<\/p>\n<h3>Balancing machine<\/h3>\n<p><span style=\"color: #0baf4d\"> A guarantee for a high quality<\/span> of our repairs is the separately counterbalanced shaft of the turbocharger. We balance shafts on original balancing machines of the German brand \u201cSchenck\u201d.<\/p>\n<p>At present our company has <span style=\"color: #0baf4d\">two balancing machines of this brand.[\/vc_column_text][\/vc_column][vc_column width=&#8221;1\/4&#8243;]<div class=\"zoom_box\"><div class=\"photo\"><img loading=\"lazy\" decoding=\"async\" class=\"scale-with-grid\" src=\"https:\/\/www.turbocar.cz\/wp-content\/uploads\/sites\/290\/2020\/12\/Obr.-2.jpg\" alt=\"\" width=\"236\" height=\"200\"\/><\/div><div class=\"desc\" style=\"background-color: rgba(98, 98, 98, 0.8);\"><div class=\"desc_wrap\"><div class=\"desc_txt\">Schenck CAB 700 TB balancing machine &#8211; for small rotors<\/div><\/div><\/div><\/div>\n[\/vc_column][vc_column width=&#8221;1\/4&#8243;]<div class=\"zoom_box\"><div class=\"photo\"><img loading=\"lazy\" decoding=\"async\" class=\"scale-with-grid\" src=\"https:\/\/www.turbocar.cz\/wp-content\/uploads\/sites\/290\/2020\/12\/Obr.-3.jpg\" alt=\"\" width=\"161\" height=\"200\"\/><\/div><div class=\"desc\" style=\"background-color: rgba(98, 98, 98, 0.8);\"><div class=\"desc_wrap\"><div class=\"desc_txt\"> Schenck CAB 803 balancing machine &#8211; for large rotors<\/div><\/div><\/div><\/div>\n[\/vc_column][\/vc_row][vc_row][vc_column width=&#8221;1\/6&#8243; css=&#8221;.vc_custom_1609761780417{padding-top: 23px !important;}&#8221;][vc_single_image image=&#8221;2748&#8243; img_size=&#8221;full&#8221; onclick=&#8221;link_image&#8221;][\/vc_column][vc_column width=&#8221;1\/6&#8243; css=&#8221;.vc_custom_1609761744014{padding-top: 45px !important;}&#8221;][vc_single_image image=&#8221;2752&#8243; img_size=&#8221;full&#8221; onclick=&#8221;link_image&#8221;][\/vc_column][vc_column width=&#8221;1\/6&#8243; css=&#8221;.vc_custom_1609761750045{padding-top: 45px !important;}&#8221;][vc_single_image image=&#8221;2756&#8243; img_size=&#8221;full&#8221; onclick=&#8221;link_image&#8221;][\/vc_column][vc_column width=&#8221;1\/2&#8243;][vc_column_text]<\/span><\/p>\n<h3>MRV-2<\/h3>\n<p>Our company owns <span style=\"color: #0baf4d\">special testing equipment for the checking of functionality of the bearing centre \u2013 MRV-2.<\/span> During this test, rotor speed is assessed, rotor vibration value is ascertained, seals are checked for oil leakage and a short running-in of bearings is carried out. For turbochargers with an electronic regulation system we can offer the testing of their electronic valve on <span style=\"color: #0baf4d\">the electronic testing equipment<\/span> which is considered as a top European technology in this area. For the cleaning of surfaces of parts of turbochargers we use a sandblasting process in a blasting box.[\/vc_column_text][\/vc_column][\/vc_row][vc_row][vc_column width=&#8221;1\/2&#8243;][vc_column_text]<\/p>\n<h3>Types of overhauls:<\/h3>\n<ul class=\"list_mixed\">\n<li style=\"list-style-type: none\">\n<ul class=\"list_mixed\">\n<li style=\"list-style-type: none\">\n<ul>\n<li><strong><span style=\"color: #0baf4d\">Turbocharger inspection<\/span><\/strong> &#8211; complete cleaning, testing on the MRV II testing stand and setting of the regulation valve.<\/li>\n<li><strong><span style=\"color: #0baf4d\">Basic repair (against oil leakage)<\/span><\/strong> &#8211; original repair set, new bearings, piston rings, seals, etc. We perform furthermore the rotor balancing, cleaning and testing on the MRV testing stand. After testing on the testing stand, a Test Report on the 100% quality of the turbocharger repair is issued.<\/li>\n<li><strong><span style=\"color: #0baf4d\">Large repair (in the case of a shaft damage)<\/span><\/strong> &#8211; we will use a new bearing centre for the turbocharger (this means the entire new inner part of the turbocharger \u2013 rotor, compressor wheel and central box with bearings).<\/li>\n<\/ul>\n<\/li>\n<\/ul>\n<\/li>\n<\/ul>\n<p><strong><span style=\"color: #0baf4d\">The repair price calculation<\/span><\/strong> Is only carried out after dismantling of the turbocharger and depends on the type of damage. The dismantling and visual inspection of a turbocharger are free of charge at our facility. The term of repair is till the next day on a standard basis. Subject to an agreement, we are able to carry out a repair of a turbocharger on the same day as well. For a proper operation of all types of turbochargers we offer a complete range of advisory services.[\/vc_column_text][\/vc_column][vc_column width=&#8221;1\/6&#8243; css=&#8221;.vc_custom_1609849380358{padding-top: 120px !important;}&#8221;][vc_single_image image=&#8221;2762&#8243; img_size=&#8221;full&#8221; onclick=&#8221;link_image&#8221;][\/vc_column][vc_column width=&#8221;1\/6&#8243; css=&#8221;.vc_custom_1609849388339{padding-top: 120px !important;}&#8221;][vc_single_image image=&#8221;2766&#8243; img_size=&#8221;full&#8221; onclick=&#8221;link_image&#8221;][\/vc_column][vc_column width=&#8221;1\/6&#8243; css=&#8221;.vc_custom_1609849394898{padding-top: 120px !important;}&#8221;][vc_single_image image=&#8221;2770&#8243; img_size=&#8221;full&#8221; onclick=&#8221;link_image&#8221;][\/vc_column][\/vc_row][vc_row][vc_column width=&#8221;1\/6&#8243;][vc_single_image image=&#8221;2775&#8243; img_size=&#8221;full&#8221; onclick=&#8221;link_image&#8221;][\/vc_column][vc_column width=&#8221;1\/6&#8243;][vc_single_image image=&#8221;2779&#8243; img_size=&#8221;full&#8221; onclick=&#8221;link_image&#8221;][\/vc_column][vc_column width=&#8221;1\/6&#8243;][vc_single_image image=&#8221;2783&#8243; img_size=&#8221;full&#8221; onclick=&#8221;link_image&#8221;][\/vc_column][vc_column width=&#8221;1\/2&#8243;][vc_column_text]<\/p>\n<h3>NEW original turbocharagers in stock<\/h3>\n<p>Garrett by Honeywell, Borg Warner Turbo Systems (KKK &amp; Schwitzer), Holset, Mitsubishi, IHI.[\/vc_column_text][\/vc_column][\/vc_row]<\/p>\n<\/div>","protected":false},"excerpt":{"rendered":"<p>[vc_row css=&#8221;.vc_custom_1465594184770{padding-top: 40px !important;padding-right: 15px !important;}&#8221;][vc_column width=&#8221;1\/2&#8243; css=&#8221;.vc_custom_1466194975199{padding-left: -20px !important;}&#8221;][vc_single_image image=&#8221;2728&#8243; img_size=&#8221;full&#8221; alignment=&#8221;center&#8221; onclick=&#8221;link_image&#8221;][\/vc_column][vc_column width=&#8221;1\/2&#8243;][vc_column_text css=&#8221;.vc_custom_1610023597456{border-left-width: 1px !important;padding-top: 20px !important;padding-right: 15px !important;padding-left: 15px !important;border-left-color: #d6d6d6 !important;border-left-style:<span class=\"excerpt-hellip\"> [\u2026]<\/span><\/p>\n","protected":false},"author":2346,"featured_media":0,"parent":0,"menu_order":0,"comment_status":"closed","ping_status":"closed","template":"","meta":{"footnotes":""},"class_list":["post-3212","page","type-page","status-publish","hentry"],"yoast_head":"<title>Servicing and repairs of turbochargers - TurboCar<\/title>\n<meta name=\"robots\" content=\"index, follow, max-snippet:-1, max-image-preview:large, max-video-preview:-1\" \/>\n<link rel=\"canonical\" href=\"https:\/\/www.turbocar.cz\/en\/servicing-and-repairs-of-turbochargers\/\" \/>\n<meta property=\"og:locale\" content=\"en_US\" \/>\n<meta property=\"og:type\" content=\"article\" \/>\n<meta property=\"og:title\" content=\"Servicing and repairs of turbochargers - TurboCar\" \/>\n<meta property=\"og:description\" content=\"[vc_row css=&#8221;.vc_custom_1465594184770{padding-top: 40px !important;padding-right: 15px !important;}&#8221;][vc_column width=&#8221;1\/2&#8243; css=&#8221;.vc_custom_1466194975199{padding-left: -20px !important;}&#8221;][vc_single_image image=&#8221;2728&#8243; img_size=&#8221;full&#8221; alignment=&#8221;center&#8221; onclick=&#8221;link_image&#8221;][\/vc_column][vc_column width=&#8221;1\/2&#8243;][vc_column_text css=&#8221;.vc_custom_1610023597456{border-left-width: 1px !important;padding-top: 20px !important;padding-right: 15px !important;padding-left: 15px !important;border-left-color: #d6d6d6 !important;border-left-style: [\u2026]\" \/>\n<meta property=\"og:url\" content=\"https:\/\/www.turbocar.cz\/en\/servicing-and-repairs-of-turbochargers\/\" \/>\n<meta property=\"og:site_name\" content=\"TurboCar\" \/>\n<meta property=\"article:modified_time\" content=\"2021-01-21T10:03:28+00:00\" \/>\n<meta name=\"twitter:card\" content=\"summary_large_image\" \/>\n<meta name=\"twitter:label1\" content=\"Est. reading time\" \/>\n\t<meta name=\"twitter:data1\" content=\"4 minutes\" \/>\n<script type=\"application\/ld+json\" class=\"yoast-schema-graph\">{\"@context\":\"https:\/\/schema.org\",\"@graph\":[{\"@type\":\"WebPage\",\"@id\":\"https:\/\/www.turbocar.cz\/en\/servicing-and-repairs-of-turbochargers\/\",\"url\":\"https:\/\/www.turbocar.cz\/en\/servicing-and-repairs-of-turbochargers\/\",\"name\":\"Servicing and repairs of turbochargers - TurboCar\",\"isPartOf\":{\"@id\":\"https:\/\/www.turbocar.cz\/#website\"},\"datePublished\":\"2020-12-23T13:19:45+00:00\",\"dateModified\":\"2021-01-21T10:03:28+00:00\",\"breadcrumb\":{\"@id\":\"https:\/\/www.turbocar.cz\/en\/servicing-and-repairs-of-turbochargers\/#breadcrumb\"},\"inLanguage\":\"en-US\",\"potentialAction\":[{\"@type\":\"ReadAction\",\"target\":[\"https:\/\/www.turbocar.cz\/en\/servicing-and-repairs-of-turbochargers\/\"]}]},{\"@type\":\"BreadcrumbList\",\"@id\":\"https:\/\/www.turbocar.cz\/en\/servicing-and-repairs-of-turbochargers\/#breadcrumb\",\"itemListElement\":[{\"@type\":\"ListItem\",\"position\":1,\"name\":\"Home\",\"item\":\"https:\/\/www.turbocar.cz\/en\/\"},{\"@type\":\"ListItem\",\"position\":2,\"name\":\"Servicing and repairs of turbochargers\"}]},{\"@type\":\"WebSite\",\"@id\":\"https:\/\/www.turbocar.cz\/#website\",\"url\":\"https:\/\/www.turbocar.cz\/\",\"name\":\"TurboCar\",\"description\":\"TurboCar, s.r.o. je nejv\u011bt\u0161\u00ed autorizovan\u00fd servis turbodmychadel v \u010cR. Nab\u00edz\u00edme tak\u00e9 prodej turbodmychadel v\u0161ech typ\u016f pro osobn\u00ed, n\u00e1kladn\u00ed a dr\u00e1\u017en\u00ed vozidla.\",\"potentialAction\":[{\"@type\":\"SearchAction\",\"target\":{\"@type\":\"EntryPoint\",\"urlTemplate\":\"https:\/\/www.turbocar.cz\/?s={search_term_string}\"},\"query-input\":{\"@type\":\"PropertyValueSpecification\",\"valueRequired\":true,\"valueName\":\"search_term_string\"}}],\"inLanguage\":\"en-US\"}]}<\/script>","yoast_head_json":{"title":"Servicing and repairs of turbochargers - TurboCar","robots":{"index":"index","follow":"follow","max-snippet":"max-snippet:-1","max-image-preview":"max-image-preview:large","max-video-preview":"max-video-preview:-1"},"canonical":"https:\/\/www.turbocar.cz\/en\/servicing-and-repairs-of-turbochargers\/","og_locale":"en_US","og_type":"article","og_title":"Servicing and repairs of turbochargers - TurboCar","og_description":"[vc_row css=&#8221;.vc_custom_1465594184770{padding-top: 40px !important;padding-right: 15px !important;}&#8221;][vc_column width=&#8221;1\/2&#8243; css=&#8221;.vc_custom_1466194975199{padding-left: -20px !important;}&#8221;][vc_single_image image=&#8221;2728&#8243; img_size=&#8221;full&#8221; alignment=&#8221;center&#8221; onclick=&#8221;link_image&#8221;][\/vc_column][vc_column width=&#8221;1\/2&#8243;][vc_column_text css=&#8221;.vc_custom_1610023597456{border-left-width: 1px !important;padding-top: 20px !important;padding-right: 15px !important;padding-left: 15px !important;border-left-color: #d6d6d6 !important;border-left-style: [\u2026]","og_url":"https:\/\/www.turbocar.cz\/en\/servicing-and-repairs-of-turbochargers\/","og_site_name":"TurboCar","article_modified_time":"2021-01-21T10:03:28+00:00","twitter_card":"summary_large_image","twitter_misc":{"Est. reading time":"4 minutes"},"schema":{"@context":"https:\/\/schema.org","@graph":[{"@type":"WebPage","@id":"https:\/\/www.turbocar.cz\/en\/servicing-and-repairs-of-turbochargers\/","url":"https:\/\/www.turbocar.cz\/en\/servicing-and-repairs-of-turbochargers\/","name":"Servicing and repairs of turbochargers - TurboCar","isPartOf":{"@id":"https:\/\/www.turbocar.cz\/#website"},"datePublished":"2020-12-23T13:19:45+00:00","dateModified":"2021-01-21T10:03:28+00:00","breadcrumb":{"@id":"https:\/\/www.turbocar.cz\/en\/servicing-and-repairs-of-turbochargers\/#breadcrumb"},"inLanguage":"en-US","potentialAction":[{"@type":"ReadAction","target":["https:\/\/www.turbocar.cz\/en\/servicing-and-repairs-of-turbochargers\/"]}]},{"@type":"BreadcrumbList","@id":"https:\/\/www.turbocar.cz\/en\/servicing-and-repairs-of-turbochargers\/#breadcrumb","itemListElement":[{"@type":"ListItem","position":1,"name":"Home","item":"https:\/\/www.turbocar.cz\/en\/"},{"@type":"ListItem","position":2,"name":"Servicing and repairs of turbochargers"}]},{"@type":"WebSite","@id":"https:\/\/www.turbocar.cz\/#website","url":"https:\/\/www.turbocar.cz\/","name":"TurboCar","description":"TurboCar, s.r.o. je nejv\u011bt\u0161\u00ed autorizovan\u00fd servis turbodmychadel v \u010cR. Nab\u00edz\u00edme tak\u00e9 prodej turbodmychadel v\u0161ech typ\u016f pro osobn\u00ed, n\u00e1kladn\u00ed a dr\u00e1\u017en\u00ed vozidla.","potentialAction":[{"@type":"SearchAction","target":{"@type":"EntryPoint","urlTemplate":"https:\/\/www.turbocar.cz\/?s={search_term_string}"},"query-input":{"@type":"PropertyValueSpecification","valueRequired":true,"valueName":"search_term_string"}}],"inLanguage":"en-US"}]}},"_links":{"self":[{"href":"https:\/\/www.turbocar.cz\/en\/wp-json\/wp\/v2\/pages\/3212","targetHints":{"allow":["GET"]}}],"collection":[{"href":"https:\/\/www.turbocar.cz\/en\/wp-json\/wp\/v2\/pages"}],"about":[{"href":"https:\/\/www.turbocar.cz\/en\/wp-json\/wp\/v2\/types\/page"}],"author":[{"embeddable":true,"href":"https:\/\/www.turbocar.cz\/en\/wp-json\/wp\/v2\/users\/2346"}],"replies":[{"embeddable":true,"href":"https:\/\/www.turbocar.cz\/en\/wp-json\/wp\/v2\/comments?post=3212"}],"version-history":[{"count":2,"href":"https:\/\/www.turbocar.cz\/en\/wp-json\/wp\/v2\/pages\/3212\/revisions"}],"predecessor-version":[{"id":3426,"href":"https:\/\/www.turbocar.cz\/en\/wp-json\/wp\/v2\/pages\/3212\/revisions\/3426"}],"wp:attachment":[{"href":"https:\/\/www.turbocar.cz\/en\/wp-json\/wp\/v2\/media?parent=3212"}],"curies":[{"name":"wp","href":"https:\/\/api.w.org\/{rel}","templated":true}]}}