{"id":3568,"date":"2021-01-29T15:09:30","date_gmt":"2021-01-29T14:09:30","guid":{"rendered":"https:\/\/www.turbocar.cz\/schutz-personenbezogener-daten\/"},"modified":"2021-05-25T19:14:13","modified_gmt":"2021-05-25T18:14:13","slug":"schutz-personenbezogener-daten","status":"publish","type":"page","link":"https:\/\/www.turbocar.cz\/de\/schutz-personenbezogener-daten\/","title":{"rendered":"Schutz personenbezogener Daten"},"content":{"rendered":"<div class=\"wpb-content-wrapper\"><p>[vc_row css=&#8221;.vc_custom_1465589432702{padding-top: 50px !important;}&#8221;][vc_column][vc_column_text]<\/p>\n<h4><strong>Informationen zur Verarbeitung personenbezogener Daten f\u00fcr Lieferanten und Kunden<\/strong><\/h4>\n<p><strong>Administrator f\u00fcr personenbezogene Daten<\/strong>: Turbocar , sro I\u010cO: 63495066, mit Sitz in U D\u00e1lnice 620 Velk\u00e1 B\u00edte\u0161 , Tschechische Republik<br \/>\n<strong>Kontaktdaten des Administrators<\/strong>: VF, Telefon : 566 531 246 , E-Mail: <a href=\"mailto:servis@www.turbocar.cz\">servis@www.turbocar.cz<\/a><\/p>\n<p><strong>Zweck<\/strong> der Verarbeitung personenbezogener Daten:<\/p>\n<ul>\n<li>Verarbeitung von Bestellungen, die Lieferung der bestellten Waren sowie alle Angelegenheiten mit dem zugeh\u00f6rigen<\/li>\n<li>Verarbeiten der Anforderung f\u00fcr die Lieferung von Waren und Dienstleistungen, Wareneingang und alle Angelegenheiten mit dem zugeh\u00f6rigen<\/li>\n<li>Marketingkommunikation, Versand von Newslettern , Einladungen zu Messen<\/li>\n<li>Einladungen zu sportlichen und gesellschaftlichen Veranstaltungen<\/li>\n<\/ul>\n<p><strong>Rechtsgrundlage<\/strong> f\u00fcr die Verarbeitung personenbezogener Daten:<\/p>\n<ul>\n<li>das berechtigte Interesse des Administrators f\u00fcr alle oben genannten Zwecke<\/li>\n<\/ul>\n<p>Die Bereitstellung personenbezogener Daten ist <strong>eine vertragliche Voraussetzung<\/strong> , um die Zwecke gem\u00e4\u00df der Zustimmung und dem berechtigten Interesse des Administrators erf\u00fcllen zu k\u00f6nnen .<br \/>\n<strong>Die Bereitstellung personenbezogener Daten erfolgt<\/strong><\/p>\n<ul>\n<li>obligatorisch f\u00fcr die Auftragserf\u00fcllung durch den Lieferanten sowie f\u00fcr Kunden- und Marketingzwecke<\/li>\n<li>freiwillig f\u00fcr arbeitsfreie Veranstaltungen<\/li>\n<\/ul>\n<p>[\/vc_column_text][\/vc_column][\/vc_row][vc_row css=&#8221;.vc_custom_1608722561156{padding-top: 0px !important;}&#8221;][vc_column][vc_column_text]<\/p>\n<h4>ALLGEMEINE RECHTE:<\/h4>\n<ul>\n<li><strong>Sie haben das Recht,<\/strong> Zugang zu Ihren pers\u00f6nlichen Daten zu erhalten, dh eine Best\u00e4tigung dar\u00fcber zu erhalten, ob Ihre pers\u00f6nlichen Daten verarbeitet werden oder nicht; In diesem Fall haben Sie das Recht, auf diese Daten und andere spezifische Informationen zuzugreifen<\/li>\n<li><strong>Sie haben das Recht,<\/strong> Ihre verarbeiteten personenbezogenen Daten zu korrigieren, wenn diese ungenau sind. Unter Ber\u00fccksichtigung der Verarbeitungszwecke <strong>k\u00f6nnen Sie die Vervollst\u00e4ndigung unvollst\u00e4ndiger<\/strong> personenbezogener Daten verlangen<\/li>\n<li><strong>Sie haben das Recht,<\/strong> personenbezogene Daten in gesetzlich vorgeschriebenen F\u00e4llen zu l\u00f6schen<\/li>\n<li><strong>Sie haben das Recht<\/strong>, die Verarbeitung personenbezogener Daten in gesetzlich vorgeschriebenen F\u00e4llen einzuschr\u00e4nken<\/li>\n<li><strong>Sie k\u00f6nnen Ihre pers\u00f6nlichen Daten<\/strong>in einem strukturierten, allgemein verwendeten und maschinenlesbaren Format erhalten und <strong>Ihre pers\u00f6nlichen Daten an einen anderen Administrator weitergeben<\/strong><\/li>\n<li><strong>Sie k\u00f6nnen Ihre Einwilligung zur Verarbeitung personenbezogener Daten jederzeit widerrufen<\/strong>, unbeschadet der Rechtm\u00e4\u00dfigkeit der Verarbeitung vor einem solchen Widerruf<\/li>\n<li><strong>Sie haben das Recht<\/strong>, eine Beschwerde beim Amt f\u00fcr den Schutz personenbezogener Daten einzureichen, wenn Sie der Ansicht sind, dass der f\u00fcr die Verarbeitung personenbezogener Daten Verantwortliche Ihre personenbezogenen Daten illegal verarbeitet oder auf andere Weise Ihre Rechte verletzt<\/li>\n<\/ul>\n<p>[\/vc_column_text][\/vc_column][\/vc_row][vc_row css=&#8221;.vc_custom_1608722561156{padding-top: 0px !important;}&#8221;][vc_column][vc_column_text]<\/p>\n<h4>SONDERRECHT:<\/h4>\n<ul>\n<li>Sie haben jederzeit das Recht, der Verarbeitung personenbezogener Daten, die Sie betreffen, zu widersprechen. Sobald ein Einspruch erhoben wird, werden Ihre pers\u00f6nlichen Daten zu diesem Zweck nicht mehr verarbeitet<\/li>\n<\/ul>\n<p><strong>Personenbezogene Daten werden ebenfalls \u00fcberpr\u00fcft oder aus \u00f6ffentlich zug\u00e4nglichen Quellen bezogen<\/strong>(Handelsregister, Register, die \u00fcber den ARES-Antrag des Finanzministeriums verbunden sind).<\/p>\n<p><strong>Personenbezogene Daten werden gem\u00e4\u00df den gesetzlichen Bestimmungen f\u00fcr einen Zeitraum von 10 Jahren ab der Bearbeitung der letzten Bestellung verarbeitet, unabh\u00e4ngig davon, ob der Administrator auf der Seite des Lieferanten oder des Kunden steht.<\/strong><\/p>\n<p><strong>Zur Sicherung personenbezogener Daten<\/strong> hat der f\u00fcr die Verarbeitung Verantwortliche geeignete technische und organisatorische Ma\u00dfnahmen getroffen, auf die nur befugte Personen Zugriff haben.<br \/>\nNach Ablauf der Aufbewahrungsfrist f\u00fcr personenbezogene Daten werden diese <strong>Daten gel\u00f6scht<\/strong>.[\/vc_column_text][\/vc_column][\/vc_row]<\/p>\n<\/div>","protected":false},"excerpt":{"rendered":"<p>[vc_row css=&#8221;.vc_custom_1465589432702{padding-top: 50px !important;}&#8221;][vc_column][vc_column_text] Informationen zur Verarbeitung personenbezogener Daten f\u00fcr Lieferanten und Kunden Administrator f\u00fcr personenbezogene Daten: Turbocar , sro I\u010cO: 63495066, mit Sitz in U<span class=\"excerpt-hellip\"> [\u2026]<\/span><\/p>\n","protected":false},"author":1,"featured_media":0,"parent":0,"menu_order":0,"comment_status":"closed","ping_status":"closed","template":"","meta":{"footnotes":""},"class_list":["post-3568","page","type-page","status-publish","hentry"],"yoast_head":"<title>Schutz personenbezogener Daten - TurboCar<\/title>\n<meta name=\"robots\" content=\"index, follow, max-snippet:-1, max-image-preview:large, max-video-preview:-1\" \/>\n<link rel=\"canonical\" href=\"https:\/\/www.turbocar.cz\/de\/schutz-personenbezogener-daten\/\" \/>\n<meta property=\"og:locale\" content=\"de_DE\" \/>\n<meta property=\"og:type\" content=\"article\" \/>\n<meta property=\"og:title\" content=\"Schutz personenbezogener Daten - TurboCar\" \/>\n<meta property=\"og:description\" content=\"[vc_row css=&#8221;.vc_custom_1465589432702{padding-top: 50px !important;}&#8221;][vc_column][vc_column_text] Informationen zur Verarbeitung personenbezogener Daten f\u00fcr Lieferanten und Kunden Administrator f\u00fcr personenbezogene Daten: Turbocar , sro I\u010cO: 63495066, mit Sitz in U [\u2026]\" \/>\n<meta property=\"og:url\" content=\"https:\/\/www.turbocar.cz\/de\/schutz-personenbezogener-daten\/\" \/>\n<meta property=\"og:site_name\" content=\"TurboCar\" \/>\n<meta property=\"article:modified_time\" content=\"2021-05-25T18:14:13+00:00\" \/>\n<meta name=\"twitter:card\" content=\"summary_large_image\" \/>\n<meta name=\"twitter:label1\" content=\"Gesch\u00e4tzte Lesezeit\" \/>\n\t<meta name=\"twitter:data1\" content=\"2\u00a0Minuten\" \/>\n<script type=\"application\/ld+json\" class=\"yoast-schema-graph\">{\"@context\":\"https:\/\/schema.org\",\"@graph\":[{\"@type\":\"WebPage\",\"@id\":\"https:\/\/www.turbocar.cz\/de\/schutz-personenbezogener-daten\/\",\"url\":\"https:\/\/www.turbocar.cz\/de\/schutz-personenbezogener-daten\/\",\"name\":\"Schutz personenbezogener Daten - TurboCar\",\"isPartOf\":{\"@id\":\"https:\/\/www.turbocar.cz\/en\/#website\"},\"datePublished\":\"2021-01-29T14:09:30+00:00\",\"dateModified\":\"2021-05-25T18:14:13+00:00\",\"breadcrumb\":{\"@id\":\"https:\/\/www.turbocar.cz\/de\/schutz-personenbezogener-daten\/#breadcrumb\"},\"inLanguage\":\"de\",\"potentialAction\":[{\"@type\":\"ReadAction\",\"target\":[\"https:\/\/www.turbocar.cz\/de\/schutz-personenbezogener-daten\/\"]}]},{\"@type\":\"BreadcrumbList\",\"@id\":\"https:\/\/www.turbocar.cz\/de\/schutz-personenbezogener-daten\/#breadcrumb\",\"itemListElement\":[{\"@type\":\"ListItem\",\"position\":1,\"name\":\"Zuhause\",\"item\":\"https:\/\/www.turbocar.cz\/de\/\"},{\"@type\":\"ListItem\",\"position\":2,\"name\":\"Schutz personenbezogener Daten\"}]},{\"@type\":\"WebSite\",\"@id\":\"https:\/\/www.turbocar.cz\/en\/#website\",\"url\":\"https:\/\/www.turbocar.cz\/en\/\",\"name\":\"TurboCar\",\"description\":\"TurboCar, s.r.o. je nejv\u011bt\u0161\u00ed autorizovan\u00fd servis turbodmychadel v \u010cR. Nab\u00edz\u00edme tak\u00e9 prodej turbodmychadel v\u0161ech typ\u016f pro osobn\u00ed, n\u00e1kladn\u00ed a dr\u00e1\u017en\u00ed vozidla.\",\"potentialAction\":[{\"@type\":\"SearchAction\",\"target\":{\"@type\":\"EntryPoint\",\"urlTemplate\":\"https:\/\/www.turbocar.cz\/en\/?s={search_term_string}\"},\"query-input\":{\"@type\":\"PropertyValueSpecification\",\"valueRequired\":true,\"valueName\":\"search_term_string\"}}],\"inLanguage\":\"de\"}]}<\/script>","yoast_head_json":{"title":"Schutz personenbezogener Daten - TurboCar","robots":{"index":"index","follow":"follow","max-snippet":"max-snippet:-1","max-image-preview":"max-image-preview:large","max-video-preview":"max-video-preview:-1"},"canonical":"https:\/\/www.turbocar.cz\/de\/schutz-personenbezogener-daten\/","og_locale":"de_DE","og_type":"article","og_title":"Schutz personenbezogener Daten - TurboCar","og_description":"[vc_row css=&#8221;.vc_custom_1465589432702{padding-top: 50px !important;}&#8221;][vc_column][vc_column_text] Informationen zur Verarbeitung personenbezogener Daten f\u00fcr Lieferanten und Kunden Administrator f\u00fcr personenbezogene Daten: Turbocar , sro I\u010cO: 63495066, mit Sitz in U [\u2026]","og_url":"https:\/\/www.turbocar.cz\/de\/schutz-personenbezogener-daten\/","og_site_name":"TurboCar","article_modified_time":"2021-05-25T18:14:13+00:00","twitter_card":"summary_large_image","twitter_misc":{"Gesch\u00e4tzte Lesezeit":"2\u00a0Minuten"},"schema":{"@context":"https:\/\/schema.org","@graph":[{"@type":"WebPage","@id":"https:\/\/www.turbocar.cz\/de\/schutz-personenbezogener-daten\/","url":"https:\/\/www.turbocar.cz\/de\/schutz-personenbezogener-daten\/","name":"Schutz personenbezogener Daten - TurboCar","isPartOf":{"@id":"https:\/\/www.turbocar.cz\/en\/#website"},"datePublished":"2021-01-29T14:09:30+00:00","dateModified":"2021-05-25T18:14:13+00:00","breadcrumb":{"@id":"https:\/\/www.turbocar.cz\/de\/schutz-personenbezogener-daten\/#breadcrumb"},"inLanguage":"de","potentialAction":[{"@type":"ReadAction","target":["https:\/\/www.turbocar.cz\/de\/schutz-personenbezogener-daten\/"]}]},{"@type":"BreadcrumbList","@id":"https:\/\/www.turbocar.cz\/de\/schutz-personenbezogener-daten\/#breadcrumb","itemListElement":[{"@type":"ListItem","position":1,"name":"Zuhause","item":"https:\/\/www.turbocar.cz\/de\/"},{"@type":"ListItem","position":2,"name":"Schutz personenbezogener Daten"}]},{"@type":"WebSite","@id":"https:\/\/www.turbocar.cz\/en\/#website","url":"https:\/\/www.turbocar.cz\/en\/","name":"TurboCar","description":"TurboCar, s.r.o. je nejv\u011bt\u0161\u00ed autorizovan\u00fd servis turbodmychadel v \u010cR. Nab\u00edz\u00edme tak\u00e9 prodej turbodmychadel v\u0161ech typ\u016f pro osobn\u00ed, n\u00e1kladn\u00ed a dr\u00e1\u017en\u00ed vozidla.","potentialAction":[{"@type":"SearchAction","target":{"@type":"EntryPoint","urlTemplate":"https:\/\/www.turbocar.cz\/en\/?s={search_term_string}"},"query-input":{"@type":"PropertyValueSpecification","valueRequired":true,"valueName":"search_term_string"}}],"inLanguage":"de"}]}},"_links":{"self":[{"href":"https:\/\/www.turbocar.cz\/de\/wp-json\/wp\/v2\/pages\/3568","targetHints":{"allow":["GET"]}}],"collection":[{"href":"https:\/\/www.turbocar.cz\/de\/wp-json\/wp\/v2\/pages"}],"about":[{"href":"https:\/\/www.turbocar.cz\/de\/wp-json\/wp\/v2\/types\/page"}],"author":[{"embeddable":true,"href":"https:\/\/www.turbocar.cz\/de\/wp-json\/wp\/v2\/users\/1"}],"replies":[{"embeddable":true,"href":"https:\/\/www.turbocar.cz\/de\/wp-json\/wp\/v2\/comments?post=3568"}],"version-history":[{"count":11,"href":"https:\/\/www.turbocar.cz\/de\/wp-json\/wp\/v2\/pages\/3568\/revisions"}],"predecessor-version":[{"id":3702,"href":"https:\/\/www.turbocar.cz\/de\/wp-json\/wp\/v2\/pages\/3568\/revisions\/3702"}],"wp:attachment":[{"href":"https:\/\/www.turbocar.cz\/de\/wp-json\/wp\/v2\/media?parent=3568"}],"curies":[{"name":"wp","href":"https:\/\/api.w.org\/{rel}","templated":true}]}}