{"id":3479,"date":"2021-01-22T13:21:06","date_gmt":"2021-01-22T12:21:06","guid":{"rendered":"https:\/\/www.turbocar.cz\/kostenlose-abholung\/"},"modified":"2021-01-22T13:50:27","modified_gmt":"2021-01-22T12:50:27","slug":"kostenlose-abholung","status":"publish","type":"page","link":"https:\/\/www.turbocar.cz\/de\/kostenlose-abholung\/","title":{"rendered":"Kostenlose Abholung"},"content":{"rendered":"<div class=\"wpb-content-wrapper\"><p>[vc_row css=&#8221;.vc_custom_1465594184770{padding-top: 40px !important;padding-right: 15px !important;}&#8221;][vc_column width=&#8221;1\/4&#8243; css=&#8221;.vc_custom_1466194975199{padding-left: -20px !important;}&#8221;][vc_single_image image=&#8221;2399&#8243; img_size=&#8221;full&#8221; alignment=&#8221;center&#8221; css=&#8221;.vc_custom_1610478839615{padding-top: 20px !important;}&#8221;][\/vc_column][vc_column width=&#8221;3\/4&#8243;][vc_column_text css=&#8221;.vc_custom_1609847503048{border-left-width: 1px !important;padding-top: 20px !important;padding-right: 15px !important;padding-left: 15px !important;border-left-color: #d6d6d6 !important;border-left-style: solid !important;}&#8221;]<\/p>\n<h2>Abholanfrage<\/h2>\n<h4><span style=\"color: #0aa649;\">Nutzungsbedingungen &#8220;Den Turbolader KOSTENLOS zur Reparatur abholen&#8221;:<\/span><\/h4>\n<ul class=\"list_mixed\">\n<li class=\"list_check\">Die Abholung erfolgt innerhalb von zwei Tagen, wenn Sie das Formular <span style=\"color: #0baf4d;\">bis 14:00 Uhr<\/span> (Arbeitstag) ausf\u00fcllen.<\/li>\n<li class=\"list_check\">Die Abholung erfolgt <span style=\"color: #0baf4d;\">am n\u00e4chsten Tag von 8:00 bis 16:00 Uhr<\/span> per PPL.<\/li>\n<li class=\"list_check\">Der Turbo muss von allen Seiten richtig gewickelt sein (<span style=\"color: #0baf4d;\">verwenden Sie auch das Pad auf der Unterseite!<\/span>).<\/li>\n<li class=\"list_check\">Legen Sie ein Anschreiben mit einer Telefonnummer und <span style=\"color: #0baf4d;\">einer kurzen Beschreibung<\/span> des Defekts in die Box.<\/li>\n<li class=\"list_check\">Nach Lieferung und Vertrieb <span style=\"color: #0baf4d;\">informiert Sie unser Techniker \u00fcber Preis und Besch\u00e4digung.<\/span><\/li>\n<\/ul>\n<p>[\/vc_column_text][\/vc_column][\/vc_row][vc_row][vc_column width=&#8221;1\/4&#8243; css=&#8221;.vc_custom_1610386833376{padding-top: 50px !important;}&#8221;][\/vc_column][vc_column width=&#8221;1\/2&#8243;]\n<div class=\"wpcf7 no-js\" id=\"wpcf7-f3494-o1\" lang=\"de-DE\" dir=\"ltr\" data-wpcf7-id=\"3494\">\n<div class=\"screen-reader-response\"><p role=\"status\" aria-live=\"polite\" aria-atomic=\"true\"><\/p> <ul><\/ul><\/div>\n<form action=\"\/de\/wp-json\/wp\/v2\/pages\/3479#wpcf7-f3494-o1\" method=\"post\" class=\"wpcf7-form init\" aria-label=\"Kontaktformular\" novalidate=\"novalidate\" data-status=\"init\">\n<fieldset class=\"hidden-fields-container\"><input type=\"hidden\" name=\"_wpcf7\" value=\"3494\" \/><input type=\"hidden\" name=\"_wpcf7_version\" value=\"6.1.5\" \/><input type=\"hidden\" name=\"_wpcf7_locale\" value=\"de_DE\" \/><input type=\"hidden\" name=\"_wpcf7_unit_tag\" value=\"wpcf7-f3494-o1\" \/><input type=\"hidden\" name=\"_wpcf7_container_post\" value=\"0\" \/><input type=\"hidden\" name=\"_wpcf7_posted_data_hash\" value=\"\" \/><input type=\"hidden\" name=\"_wpcf7_recaptcha_response\" value=\"\" \/>\n<\/fieldset>\n<div class=\"column one-second\">\n\t<p><span class=\"wpcf7-form-control-wrap\" data-name=\"your-name\"><input size=\"40\" maxlength=\"400\" class=\"wpcf7-form-control wpcf7-text\" aria-invalid=\"false\" placeholder=\"Name Firma\" value=\"\" type=\"text\" name=\"your-name\" \/><\/span>\n\t<\/p>\n<\/div>\n<div class=\"column one-second\">\n\t<p><span class=\"wpcf7-form-control-wrap\" data-name=\"person\"><input size=\"40\" maxlength=\"400\" class=\"wpcf7-form-control wpcf7-text wpcf7-validates-as-required required\" aria-required=\"true\" aria-invalid=\"false\" placeholder=\"Gespr\u00e4chspartner*\" value=\"\" type=\"text\" name=\"person\" \/><\/span>\n\t<\/p>\n<\/div>\n<div class=\"column one-second\">\n\t<p><span class=\"wpcf7-form-control-wrap\" data-name=\"phone\"><input size=\"40\" maxlength=\"400\" class=\"wpcf7-form-control wpcf7-tel wpcf7-validates-as-required wpcf7-text wpcf7-validates-as-tel required\" aria-required=\"true\" aria-invalid=\"false\" placeholder=\"Telefon*\" value=\"\" type=\"tel\" name=\"phone\" \/><\/span>\n\t<\/p>\n<\/div>\n<div class=\"column one-second\">\n\t<p><span class=\"wpcf7-form-control-wrap\" data-name=\"email\"><input size=\"40\" maxlength=\"400\" class=\"wpcf7-form-control wpcf7-email wpcf7-validates-as-required wpcf7-text wpcf7-validates-as-email required\" aria-required=\"true\" aria-invalid=\"false\" placeholder=\"E-mail*\" value=\"\" type=\"email\" name=\"email\" \/><\/span>\n\t<\/p>\n<\/div>\n<div class=\"column one-third\">\n\t<p><span class=\"wpcf7-form-control-wrap\" data-name=\"street\"><input size=\"40\" maxlength=\"400\" class=\"wpcf7-form-control wpcf7-text wpcf7-validates-as-required required\" aria-required=\"true\" aria-invalid=\"false\" placeholder=\"Stra\u00dfe*\" value=\"\" type=\"text\" name=\"street\" \/><\/span>\n\t<\/p>\n<\/div>\n<div class=\"column one-third\">\n\t<p><span class=\"wpcf7-form-control-wrap\" data-name=\"city\"><input size=\"40\" maxlength=\"400\" class=\"wpcf7-form-control wpcf7-text wpcf7-validates-as-required required\" aria-required=\"true\" aria-invalid=\"false\" placeholder=\"Stadt*\" value=\"\" type=\"text\" name=\"city\" \/><\/span>\n\t<\/p>\n<\/div>\n<div class=\"column one-third\">\n\t<p><span class=\"wpcf7-form-control-wrap\" data-name=\"zip\"><input class=\"wpcf7-form-control wpcf7-number wpcf7-validates-as-required wpcf7-validates-as-number required\" aria-required=\"true\" aria-invalid=\"false\" placeholder=\"POSTLEITZAHL*\" value=\"\" type=\"number\" name=\"zip\" \/><\/span>\n\t<\/p>\n<\/div>\n<div class=\"column one\">\n\t<p><span class=\"wpcf7-form-control-wrap\" data-name=\"message\"><textarea cols=\"40\" rows=\"4\" maxlength=\"2000\" class=\"wpcf7-form-control wpcf7-textarea\" aria-invalid=\"false\" placeholder=\"Hinweis\" name=\"message\"><\/textarea><\/span>\n\t<\/p>\n<\/div>\n<div class=\"column one\">\n\t<p><span class=\"wpcf7-form-control-wrap wpgdprc\"><span class=\"wpcf7-form-control wpcf7-wpgdprc wpcf7-validates-as-required\"><span class=\"wpcf7-list-item\"><input type=\"checkbox\" name=\"wpgdprc\" value=\"1\" aria-required=\"true\" aria-invalid=\"false\" \/><span class=\"wpcf7-list-item-label\">Ich bin mit der Verarbeitung personenbezogener Daten einverstanden<\/span><\/span><\/span>    <\/span><br \/>\n<a href=\"\/de\/schutz-personenbezogener-daten\/\" target=\"_blank\" rel=\"noopener\">Wie verarbeiten wir personenbezogene Daten?<\/a>\n\t<\/p>\n\t<p><input class=\"wpcf7-form-control wpcf7-submit has-spinner\" type=\"submit\" value=\"SENDE FORMULAR\" \/>\n\t<\/p>\n<\/div><div class=\"wpcf7-response-output\" aria-hidden=\"true\"><\/div>\n<\/form>\n<\/div>\n[\/vc_column][vc_column width=&#8221;1\/4&#8243;][\/vc_column][\/vc_row]<\/p>\n<\/div>","protected":false},"excerpt":{"rendered":"<p>[vc_row css=&#8221;.vc_custom_1465594184770{padding-top: 40px !important;padding-right: 15px !important;}&#8221;][vc_column width=&#8221;1\/4&#8243; css=&#8221;.vc_custom_1466194975199{padding-left: -20px !important;}&#8221;][vc_single_image image=&#8221;2399&#8243; img_size=&#8221;full&#8221; alignment=&#8221;center&#8221; css=&#8221;.vc_custom_1610478839615{padding-top: 20px !important;}&#8221;][\/vc_column][vc_column width=&#8221;3\/4&#8243;][vc_column_text css=&#8221;.vc_custom_1609847503048{border-left-width: 1px !important;padding-top: 20px !important;padding-right: 15px !important;padding-left: 15px !important;border-left-color:<span class=\"excerpt-hellip\"> [\u2026]<\/span><\/p>\n","protected":false},"author":2346,"featured_media":0,"parent":0,"menu_order":0,"comment_status":"closed","ping_status":"closed","template":"","meta":{"footnotes":""},"class_list":["post-3479","page","type-page","status-publish","hentry"],"yoast_head":"<title>Kostenlose Abholung - TurboCar<\/title>\n<meta name=\"robots\" content=\"index, follow, max-snippet:-1, max-image-preview:large, max-video-preview:-1\" \/>\n<link rel=\"canonical\" href=\"https:\/\/www.turbocar.cz\/de\/kostenlose-abholung\/\" \/>\n<meta property=\"og:locale\" content=\"de_DE\" \/>\n<meta property=\"og:type\" content=\"article\" \/>\n<meta property=\"og:title\" content=\"Kostenlose Abholung - TurboCar\" \/>\n<meta property=\"og:description\" content=\"[vc_row css=&#8221;.vc_custom_1465594184770{padding-top: 40px !important;padding-right: 15px !important;}&#8221;][vc_column width=&#8221;1\/4&#8243; css=&#8221;.vc_custom_1466194975199{padding-left: -20px !important;}&#8221;][vc_single_image image=&#8221;2399&#8243; img_size=&#8221;full&#8221; alignment=&#8221;center&#8221; css=&#8221;.vc_custom_1610478839615{padding-top: 20px !important;}&#8221;][\/vc_column][vc_column width=&#8221;3\/4&#8243;][vc_column_text css=&#8221;.vc_custom_1609847503048{border-left-width: 1px !important;padding-top: 20px !important;padding-right: 15px !important;padding-left: 15px !important;border-left-color: [\u2026]\" \/>\n<meta property=\"og:url\" content=\"https:\/\/www.turbocar.cz\/de\/kostenlose-abholung\/\" \/>\n<meta property=\"og:site_name\" content=\"TurboCar\" \/>\n<meta property=\"article:modified_time\" content=\"2021-01-22T12:50:27+00:00\" \/>\n<meta name=\"twitter:card\" content=\"summary_large_image\" \/>\n<meta name=\"twitter:label1\" content=\"Gesch\u00e4tzte Lesezeit\" \/>\n\t<meta name=\"twitter:data1\" content=\"1\u00a0Minute\" \/>\n<script type=\"application\/ld+json\" class=\"yoast-schema-graph\">{\"@context\":\"https:\/\/schema.org\",\"@graph\":[{\"@type\":\"WebPage\",\"@id\":\"https:\/\/www.turbocar.cz\/de\/kostenlose-abholung\/\",\"url\":\"https:\/\/www.turbocar.cz\/de\/kostenlose-abholung\/\",\"name\":\"Kostenlose Abholung - TurboCar\",\"isPartOf\":{\"@id\":\"https:\/\/www.turbocar.cz\/en\/#website\"},\"datePublished\":\"2021-01-22T12:21:06+00:00\",\"dateModified\":\"2021-01-22T12:50:27+00:00\",\"breadcrumb\":{\"@id\":\"https:\/\/www.turbocar.cz\/de\/kostenlose-abholung\/#breadcrumb\"},\"inLanguage\":\"de\",\"potentialAction\":[{\"@type\":\"ReadAction\",\"target\":[\"https:\/\/www.turbocar.cz\/de\/kostenlose-abholung\/\"]}]},{\"@type\":\"BreadcrumbList\",\"@id\":\"https:\/\/www.turbocar.cz\/de\/kostenlose-abholung\/#breadcrumb\",\"itemListElement\":[{\"@type\":\"ListItem\",\"position\":1,\"name\":\"Zuhause\",\"item\":\"https:\/\/www.turbocar.cz\/de\/\"},{\"@type\":\"ListItem\",\"position\":2,\"name\":\"Kostenlose Abholung\"}]},{\"@type\":\"WebSite\",\"@id\":\"https:\/\/www.turbocar.cz\/en\/#website\",\"url\":\"https:\/\/www.turbocar.cz\/en\/\",\"name\":\"TurboCar\",\"description\":\"TurboCar, s.r.o. je nejv\u011bt\u0161\u00ed autorizovan\u00fd servis turbodmychadel v \u010cR. Nab\u00edz\u00edme tak\u00e9 prodej turbodmychadel v\u0161ech typ\u016f pro osobn\u00ed, n\u00e1kladn\u00ed a dr\u00e1\u017en\u00ed vozidla.\",\"potentialAction\":[{\"@type\":\"SearchAction\",\"target\":{\"@type\":\"EntryPoint\",\"urlTemplate\":\"https:\/\/www.turbocar.cz\/en\/?s={search_term_string}\"},\"query-input\":{\"@type\":\"PropertyValueSpecification\",\"valueRequired\":true,\"valueName\":\"search_term_string\"}}],\"inLanguage\":\"de\"}]}<\/script>","yoast_head_json":{"title":"Kostenlose Abholung - TurboCar","robots":{"index":"index","follow":"follow","max-snippet":"max-snippet:-1","max-image-preview":"max-image-preview:large","max-video-preview":"max-video-preview:-1"},"canonical":"https:\/\/www.turbocar.cz\/de\/kostenlose-abholung\/","og_locale":"de_DE","og_type":"article","og_title":"Kostenlose Abholung - TurboCar","og_description":"[vc_row css=&#8221;.vc_custom_1465594184770{padding-top: 40px !important;padding-right: 15px !important;}&#8221;][vc_column width=&#8221;1\/4&#8243; css=&#8221;.vc_custom_1466194975199{padding-left: -20px !important;}&#8221;][vc_single_image image=&#8221;2399&#8243; img_size=&#8221;full&#8221; alignment=&#8221;center&#8221; css=&#8221;.vc_custom_1610478839615{padding-top: 20px !important;}&#8221;][\/vc_column][vc_column width=&#8221;3\/4&#8243;][vc_column_text css=&#8221;.vc_custom_1609847503048{border-left-width: 1px !important;padding-top: 20px !important;padding-right: 15px !important;padding-left: 15px !important;border-left-color: [\u2026]","og_url":"https:\/\/www.turbocar.cz\/de\/kostenlose-abholung\/","og_site_name":"TurboCar","article_modified_time":"2021-01-22T12:50:27+00:00","twitter_card":"summary_large_image","twitter_misc":{"Gesch\u00e4tzte Lesezeit":"1\u00a0Minute"},"schema":{"@context":"https:\/\/schema.org","@graph":[{"@type":"WebPage","@id":"https:\/\/www.turbocar.cz\/de\/kostenlose-abholung\/","url":"https:\/\/www.turbocar.cz\/de\/kostenlose-abholung\/","name":"Kostenlose Abholung - TurboCar","isPartOf":{"@id":"https:\/\/www.turbocar.cz\/en\/#website"},"datePublished":"2021-01-22T12:21:06+00:00","dateModified":"2021-01-22T12:50:27+00:00","breadcrumb":{"@id":"https:\/\/www.turbocar.cz\/de\/kostenlose-abholung\/#breadcrumb"},"inLanguage":"de","potentialAction":[{"@type":"ReadAction","target":["https:\/\/www.turbocar.cz\/de\/kostenlose-abholung\/"]}]},{"@type":"BreadcrumbList","@id":"https:\/\/www.turbocar.cz\/de\/kostenlose-abholung\/#breadcrumb","itemListElement":[{"@type":"ListItem","position":1,"name":"Zuhause","item":"https:\/\/www.turbocar.cz\/de\/"},{"@type":"ListItem","position":2,"name":"Kostenlose Abholung"}]},{"@type":"WebSite","@id":"https:\/\/www.turbocar.cz\/en\/#website","url":"https:\/\/www.turbocar.cz\/en\/","name":"TurboCar","description":"TurboCar, s.r.o. je nejv\u011bt\u0161\u00ed autorizovan\u00fd servis turbodmychadel v \u010cR. Nab\u00edz\u00edme tak\u00e9 prodej turbodmychadel v\u0161ech typ\u016f pro osobn\u00ed, n\u00e1kladn\u00ed a dr\u00e1\u017en\u00ed vozidla.","potentialAction":[{"@type":"SearchAction","target":{"@type":"EntryPoint","urlTemplate":"https:\/\/www.turbocar.cz\/en\/?s={search_term_string}"},"query-input":{"@type":"PropertyValueSpecification","valueRequired":true,"valueName":"search_term_string"}}],"inLanguage":"de"}]}},"_links":{"self":[{"href":"https:\/\/www.turbocar.cz\/de\/wp-json\/wp\/v2\/pages\/3479","targetHints":{"allow":["GET"]}}],"collection":[{"href":"https:\/\/www.turbocar.cz\/de\/wp-json\/wp\/v2\/pages"}],"about":[{"href":"https:\/\/www.turbocar.cz\/de\/wp-json\/wp\/v2\/types\/page"}],"author":[{"embeddable":true,"href":"https:\/\/www.turbocar.cz\/de\/wp-json\/wp\/v2\/users\/2346"}],"replies":[{"embeddable":true,"href":"https:\/\/www.turbocar.cz\/de\/wp-json\/wp\/v2\/comments?post=3479"}],"version-history":[{"count":3,"href":"https:\/\/www.turbocar.cz\/de\/wp-json\/wp\/v2\/pages\/3479\/revisions"}],"predecessor-version":[{"id":3505,"href":"https:\/\/www.turbocar.cz\/de\/wp-json\/wp\/v2\/pages\/3479\/revisions\/3505"}],"wp:attachment":[{"href":"https:\/\/www.turbocar.cz\/de\/wp-json\/wp\/v2\/media?parent=3479"}],"curies":[{"name":"wp","href":"https:\/\/api.w.org\/{rel}","templated":true}]}}