{"id":3258,"date":"2020-12-22T14:29:52","date_gmt":"2020-12-22T13:29:52","guid":{"rendered":"https:\/\/www.turbocar.cz\/profil-spolecnosti\/"},"modified":"2021-01-21T12:37:58","modified_gmt":"2021-01-21T11:37:58","slug":"profil-der-gesellschaft","status":"publish","type":"page","link":"https:\/\/www.turbocar.cz\/de\/profil-der-gesellschaft\/","title":{"rendered":"Profil der Gesellschaft"},"content":{"rendered":"<div class=\"wpb-content-wrapper\"><p>[vc_row css=&#8221;.vc_custom_1465589432702{padding-top: 50px !important;}&#8221;][vc_column width=&#8221;1\/4&#8243;][\/vc_column][vc_column width=&#8221;1\/2&#8243;][vc_column_text]<\/p>\n<h2 style=\"text-align: center;\">TurboCar, s.r.o. ist eine spezialisierte Reparatur-, Service- und Vertriebsgesellschaft f\u00fcr alle Typen von Turbogebl\u00e4sen<\/h2>\n<p>[\/vc_column_text][\/vc_column][vc_column width=&#8221;1\/4&#8243;][\/vc_column][\/vc_row][vc_row][vc_column width=&#8221;1\/2&#8243; css=&#8221;.vc_custom_1609845481793{padding-top: 50px !important;}&#8221;][vc_column_text]<\/p>\n<h3>\u00dcber uns<\/h3>\n<p>TurboCar, s.r.o. ist eine spezialisierte Reparatur-, Service- und Vertriebsgesellschaft f\u00fcr alle Typen von Turbogebl\u00e4sen f\u00fcr Motoren der Personen-, Lastkraft- und Bahnwagen, Landwirtschafts- Baumaschinen und Biogas-Stationen. Die Gesellschaft wurde 1996 gegr\u00fcndet und seit dieser Zeit stellt sie dauerhaft Gesamtservice von allen Typen der Turbogebl\u00e4se in der Tschechischen Republik sicher. 2003 hat unsere Gesellschaft die Lizenzberechtigung f\u00fcr Komplettservice der Turbogebl\u00e4se der Gesellschaft Prvn\u00ed brn\u011bnsk\u00e9 stroj\u00edrny Velk\u00e1 B\u00edte\u0161 a.s. gewonnen.<\/p>\n<h4>An diesem Tage wurden wir zum exklusiven autorisierten Service der PBS Turbo in der Tschechischen und Slowakischen Republik.<\/h4>\n<p>[\/vc_column_text][vc_column_text]<\/p>\n<h3>Hohe Sorgf\u00e4ltigkeit und Erfahrung<\/h3>\n<p>Durch hohe Sorgf\u00e4ltigkeit der Arbeit und Anwendung von Originalteile <span style=\"color: #0baf4d;\">erreichen<\/span> wir auch nach einer Generalreparatur gleiche <span style=\"color: #0baf4d;\">Lebensdauer<\/span> wie beim Betrieb eines neuen Turbogebl\u00e4ses. Unsere qualit\u00e4tsgerechte und schnellen Dienstleistungen anerkennen nicht nur die Kunden aus der ganzen Tschechischen Republik, sondern auch aus dem Ausland. Dank <span style=\"color: #0baf4d;\">unserer<\/span><span style=\"color: #0baf4d;\"> langj\u00e4hrig<\/span><span style=\"color: #0baf4d;\">en<\/span><span style=\"color: #0baf4d;\"> Erfahrung<\/span> im Bereich Service von Turbogebl\u00e4sen geh\u00f6ren wir mit der Qualit\u00e4t zu der europ\u00e4ischen Spitze.[\/vc_column_text][vc_column_text]<\/p>\n<h3>Ziel der Gesellschaft<\/h3>\n<p>Ziel unserer Gesellschaft ist erstmals <span style=\"color: #0baf4d;\">ein zufriedener Kunde<\/span>, der sich auf uns jederzeit mit jedem beliebigen Problem im Bereich der Turbogebl\u00e4se wenden kann.[\/vc_column_text][\/vc_column][vc_column width=&#8221;1\/2&#8243;][vc_single_image image=&#8221;2467&#8243; img_size=&#8221;large&#8221;][\/vc_column][\/vc_row]<\/p>\n<\/div>","protected":false},"excerpt":{"rendered":"<p>[vc_row css=&#8221;.vc_custom_1465589432702{padding-top: 50px !important;}&#8221;][vc_column width=&#8221;1\/4&#8243;][\/vc_column][vc_column width=&#8221;1\/2&#8243;][vc_column_text] TurboCar, s.r.o. ist eine spezialisierte Reparatur-, Service- und Vertriebsgesellschaft f\u00fcr alle Typen von Turbogebl\u00e4sen [\/vc_column_text][\/vc_column][vc_column width=&#8221;1\/4&#8243;][\/vc_column][\/vc_row][vc_row][vc_column width=&#8221;1\/2&#8243; css=&#8221;.vc_custom_1609845481793{padding-top: 50px !important;}&#8221;][vc_column_text]<span class=\"excerpt-hellip\"> [\u2026]<\/span><\/p>\n","protected":false},"author":2346,"featured_media":0,"parent":0,"menu_order":0,"comment_status":"closed","ping_status":"closed","template":"","meta":{"footnotes":""},"class_list":["post-3258","page","type-page","status-publish","hentry"],"yoast_head":"<title>Profil der Gesellschaft - TurboCar<\/title>\n<meta name=\"robots\" content=\"index, follow, max-snippet:-1, max-image-preview:large, max-video-preview:-1\" \/>\n<link rel=\"canonical\" href=\"https:\/\/www.turbocar.cz\/de\/profil-der-gesellschaft\/\" \/>\n<meta property=\"og:locale\" content=\"de_DE\" \/>\n<meta property=\"og:type\" content=\"article\" \/>\n<meta property=\"og:title\" content=\"Profil der Gesellschaft - TurboCar\" \/>\n<meta property=\"og:description\" content=\"[vc_row css=&#8221;.vc_custom_1465589432702{padding-top: 50px !important;}&#8221;][vc_column width=&#8221;1\/4&#8243;][\/vc_column][vc_column width=&#8221;1\/2&#8243;][vc_column_text] TurboCar, s.r.o. ist eine spezialisierte Reparatur-, Service- und Vertriebsgesellschaft f\u00fcr alle Typen von Turbogebl\u00e4sen [\/vc_column_text][\/vc_column][vc_column width=&#8221;1\/4&#8243;][\/vc_column][\/vc_row][vc_row][vc_column width=&#8221;1\/2&#8243; css=&#8221;.vc_custom_1609845481793{padding-top: 50px !important;}&#8221;][vc_column_text] [\u2026]\" \/>\n<meta property=\"og:url\" content=\"https:\/\/www.turbocar.cz\/de\/profil-der-gesellschaft\/\" \/>\n<meta property=\"og:site_name\" content=\"TurboCar\" \/>\n<meta property=\"article:modified_time\" content=\"2021-01-21T11:37:58+00:00\" \/>\n<meta name=\"twitter:card\" content=\"summary_large_image\" \/>\n<meta name=\"twitter:label1\" content=\"Gesch\u00e4tzte Lesezeit\" \/>\n\t<meta name=\"twitter:data1\" content=\"1\u00a0Minute\" \/>\n<script type=\"application\/ld+json\" class=\"yoast-schema-graph\">{\"@context\":\"https:\\\/\\\/schema.org\",\"@graph\":[{\"@type\":\"WebPage\",\"@id\":\"https:\\\/\\\/www.turbocar.cz\\\/de\\\/profil-der-gesellschaft\\\/\",\"url\":\"https:\\\/\\\/www.turbocar.cz\\\/de\\\/profil-der-gesellschaft\\\/\",\"name\":\"Profil der Gesellschaft - TurboCar\",\"isPartOf\":{\"@id\":\"https:\\\/\\\/www.turbocar.cz\\\/#website\"},\"datePublished\":\"2020-12-22T13:29:52+00:00\",\"dateModified\":\"2021-01-21T11:37:58+00:00\",\"breadcrumb\":{\"@id\":\"https:\\\/\\\/www.turbocar.cz\\\/de\\\/profil-der-gesellschaft\\\/#breadcrumb\"},\"inLanguage\":\"de\",\"potentialAction\":[{\"@type\":\"ReadAction\",\"target\":[\"https:\\\/\\\/www.turbocar.cz\\\/de\\\/profil-der-gesellschaft\\\/\"]}]},{\"@type\":\"BreadcrumbList\",\"@id\":\"https:\\\/\\\/www.turbocar.cz\\\/de\\\/profil-der-gesellschaft\\\/#breadcrumb\",\"itemListElement\":[{\"@type\":\"ListItem\",\"position\":1,\"name\":\"Zuhause\",\"item\":\"https:\\\/\\\/www.turbocar.cz\\\/de\\\/\"},{\"@type\":\"ListItem\",\"position\":2,\"name\":\"Profil der Gesellschaft\"}]},{\"@type\":\"WebSite\",\"@id\":\"https:\\\/\\\/www.turbocar.cz\\\/#website\",\"url\":\"https:\\\/\\\/www.turbocar.cz\\\/\",\"name\":\"TurboCar\",\"description\":\"TurboCar, s.r.o. je nejv\u011bt\u0161\u00ed autorizovan\u00fd servis turbodmychadel v \u010cR. Nab\u00edz\u00edme tak\u00e9 prodej turbodmychadel v\u0161ech typ\u016f pro osobn\u00ed, n\u00e1kladn\u00ed a dr\u00e1\u017en\u00ed vozidla.\",\"potentialAction\":[{\"@type\":\"SearchAction\",\"target\":{\"@type\":\"EntryPoint\",\"urlTemplate\":\"https:\\\/\\\/www.turbocar.cz\\\/?s={search_term_string}\"},\"query-input\":{\"@type\":\"PropertyValueSpecification\",\"valueRequired\":true,\"valueName\":\"search_term_string\"}}],\"inLanguage\":\"de\"}]}<\/script>","yoast_head_json":{"title":"Profil der Gesellschaft - TurboCar","robots":{"index":"index","follow":"follow","max-snippet":"max-snippet:-1","max-image-preview":"max-image-preview:large","max-video-preview":"max-video-preview:-1"},"canonical":"https:\/\/www.turbocar.cz\/de\/profil-der-gesellschaft\/","og_locale":"de_DE","og_type":"article","og_title":"Profil der Gesellschaft - TurboCar","og_description":"[vc_row css=&#8221;.vc_custom_1465589432702{padding-top: 50px !important;}&#8221;][vc_column width=&#8221;1\/4&#8243;][\/vc_column][vc_column width=&#8221;1\/2&#8243;][vc_column_text] TurboCar, s.r.o. ist eine spezialisierte Reparatur-, Service- und Vertriebsgesellschaft f\u00fcr alle Typen von Turbogebl\u00e4sen [\/vc_column_text][\/vc_column][vc_column width=&#8221;1\/4&#8243;][\/vc_column][\/vc_row][vc_row][vc_column width=&#8221;1\/2&#8243; css=&#8221;.vc_custom_1609845481793{padding-top: 50px !important;}&#8221;][vc_column_text] [\u2026]","og_url":"https:\/\/www.turbocar.cz\/de\/profil-der-gesellschaft\/","og_site_name":"TurboCar","article_modified_time":"2021-01-21T11:37:58+00:00","twitter_card":"summary_large_image","twitter_misc":{"Gesch\u00e4tzte Lesezeit":"1\u00a0Minute"},"schema":{"@context":"https:\/\/schema.org","@graph":[{"@type":"WebPage","@id":"https:\/\/www.turbocar.cz\/de\/profil-der-gesellschaft\/","url":"https:\/\/www.turbocar.cz\/de\/profil-der-gesellschaft\/","name":"Profil der Gesellschaft - TurboCar","isPartOf":{"@id":"https:\/\/www.turbocar.cz\/#website"},"datePublished":"2020-12-22T13:29:52+00:00","dateModified":"2021-01-21T11:37:58+00:00","breadcrumb":{"@id":"https:\/\/www.turbocar.cz\/de\/profil-der-gesellschaft\/#breadcrumb"},"inLanguage":"de","potentialAction":[{"@type":"ReadAction","target":["https:\/\/www.turbocar.cz\/de\/profil-der-gesellschaft\/"]}]},{"@type":"BreadcrumbList","@id":"https:\/\/www.turbocar.cz\/de\/profil-der-gesellschaft\/#breadcrumb","itemListElement":[{"@type":"ListItem","position":1,"name":"Zuhause","item":"https:\/\/www.turbocar.cz\/de\/"},{"@type":"ListItem","position":2,"name":"Profil der Gesellschaft"}]},{"@type":"WebSite","@id":"https:\/\/www.turbocar.cz\/#website","url":"https:\/\/www.turbocar.cz\/","name":"TurboCar","description":"TurboCar, s.r.o. je nejv\u011bt\u0161\u00ed autorizovan\u00fd servis turbodmychadel v \u010cR. Nab\u00edz\u00edme tak\u00e9 prodej turbodmychadel v\u0161ech typ\u016f pro osobn\u00ed, n\u00e1kladn\u00ed a dr\u00e1\u017en\u00ed vozidla.","potentialAction":[{"@type":"SearchAction","target":{"@type":"EntryPoint","urlTemplate":"https:\/\/www.turbocar.cz\/?s={search_term_string}"},"query-input":{"@type":"PropertyValueSpecification","valueRequired":true,"valueName":"search_term_string"}}],"inLanguage":"de"}]}},"_links":{"self":[{"href":"https:\/\/www.turbocar.cz\/de\/wp-json\/wp\/v2\/pages\/3258","targetHints":{"allow":["GET"]}}],"collection":[{"href":"https:\/\/www.turbocar.cz\/de\/wp-json\/wp\/v2\/pages"}],"about":[{"href":"https:\/\/www.turbocar.cz\/de\/wp-json\/wp\/v2\/types\/page"}],"author":[{"embeddable":true,"href":"https:\/\/www.turbocar.cz\/de\/wp-json\/wp\/v2\/users\/2346"}],"replies":[{"embeddable":true,"href":"https:\/\/www.turbocar.cz\/de\/wp-json\/wp\/v2\/comments?post=3258"}],"version-history":[{"count":7,"href":"https:\/\/www.turbocar.cz\/de\/wp-json\/wp\/v2\/pages\/3258\/revisions"}],"predecessor-version":[{"id":3440,"href":"https:\/\/www.turbocar.cz\/de\/wp-json\/wp\/v2\/pages\/3258\/revisions\/3440"}],"wp:attachment":[{"href":"https:\/\/www.turbocar.cz\/de\/wp-json\/wp\/v2\/media?parent=3258"}],"curies":[{"name":"wp","href":"https:\/\/api.w.org\/{rel}","templated":true}]}}