{"id":3249,"date":"2016-06-14T20:42:07","date_gmt":"2016-06-14T19:42:07","guid":{"rendered":"https:\/\/www.turbocar.cz\/kontakt\/"},"modified":"2022-12-21T08:19:09","modified_gmt":"2022-12-21T07:19:09","slug":"kontakt","status":"publish","type":"page","link":"https:\/\/www.turbocar.cz\/de\/kontakt\/","title":{"rendered":"Kontaktiere uns"},"content":{"rendered":"<div class=\"wpb-content-wrapper\"><p>[vc_row full_width=&#8221;stretch_row_content_no_spaces&#8221;][vc_column][vc_gmaps link=&#8221;#E-8_JTNDaWZyYW1lJTIwc3JjJTNEJTIyaHR0cHMlM0ElMkYlMkZ3d3cuZ29vZ2xlLmNvbSUyRm1hcHMlMkZlbWJlZCUzRnBiJTNEJTIxMW0xOCUyMTFtMTIlMjExbTMlMjExZDI2MDIuOTQ0NDQwODMxMzM0MyUyMTJkMTYuMjE5ODk2MzE1Njg5MyUyMTNkNDkuMjc3NDQ5OTc5MzMwODElMjEybTMlMjExZjAlMjEyZjAlMjEzZjAlMjEzbTIlMjExaTEwMjQlMjEyaTc2OCUyMTRmMTMuMSUyMTNtMyUyMTFtMiUyMTFzMHg0NzBkNjFmMzQxNDI5ZjliJTI1M0EweDQ2ZjQ0NmVmYmRkYzNmNDAlMjEyc1R1cmJvQ2FyJTI1MjBzLnIuby4lMjE1ZTAlMjEzbTIlMjExc2NzJTIxMnNjeiUyMTR2MTYwOTc2NzMzOTMyOSUyMTVtMiUyMTFzY3MlMjEyc2N6JTIyJTIwd2lkdGglM0QlMjI2MDAlMjIlMjBoZWlnaHQlM0QlMjI0NTAlMjIlMjBmcmFtZWJvcmRlciUzRCUyMjAlMjIlMjBzdHlsZSUzRCUyMmJvcmRlciUzQTAlM0IlMjIlMjBhbGxvd2Z1bGxzY3JlZW4lM0QlMjIlMjIlMjBhcmlhLWhpZGRlbiUzRCUyMmZhbHNlJTIyJTIwdGFiaW5kZXglM0QlMjIwJTIyJTNFJTNDJTJGaWZyYW1lJTNF&#8221; size=&#8221;270&#8243;][\/vc_column][\/vc_row][vc_row][vc_column][vc_column_text css=&#8221;.vc_custom_1609426235080{padding-top: -20px !important;}&#8221;]<\/p>\n<h4 style=\"text-align: center\"><a href=\"https:\/\/www.google.com\/maps\/place\/TurboCar+s.r.o.\/@49.27745,16.2198963,17z\/data=!3m1!4b1!4m5!3m4!1s0x470d61f341429f9b:0x46f446efbddc3f40!8m2!3d49.27745!4d16.222085?hl=cs-CZ\" target=\"_blank\" rel=\"noopener noreferrer\">49\u00b0 16\u00b4 38,1\u00b4\u00b4 N 16\u00b0 13\u00b4 20,1\u00b4\u00b4 E<\/a><\/h4>\n<p>[\/vc_column_text][\/vc_column][\/vc_row][vc_row][vc_column width=&#8221;1\/4&#8243;][vc_column_text]<\/p>\n<h3>\u00d6ffnungszeiten<\/h3>\n<p>Montag: 7:00 &#8211; 16:00<br \/>\nDienstag: 7:00 &#8211; 16:00<br \/>\nMittwoch: 7:00 &#8211; 16:00<br \/>\nDonnerstag: 7:00 &#8211; 16:00<br \/>\nFreitag: 7:00 &#8211; 16:00<\/p>\n<p>Wochenende: Geschlossen[\/vc_column_text][\/vc_column][vc_column width=&#8221;1\/2&#8243;][vc_column_text]<\/p>\n<h3>Schreiben Sie uns eine Nachricht<\/h3>\n<p>[\/vc_column_text]\n<div class=\"wpcf7 no-js\" id=\"wpcf7-f3463-o1\" lang=\"de-DE\" dir=\"ltr\" data-wpcf7-id=\"3463\">\n<div class=\"screen-reader-response\"><p role=\"status\" aria-live=\"polite\" aria-atomic=\"true\"><\/p> <ul><\/ul><\/div>\n<form action=\"\/de\/wp-json\/wp\/v2\/pages\/3249#wpcf7-f3463-o1\" method=\"post\" class=\"wpcf7-form init\" aria-label=\"Kontaktformular\" novalidate=\"novalidate\" data-status=\"init\">\n<fieldset class=\"hidden-fields-container\"><input type=\"hidden\" name=\"_wpcf7\" value=\"3463\" \/><input type=\"hidden\" name=\"_wpcf7_version\" value=\"6.1.5\" \/><input type=\"hidden\" name=\"_wpcf7_locale\" value=\"de_DE\" \/><input type=\"hidden\" name=\"_wpcf7_unit_tag\" value=\"wpcf7-f3463-o1\" \/><input type=\"hidden\" name=\"_wpcf7_container_post\" value=\"0\" \/><input type=\"hidden\" name=\"_wpcf7_posted_data_hash\" value=\"\" \/><input type=\"hidden\" name=\"_wpcf7_recaptcha_response\" value=\"\" \/>\n<\/fieldset>\n<div class=\"column one-second\">\n\t<p><span class=\"wpcf7-form-control-wrap\" data-name=\"your-name\"><input size=\"40\" maxlength=\"400\" class=\"wpcf7-form-control wpcf7-text wpcf7-validates-as-required\" aria-required=\"true\" aria-invalid=\"false\" placeholder=\"Ihr Vor- und Nachname\" value=\"\" type=\"text\" name=\"your-name\" \/><\/span>\n\t<\/p>\n<\/div>\n<div class=\"column one-second\">\n\t<p><span class=\"wpcf7-form-control-wrap\" data-name=\"phone\"><input size=\"40\" maxlength=\"400\" class=\"wpcf7-form-control wpcf7-tel wpcf7-validates-as-required wpcf7-text wpcf7-validates-as-tel required\" aria-required=\"true\" aria-invalid=\"false\" placeholder=\"Telefon*\" value=\"\" type=\"tel\" name=\"phone\" \/><\/span>\n\t<\/p>\n<\/div>\n<div class=\"column one-second\">\n\t<p><span class=\"wpcf7-form-control-wrap\" data-name=\"your-email\"><input size=\"40\" maxlength=\"400\" class=\"wpcf7-form-control wpcf7-email wpcf7-validates-as-required wpcf7-text wpcf7-validates-as-email\" aria-required=\"true\" aria-invalid=\"false\" placeholder=\"Deine e-mail\" value=\"\" type=\"email\" name=\"your-email\" \/><\/span>\n\t<\/p>\n<\/div>\n<div class=\"column one\">\n\t<p><span class=\"wpcf7-form-control-wrap\" data-name=\"your-subject\"><input size=\"40\" maxlength=\"400\" class=\"wpcf7-form-control wpcf7-text\" aria-invalid=\"false\" placeholder=\"Gegenstand\" value=\"\" type=\"text\" name=\"your-subject\" \/><\/span>\n\t<\/p>\n<\/div>\n<div class=\"column one\">\n\t<p><span class=\"wpcf7-form-control-wrap\" data-name=\"your-message\"><textarea cols=\"40\" rows=\"4\" maxlength=\"2000\" class=\"wpcf7-form-control wpcf7-textarea\" aria-invalid=\"false\" placeholder=\"Ihre Frage*\" name=\"your-message\"><\/textarea><\/span>\n\t<\/p>\n<\/div>\n<div class=\"column one\">\n\t<p><span class=\"wpcf7-form-control-wrap wpgdprc\"><span class=\"wpcf7-form-control wpcf7-wpgdprc wpcf7-validates-as-required\"><span class=\"wpcf7-list-item\"><input type=\"checkbox\" name=\"wpgdprc\" value=\"1\" aria-required=\"true\" aria-invalid=\"false\" \/><span class=\"wpcf7-list-item-label\">Ich bin mit der Verarbeitung personenbezogener Daten einverstanden<\/span><\/span><\/span>    <\/span><br \/>\n<a href=\"\/de\/schutz-personenbezogener-daten\/\" target=\"_blank\" rel=\"noopener\">Wie verarbeiten wir personenbezogene Daten?<\/a>\n\t<\/p>\n\t<p><input class=\"wpcf7-form-control wpcf7-submit has-spinner\" type=\"submit\" value=\"Eine Nachricht schicken\" \/>\n\t<\/p>\n<\/div><div class=\"wpcf7-response-output\" aria-hidden=\"true\"><\/div>\n<\/form>\n<\/div>\n[\/vc_column][vc_column width=&#8221;1\/4&#8243;]<div class=\"get_in_touch\" ><h3 class=\"title \">Unsere Adresse<\/h3><div class=\"get_in_touch_wrapper\"><ul><li class=\"address\"><span class=\"icon\"><i class=\"icon-location\"><\/i><\/span><span class=\"address_wrapper\">TurboCar, s.r.o.<br \/>\nU D\u00e1lnice 620<br \/>\n595 01 Velk\u00e1 B\u00edte\u0161<br \/>\nTschechien<\/span><\/li><li class=\"phone phone-1\"><span class=\"icon\"><i class=\"icon-phone\"><\/i><\/span><p><a href=\"tel:+420566531246\">+420 566 531 246<\/a><\/p><\/li><li class=\"mail\"><span class=\"icon\"><i class=\"icon-mail\"><\/i><\/span><p><a href=\"mailto:turbocar@turbocar.cz\">turbocar@turbocar.cz<\/a><\/p><\/li><li class=\"www\"><span class=\"icon\"><i class=\"icon-link\"><\/i><\/span><p><a target=\"_blank\" href=\"https:\/\/www.turbocar.cz\">www.turbocar.cz<\/a><\/p><\/li><\/ul><\/div><\/div>\n[\/vc_column][\/vc_row][vc_row][vc_column][vc_column_text]<\/p>\n<h3>Andere Kontakte<\/h3>\n<p>[\/vc_column_text][\/vc_column][\/vc_row][vc_row][vc_column width=&#8221;1\/3&#8243;][vc_column_text]<\/p>\n<h4>Telefon<\/h4>\n<p><a href=\"tel:+420566531246\">+420 566 531 246<\/a> (Verkaufsabteilung)<\/p>\n<p><a href=\"tel:+420566531249\">+420 566 531 249<\/a> ( Werkstatt, technische Fragen)<\/p>\n<p><a href=\"tel:+420566531257\">+420 566 531 257<\/a> (Buchhalter)<\/p>\n<p><a href=\"tel:+420724764214\">+420 724 764 214<\/a> (Verkaufsabteilung)<\/p>\n<p><a href=\"tel:+420725117517\">+420 725 117 517<\/a> (Verkaufsabteilung)<\/p>\n<p><a href=\"tel:+420566531246\">+420 566 531 246<\/a> (ABB, PBS Turbo, Napier, Jenbacher usw.)<\/p>\n<h4>E-mail<\/h4>\n<p><a href=\"mailto:turbocar@www.turbocar.cz\">turbocar@turbocar.cz<\/a> (Service von kleinen Turboladern)<\/p>\n<p><a href=\"mailto:servis@www.turbocar.cz\">servis@turbocar.cz<\/a> (Service von gro\u00dfen Turboladern)[\/vc_column_text][\/vc_column][vc_column width=&#8221;1\/3&#8243;][vc_single_image image=&#8221;2853&#8243; img_size=&#8221;full&#8221; alignment=&#8221;center&#8221; onclick=&#8221;link_image&#8221;][vc_column_text]I\u010cO: 63495066<\/p>\n<p>DI\u010c: CZ63495066<\/p>\n<p>OR u KOS v Brn\u011b od\u00edl C, vlo\u017eka 22254, dne 29.2.1996[\/vc_column_text][\/vc_column][\/vc_row]<\/p>\n<\/div>","protected":false},"excerpt":{"rendered":"<p>[vc_row full_width=&#8221;stretch_row_content_no_spaces&#8221;][vc_column][vc_gmaps link=&#8221;#E-8_JTNDaWZyYW1lJTIwc3JjJTNEJTIyaHR0cHMlM0ElMkYlMkZ3d3cuZ29vZ2xlLmNvbSUyRm1hcHMlMkZlbWJlZCUzRnBiJTNEJTIxMW0xOCUyMTFtMTIlMjExbTMlMjExZDI2MDIuOTQ0NDQwODMxMzM0MyUyMTJkMTYuMjE5ODk2MzE1Njg5MyUyMTNkNDkuMjc3NDQ5OTc5MzMwODElMjEybTMlMjExZjAlMjEyZjAlMjEzZjAlMjEzbTIlMjExaTEwMjQlMjEyaTc2OCUyMTRmMTMuMSUyMTNtMyUyMTFtMiUyMTFzMHg0NzBkNjFmMzQxNDI5ZjliJTI1M0EweDQ2ZjQ0NmVmYmRkYzNmNDAlMjEyc1R1cmJvQ2FyJTI1MjBzLnIuby4lMjE1ZTAlMjEzbTIlMjExc2NzJTIxMnNjeiUyMTR2MTYwOTc2NzMzOTMyOSUyMTVtMiUyMTFzY3MlMjEyc2N6JTIyJTIwd2lkdGglM0QlMjI2MDAlMjIlMjBoZWlnaHQlM0QlMjI0NTAlMjIlMjBmcmFtZWJvcmRlciUzRCUyMjAlMjIlMjBzdHlsZSUzRCUyMmJvcmRlciUzQTAlM0IlMjIlMjBhbGxvd2Z1bGxzY3JlZW4lM0QlMjIlMjIlMjBhcmlhLWhpZGRlbiUzRCUyMmZhbHNlJTIyJTIwdGFiaW5kZXglM0QlMjIwJTIyJTNFJTNDJTJGaWZyYW1lJTNF&#8221; size=&#8221;270&#8243;][\/vc_column][\/vc_row][vc_row][vc_column][vc_column_text css=&#8221;.vc_custom_1609426235080{padding-top: -20px !important;}&#8221;] 49\u00b0 16\u00b4 38,1\u00b4\u00b4 N 16\u00b0 13\u00b4 20,1\u00b4\u00b4 E [\/vc_column_text][\/vc_column][\/vc_row][vc_row][vc_column width=&#8221;1\/4&#8243;][vc_column_text] \u00d6ffnungszeiten Montag: 7:00 &#8211; 16:00 Dienstag: 7:00 &#8211; 16:00<span class=\"excerpt-hellip\"> [\u2026]<\/span><\/p>\n","protected":false},"author":1,"featured_media":0,"parent":0,"menu_order":0,"comment_status":"closed","ping_status":"closed","template":"","meta":{"footnotes":""},"class_list":["post-3249","page","type-page","status-publish","hentry"],"yoast_head":"<title>Kontaktiere uns - TurboCar<\/title>\n<meta name=\"robots\" content=\"index, follow, max-snippet:-1, max-image-preview:large, max-video-preview:-1\" \/>\n<link rel=\"canonical\" href=\"https:\/\/www.turbocar.cz\/de\/kontakt\/\" \/>\n<meta property=\"og:locale\" content=\"de_DE\" \/>\n<meta property=\"og:type\" content=\"article\" \/>\n<meta property=\"og:title\" content=\"Kontaktiere uns - TurboCar\" \/>\n<meta property=\"og:description\" content=\"[vc_row full_width=&#8221;stretch_row_content_no_spaces&#8221;][vc_column][vc_gmaps link=&#8221;#E-8_JTNDaWZyYW1lJTIwc3JjJTNEJTIyaHR0cHMlM0ElMkYlMkZ3d3cuZ29vZ2xlLmNvbSUyRm1hcHMlMkZlbWJlZCUzRnBiJTNEJTIxMW0xOCUyMTFtMTIlMjExbTMlMjExZDI2MDIuOTQ0NDQwODMxMzM0MyUyMTJkMTYuMjE5ODk2MzE1Njg5MyUyMTNkNDkuMjc3NDQ5OTc5MzMwODElMjEybTMlMjExZjAlMjEyZjAlMjEzZjAlMjEzbTIlMjExaTEwMjQlMjEyaTc2OCUyMTRmMTMuMSUyMTNtMyUyMTFtMiUyMTFzMHg0NzBkNjFmMzQxNDI5ZjliJTI1M0EweDQ2ZjQ0NmVmYmRkYzNmNDAlMjEyc1R1cmJvQ2FyJTI1MjBzLnIuby4lMjE1ZTAlMjEzbTIlMjExc2NzJTIxMnNjeiUyMTR2MTYwOTc2NzMzOTMyOSUyMTVtMiUyMTFzY3MlMjEyc2N6JTIyJTIwd2lkdGglM0QlMjI2MDAlMjIlMjBoZWlnaHQlM0QlMjI0NTAlMjIlMjBmcmFtZWJvcmRlciUzRCUyMjAlMjIlMjBzdHlsZSUzRCUyMmJvcmRlciUzQTAlM0IlMjIlMjBhbGxvd2Z1bGxzY3JlZW4lM0QlMjIlMjIlMjBhcmlhLWhpZGRlbiUzRCUyMmZhbHNlJTIyJTIwdGFiaW5kZXglM0QlMjIwJTIyJTNFJTNDJTJGaWZyYW1lJTNF&#8221; size=&#8221;270&#8243;][\/vc_column][\/vc_row][vc_row][vc_column][vc_column_text css=&#8221;.vc_custom_1609426235080{padding-top: -20px !important;}&#8221;] 49\u00b0 16\u00b4 38,1\u00b4\u00b4 N 16\u00b0 13\u00b4 20,1\u00b4\u00b4 E [\/vc_column_text][\/vc_column][\/vc_row][vc_row][vc_column width=&#8221;1\/4&#8243;][vc_column_text] \u00d6ffnungszeiten Montag: 7:00 &#8211; 16:00 Dienstag: 7:00 &#8211; 16:00 [\u2026]\" \/>\n<meta property=\"og:url\" content=\"https:\/\/www.turbocar.cz\/de\/kontakt\/\" \/>\n<meta property=\"og:site_name\" content=\"TurboCar\" \/>\n<meta property=\"article:modified_time\" content=\"2022-12-21T07:19:09+00:00\" \/>\n<meta name=\"twitter:card\" content=\"summary_large_image\" \/>\n<meta name=\"twitter:label1\" content=\"Gesch\u00e4tzte Lesezeit\" \/>\n\t<meta name=\"twitter:data1\" content=\"1\u00a0Minute\" \/>\n<script type=\"application\/ld+json\" class=\"yoast-schema-graph\">{\"@context\":\"https:\/\/schema.org\",\"@graph\":[{\"@type\":\"WebPage\",\"@id\":\"https:\/\/www.turbocar.cz\/de\/kontakt\/\",\"url\":\"https:\/\/www.turbocar.cz\/de\/kontakt\/\",\"name\":\"Kontaktiere uns - TurboCar\",\"isPartOf\":{\"@id\":\"https:\/\/www.turbocar.cz\/en\/#website\"},\"datePublished\":\"2016-06-14T19:42:07+00:00\",\"dateModified\":\"2022-12-21T07:19:09+00:00\",\"breadcrumb\":{\"@id\":\"https:\/\/www.turbocar.cz\/de\/kontakt\/#breadcrumb\"},\"inLanguage\":\"de\",\"potentialAction\":[{\"@type\":\"ReadAction\",\"target\":[\"https:\/\/www.turbocar.cz\/de\/kontakt\/\"]}]},{\"@type\":\"BreadcrumbList\",\"@id\":\"https:\/\/www.turbocar.cz\/de\/kontakt\/#breadcrumb\",\"itemListElement\":[{\"@type\":\"ListItem\",\"position\":1,\"name\":\"Zuhause\",\"item\":\"https:\/\/www.turbocar.cz\/de\/\"},{\"@type\":\"ListItem\",\"position\":2,\"name\":\"Kontaktiere uns\"}]},{\"@type\":\"WebSite\",\"@id\":\"https:\/\/www.turbocar.cz\/en\/#website\",\"url\":\"https:\/\/www.turbocar.cz\/en\/\",\"name\":\"TurboCar\",\"description\":\"TurboCar, s.r.o. je nejv\u011bt\u0161\u00ed autorizovan\u00fd servis turbodmychadel v \u010cR. Nab\u00edz\u00edme tak\u00e9 prodej turbodmychadel v\u0161ech typ\u016f pro osobn\u00ed, n\u00e1kladn\u00ed a dr\u00e1\u017en\u00ed vozidla.\",\"potentialAction\":[{\"@type\":\"SearchAction\",\"target\":{\"@type\":\"EntryPoint\",\"urlTemplate\":\"https:\/\/www.turbocar.cz\/en\/?s={search_term_string}\"},\"query-input\":{\"@type\":\"PropertyValueSpecification\",\"valueRequired\":true,\"valueName\":\"search_term_string\"}}],\"inLanguage\":\"de\"}]}<\/script>","yoast_head_json":{"title":"Kontaktiere uns - TurboCar","robots":{"index":"index","follow":"follow","max-snippet":"max-snippet:-1","max-image-preview":"max-image-preview:large","max-video-preview":"max-video-preview:-1"},"canonical":"https:\/\/www.turbocar.cz\/de\/kontakt\/","og_locale":"de_DE","og_type":"article","og_title":"Kontaktiere uns - TurboCar","og_description":"[vc_row full_width=&#8221;stretch_row_content_no_spaces&#8221;][vc_column][vc_gmaps link=&#8221;#E-8_JTNDaWZyYW1lJTIwc3JjJTNEJTIyaHR0cHMlM0ElMkYlMkZ3d3cuZ29vZ2xlLmNvbSUyRm1hcHMlMkZlbWJlZCUzRnBiJTNEJTIxMW0xOCUyMTFtMTIlMjExbTMlMjExZDI2MDIuOTQ0NDQwODMxMzM0MyUyMTJkMTYuMjE5ODk2MzE1Njg5MyUyMTNkNDkuMjc3NDQ5OTc5MzMwODElMjEybTMlMjExZjAlMjEyZjAlMjEzZjAlMjEzbTIlMjExaTEwMjQlMjEyaTc2OCUyMTRmMTMuMSUyMTNtMyUyMTFtMiUyMTFzMHg0NzBkNjFmMzQxNDI5ZjliJTI1M0EweDQ2ZjQ0NmVmYmRkYzNmNDAlMjEyc1R1cmJvQ2FyJTI1MjBzLnIuby4lMjE1ZTAlMjEzbTIlMjExc2NzJTIxMnNjeiUyMTR2MTYwOTc2NzMzOTMyOSUyMTVtMiUyMTFzY3MlMjEyc2N6JTIyJTIwd2lkdGglM0QlMjI2MDAlMjIlMjBoZWlnaHQlM0QlMjI0NTAlMjIlMjBmcmFtZWJvcmRlciUzRCUyMjAlMjIlMjBzdHlsZSUzRCUyMmJvcmRlciUzQTAlM0IlMjIlMjBhbGxvd2Z1bGxzY3JlZW4lM0QlMjIlMjIlMjBhcmlhLWhpZGRlbiUzRCUyMmZhbHNlJTIyJTIwdGFiaW5kZXglM0QlMjIwJTIyJTNFJTNDJTJGaWZyYW1lJTNF&#8221; size=&#8221;270&#8243;][\/vc_column][\/vc_row][vc_row][vc_column][vc_column_text css=&#8221;.vc_custom_1609426235080{padding-top: -20px !important;}&#8221;] 49\u00b0 16\u00b4 38,1\u00b4\u00b4 N 16\u00b0 13\u00b4 20,1\u00b4\u00b4 E [\/vc_column_text][\/vc_column][\/vc_row][vc_row][vc_column width=&#8221;1\/4&#8243;][vc_column_text] \u00d6ffnungszeiten Montag: 7:00 &#8211; 16:00 Dienstag: 7:00 &#8211; 16:00 [\u2026]","og_url":"https:\/\/www.turbocar.cz\/de\/kontakt\/","og_site_name":"TurboCar","article_modified_time":"2022-12-21T07:19:09+00:00","twitter_card":"summary_large_image","twitter_misc":{"Gesch\u00e4tzte Lesezeit":"1\u00a0Minute"},"schema":{"@context":"https:\/\/schema.org","@graph":[{"@type":"WebPage","@id":"https:\/\/www.turbocar.cz\/de\/kontakt\/","url":"https:\/\/www.turbocar.cz\/de\/kontakt\/","name":"Kontaktiere uns - TurboCar","isPartOf":{"@id":"https:\/\/www.turbocar.cz\/en\/#website"},"datePublished":"2016-06-14T19:42:07+00:00","dateModified":"2022-12-21T07:19:09+00:00","breadcrumb":{"@id":"https:\/\/www.turbocar.cz\/de\/kontakt\/#breadcrumb"},"inLanguage":"de","potentialAction":[{"@type":"ReadAction","target":["https:\/\/www.turbocar.cz\/de\/kontakt\/"]}]},{"@type":"BreadcrumbList","@id":"https:\/\/www.turbocar.cz\/de\/kontakt\/#breadcrumb","itemListElement":[{"@type":"ListItem","position":1,"name":"Zuhause","item":"https:\/\/www.turbocar.cz\/de\/"},{"@type":"ListItem","position":2,"name":"Kontaktiere uns"}]},{"@type":"WebSite","@id":"https:\/\/www.turbocar.cz\/en\/#website","url":"https:\/\/www.turbocar.cz\/en\/","name":"TurboCar","description":"TurboCar, s.r.o. je nejv\u011bt\u0161\u00ed autorizovan\u00fd servis turbodmychadel v \u010cR. Nab\u00edz\u00edme tak\u00e9 prodej turbodmychadel v\u0161ech typ\u016f pro osobn\u00ed, n\u00e1kladn\u00ed a dr\u00e1\u017en\u00ed vozidla.","potentialAction":[{"@type":"SearchAction","target":{"@type":"EntryPoint","urlTemplate":"https:\/\/www.turbocar.cz\/en\/?s={search_term_string}"},"query-input":{"@type":"PropertyValueSpecification","valueRequired":true,"valueName":"search_term_string"}}],"inLanguage":"de"}]}},"_links":{"self":[{"href":"https:\/\/www.turbocar.cz\/de\/wp-json\/wp\/v2\/pages\/3249","targetHints":{"allow":["GET"]}}],"collection":[{"href":"https:\/\/www.turbocar.cz\/de\/wp-json\/wp\/v2\/pages"}],"about":[{"href":"https:\/\/www.turbocar.cz\/de\/wp-json\/wp\/v2\/types\/page"}],"author":[{"embeddable":true,"href":"https:\/\/www.turbocar.cz\/de\/wp-json\/wp\/v2\/users\/1"}],"replies":[{"embeddable":true,"href":"https:\/\/www.turbocar.cz\/de\/wp-json\/wp\/v2\/comments?post=3249"}],"version-history":[{"count":14,"href":"https:\/\/www.turbocar.cz\/de\/wp-json\/wp\/v2\/pages\/3249\/revisions"}],"predecessor-version":[{"id":3786,"href":"https:\/\/www.turbocar.cz\/de\/wp-json\/wp\/v2\/pages\/3249\/revisions\/3786"}],"wp:attachment":[{"href":"https:\/\/www.turbocar.cz\/de\/wp-json\/wp\/v2\/media?parent=3249"}],"curies":[{"name":"wp","href":"https:\/\/api.w.org\/{rel}","templated":true}]}}