{"id":3242,"date":"2021-01-04T13:10:04","date_gmt":"2021-01-04T12:10:04","guid":{"rendered":"https:\/\/www.turbocar.cz\/nezavazna-poptavka\/"},"modified":"2021-01-22T13:49:43","modified_gmt":"2021-01-22T12:49:43","slug":"anfrage","status":"publish","type":"page","link":"https:\/\/www.turbocar.cz\/de\/anfrage\/","title":{"rendered":"Anfrage"},"content":{"rendered":"<div class=\"wpb-content-wrapper\"><p>[vc_row css=&#8221;.vc_custom_1465589432702{padding-top: 50px !important;}&#8221;][vc_column width=&#8221;1\/4&#8243;][\/vc_column][vc_column width=&#8221;1\/2&#8243;][vc_column_text]<\/p>\n<h4>F\u00fcr alle Ihre Fragen, Anmerkungen und Bestellungen haben wir f\u00fcr Sie unser schnelles Kontaktformular vorbereitet. Nach Zustellung Ihrer Anfrage wird Ihre Anforderung unverz\u00fcglich bearbeitet und nachfolgend werden wir uns bem\u00fchen, Ihnen so bald wie m\u00f6glich die Antwort zu geben.<\/h4>\n<p>Stehen Sie bitte nicht an, uns anzusprechen.[\/vc_column_text][\/vc_column][vc_column width=&#8221;1\/4&#8243;][\/vc_column][\/vc_row][vc_row][vc_column width=&#8221;1\/4&#8243;][\/vc_column][vc_column width=&#8221;1\/2&#8243;]\n<div class=\"wpcf7 no-js\" id=\"wpcf7-f3484-o1\" lang=\"de-DE\" dir=\"ltr\" data-wpcf7-id=\"3484\">\n<div class=\"screen-reader-response\"><p role=\"status\" aria-live=\"polite\" aria-atomic=\"true\"><\/p> <ul><\/ul><\/div>\n<form action=\"\/de\/wp-json\/wp\/v2\/pages\/3242#wpcf7-f3484-o1\" method=\"post\" class=\"wpcf7-form init\" aria-label=\"Kontaktformular\" novalidate=\"novalidate\" data-status=\"init\">\n<fieldset class=\"hidden-fields-container\"><input type=\"hidden\" name=\"_wpcf7\" value=\"3484\" \/><input type=\"hidden\" name=\"_wpcf7_version\" value=\"6.1.5\" \/><input type=\"hidden\" name=\"_wpcf7_locale\" value=\"de_DE\" \/><input type=\"hidden\" name=\"_wpcf7_unit_tag\" value=\"wpcf7-f3484-o1\" \/><input type=\"hidden\" name=\"_wpcf7_container_post\" value=\"0\" \/><input type=\"hidden\" name=\"_wpcf7_posted_data_hash\" value=\"\" \/><input type=\"hidden\" name=\"_wpcf7_recaptcha_response\" value=\"\" \/>\n<\/fieldset>\n<div class=\"column one-second\">\n\t<p><span class=\"wpcf7-form-control-wrap\" data-name=\"your-name\"><input size=\"40\" maxlength=\"400\" class=\"wpcf7-form-control wpcf7-text wpcf7-validates-as-required\" aria-required=\"true\" aria-invalid=\"false\" placeholder=\"Name*\" value=\"\" type=\"text\" name=\"your-name\" \/><\/span>\n\t<\/p>\n<\/div>\n<div class=\"column one-second\">\n\t<p><span class=\"wpcf7-form-control-wrap\" data-name=\"email\"><input size=\"40\" maxlength=\"400\" class=\"wpcf7-form-control wpcf7-email wpcf7-validates-as-required wpcf7-text wpcf7-validates-as-email required\" aria-required=\"true\" aria-invalid=\"false\" placeholder=\"E-mail*\" value=\"\" type=\"email\" name=\"email\" \/><\/span>\n\t<\/p>\n<\/div>\n<div class=\"column one-second\">\n\t<p><span class=\"wpcf7-form-control-wrap\" data-name=\"phone\"><input size=\"40\" maxlength=\"400\" class=\"wpcf7-form-control wpcf7-tel wpcf7-validates-as-required wpcf7-text wpcf7-validates-as-tel required\" aria-required=\"true\" aria-invalid=\"false\" placeholder=\"Telefon*\" value=\"\" type=\"tel\" name=\"phone\" \/><\/span>\n\t<\/p>\n<\/div>\n<div class=\"column one-second\">\n\t<p><span class=\"wpcf7-form-control-wrap\" data-name=\"mobile\"><input size=\"40\" maxlength=\"400\" class=\"wpcf7-form-control wpcf7-tel wpcf7-validates-as-required wpcf7-text wpcf7-validates-as-tel\" aria-required=\"true\" aria-invalid=\"false\" placeholder=\"Telefonnummer\" value=\"\" type=\"tel\" name=\"mobile\" \/><\/span>\n\t<\/p>\n<\/div>\n<div class=\"column one-third\">\n\t<p><span class=\"wpcf7-form-control-wrap\" data-name=\"street\"><input size=\"40\" maxlength=\"400\" class=\"wpcf7-form-control wpcf7-text required\" aria-invalid=\"false\" placeholder=\"Hausnummer\" value=\"\" type=\"text\" name=\"street\" \/><\/span>\n\t<\/p>\n<\/div>\n<div class=\"column one-third\">\n\t<p><span class=\"wpcf7-form-control-wrap\" data-name=\"city\"><input size=\"40\" maxlength=\"400\" class=\"wpcf7-form-control wpcf7-text required\" aria-invalid=\"false\" placeholder=\"Stadt\" value=\"\" type=\"text\" name=\"city\" \/><\/span>\n\t<\/p>\n<\/div>\n<div class=\"column one-third\">\n\t<p><span class=\"wpcf7-form-control-wrap\" data-name=\"zip\"><input class=\"wpcf7-form-control wpcf7-number wpcf7-validates-as-number required\" aria-invalid=\"false\" placeholder=\"Postleitzahl\" value=\"\" type=\"number\" name=\"zip\" \/><\/span>\n\t<\/p>\n<\/div>\n<div class=\"column one\">\n\t<p><span class=\"wpcf7-form-control-wrap\" data-name=\"message\"><textarea cols=\"40\" rows=\"4\" maxlength=\"2000\" class=\"wpcf7-form-control wpcf7-textarea wpcf7-validates-as-required\" aria-required=\"true\" aria-invalid=\"false\" placeholder=\"Anfrage*\" name=\"message\"><\/textarea><\/span>\n\t<\/p>\n<\/div>\n<div class=\"column one\">\n\t<p><span class=\"wpcf7-form-control-wrap wpgdprc\"><span class=\"wpcf7-form-control wpcf7-wpgdprc wpcf7-validates-as-required\"><span class=\"wpcf7-list-item\"><input type=\"checkbox\" name=\"wpgdprc\" value=\"1\" aria-required=\"true\" aria-invalid=\"false\" \/><span class=\"wpcf7-list-item-label\">Ich bin mit der Verarbeitung personenbezogener Daten einverstanden<\/span><\/span><\/span>    <\/span>\n\t<\/p>\n\t<p><a href=\"\/de\/schutz-personenbezogener-daten\/\" target=\"_blank\" rel=\"noopener\">Wie verarbeiten wir personenbezogene Daten?<\/a><br \/>\n<input class=\"wpcf7-form-control wpcf7-submit has-spinner\" type=\"submit\" value=\"SENDE FORMULAR\" \/>\n\t<\/p>\n<\/div><div class=\"wpcf7-response-output\" aria-hidden=\"true\"><\/div>\n<\/form>\n<\/div>\n[\/vc_column][vc_column width=&#8221;1\/4&#8243;][\/vc_column][\/vc_row][vc_row css=&#8221;.vc_custom_1465589432702{padding-top: 50px !important;}&#8221;][vc_column width=&#8221;1\/4&#8243;][\/vc_column][vc_column width=&#8221;1\/2&#8243;][vc_column_text]<\/p>\n<h4><em><strong>Datenschutzerkl\u00e4rung:<\/strong><\/em><\/h4>\n<p><em>Damit unsere Website gut funktioniert, m\u00fcssen wir einige Ihrer pers\u00f6nlichen Daten verarbeiten. Sie k\u00f6nnen den Administrator f\u00fcr personenbezogene Daten am Telefon kontaktieren: <\/em>+420 566 531 24 <em>oder<\/em> <a href=\"mailto:turbocar@www.turbocar.cz\">turbocar@www.turbocar.cz.<\/a><\/p>\n<p>Wir verarbeiten Ihre personenbezogenen Daten zu folgenden Zwecken:<\/p>\n<ul>\n<li>Auftragsabwicklung und L\u00f6sung von Beschwerden.<\/li>\n<li>Um Ihnen Bestellungen zusenden zu k\u00f6nnen und die effektive L\u00f6sung von Anfragen und Beschwerden zu gew\u00e4hrleisten, verarbeiten wir Ihren Vor- und Nachnamen, Ihre Lieferadresse, Ihre E-Mail-Adresse, Ihre Telefonnummer, Ihre Bankkontonummer, die bestellte Ware und deren Preis.<\/li>\n<li>Der rechtliche Grund f\u00fcr diese Verarbeitung ist die Vertragserf\u00fcllung. Zu diesem Zweck verarbeiten wir die angegebenen personenbezogenen Daten f\u00fcr die Dauer der Gew\u00e4hrleistungsfrist.<\/li>\n<\/ul>\n<p>[\/vc_column_text][\/vc_column][vc_column width=&#8221;1\/4&#8243;][\/vc_column][\/vc_row]<\/p>\n<\/div>","protected":false},"excerpt":{"rendered":"<p>[vc_row css=&#8221;.vc_custom_1465589432702{padding-top: 50px !important;}&#8221;][vc_column width=&#8221;1\/4&#8243;][\/vc_column][vc_column width=&#8221;1\/2&#8243;][vc_column_text] F\u00fcr alle Ihre Fragen, Anmerkungen und Bestellungen haben wir f\u00fcr Sie unser schnelles Kontaktformular vorbereitet. Nach Zustellung Ihrer Anfrage wird<span class=\"excerpt-hellip\"> [\u2026]<\/span><\/p>\n","protected":false},"author":2346,"featured_media":0,"parent":0,"menu_order":0,"comment_status":"closed","ping_status":"closed","template":"","meta":{"footnotes":""},"class_list":["post-3242","page","type-page","status-publish","hentry"],"yoast_head":"<title>Anfrage - TurboCar<\/title>\n<meta name=\"robots\" content=\"index, follow, max-snippet:-1, max-image-preview:large, max-video-preview:-1\" \/>\n<link rel=\"canonical\" href=\"https:\/\/www.turbocar.cz\/de\/anfrage\/\" \/>\n<meta property=\"og:locale\" content=\"de_DE\" \/>\n<meta property=\"og:type\" content=\"article\" \/>\n<meta property=\"og:title\" content=\"Anfrage - TurboCar\" \/>\n<meta property=\"og:description\" content=\"[vc_row css=&#8221;.vc_custom_1465589432702{padding-top: 50px !important;}&#8221;][vc_column width=&#8221;1\/4&#8243;][\/vc_column][vc_column width=&#8221;1\/2&#8243;][vc_column_text] F\u00fcr alle Ihre Fragen, Anmerkungen und Bestellungen haben wir f\u00fcr Sie unser schnelles Kontaktformular vorbereitet. Nach Zustellung Ihrer Anfrage wird [\u2026]\" \/>\n<meta property=\"og:url\" content=\"https:\/\/www.turbocar.cz\/de\/anfrage\/\" \/>\n<meta property=\"og:site_name\" content=\"TurboCar\" \/>\n<meta property=\"article:modified_time\" content=\"2021-01-22T12:49:43+00:00\" \/>\n<meta name=\"twitter:card\" content=\"summary_large_image\" \/>\n<meta name=\"twitter:label1\" content=\"Gesch\u00e4tzte Lesezeit\" \/>\n\t<meta name=\"twitter:data1\" content=\"1\u00a0Minute\" \/>\n<script type=\"application\/ld+json\" class=\"yoast-schema-graph\">{\"@context\":\"https:\\\/\\\/schema.org\",\"@graph\":[{\"@type\":\"WebPage\",\"@id\":\"https:\\\/\\\/www.turbocar.cz\\\/de\\\/anfrage\\\/\",\"url\":\"https:\\\/\\\/www.turbocar.cz\\\/de\\\/anfrage\\\/\",\"name\":\"Anfrage - TurboCar\",\"isPartOf\":{\"@id\":\"https:\\\/\\\/www.turbocar.cz\\\/#website\"},\"datePublished\":\"2021-01-04T12:10:04+00:00\",\"dateModified\":\"2021-01-22T12:49:43+00:00\",\"breadcrumb\":{\"@id\":\"https:\\\/\\\/www.turbocar.cz\\\/de\\\/anfrage\\\/#breadcrumb\"},\"inLanguage\":\"de\",\"potentialAction\":[{\"@type\":\"ReadAction\",\"target\":[\"https:\\\/\\\/www.turbocar.cz\\\/de\\\/anfrage\\\/\"]}]},{\"@type\":\"BreadcrumbList\",\"@id\":\"https:\\\/\\\/www.turbocar.cz\\\/de\\\/anfrage\\\/#breadcrumb\",\"itemListElement\":[{\"@type\":\"ListItem\",\"position\":1,\"name\":\"Zuhause\",\"item\":\"https:\\\/\\\/www.turbocar.cz\\\/de\\\/\"},{\"@type\":\"ListItem\",\"position\":2,\"name\":\"Anfrage\"}]},{\"@type\":\"WebSite\",\"@id\":\"https:\\\/\\\/www.turbocar.cz\\\/#website\",\"url\":\"https:\\\/\\\/www.turbocar.cz\\\/\",\"name\":\"TurboCar\",\"description\":\"TurboCar, s.r.o. je nejv\u011bt\u0161\u00ed autorizovan\u00fd servis turbodmychadel v \u010cR. Nab\u00edz\u00edme tak\u00e9 prodej turbodmychadel v\u0161ech typ\u016f pro osobn\u00ed, n\u00e1kladn\u00ed a dr\u00e1\u017en\u00ed vozidla.\",\"potentialAction\":[{\"@type\":\"SearchAction\",\"target\":{\"@type\":\"EntryPoint\",\"urlTemplate\":\"https:\\\/\\\/www.turbocar.cz\\\/?s={search_term_string}\"},\"query-input\":{\"@type\":\"PropertyValueSpecification\",\"valueRequired\":true,\"valueName\":\"search_term_string\"}}],\"inLanguage\":\"de\"}]}<\/script>","yoast_head_json":{"title":"Anfrage - TurboCar","robots":{"index":"index","follow":"follow","max-snippet":"max-snippet:-1","max-image-preview":"max-image-preview:large","max-video-preview":"max-video-preview:-1"},"canonical":"https:\/\/www.turbocar.cz\/de\/anfrage\/","og_locale":"de_DE","og_type":"article","og_title":"Anfrage - TurboCar","og_description":"[vc_row css=&#8221;.vc_custom_1465589432702{padding-top: 50px !important;}&#8221;][vc_column width=&#8221;1\/4&#8243;][\/vc_column][vc_column width=&#8221;1\/2&#8243;][vc_column_text] F\u00fcr alle Ihre Fragen, Anmerkungen und Bestellungen haben wir f\u00fcr Sie unser schnelles Kontaktformular vorbereitet. Nach Zustellung Ihrer Anfrage wird [\u2026]","og_url":"https:\/\/www.turbocar.cz\/de\/anfrage\/","og_site_name":"TurboCar","article_modified_time":"2021-01-22T12:49:43+00:00","twitter_card":"summary_large_image","twitter_misc":{"Gesch\u00e4tzte Lesezeit":"1\u00a0Minute"},"schema":{"@context":"https:\/\/schema.org","@graph":[{"@type":"WebPage","@id":"https:\/\/www.turbocar.cz\/de\/anfrage\/","url":"https:\/\/www.turbocar.cz\/de\/anfrage\/","name":"Anfrage - TurboCar","isPartOf":{"@id":"https:\/\/www.turbocar.cz\/#website"},"datePublished":"2021-01-04T12:10:04+00:00","dateModified":"2021-01-22T12:49:43+00:00","breadcrumb":{"@id":"https:\/\/www.turbocar.cz\/de\/anfrage\/#breadcrumb"},"inLanguage":"de","potentialAction":[{"@type":"ReadAction","target":["https:\/\/www.turbocar.cz\/de\/anfrage\/"]}]},{"@type":"BreadcrumbList","@id":"https:\/\/www.turbocar.cz\/de\/anfrage\/#breadcrumb","itemListElement":[{"@type":"ListItem","position":1,"name":"Zuhause","item":"https:\/\/www.turbocar.cz\/de\/"},{"@type":"ListItem","position":2,"name":"Anfrage"}]},{"@type":"WebSite","@id":"https:\/\/www.turbocar.cz\/#website","url":"https:\/\/www.turbocar.cz\/","name":"TurboCar","description":"TurboCar, s.r.o. je nejv\u011bt\u0161\u00ed autorizovan\u00fd servis turbodmychadel v \u010cR. Nab\u00edz\u00edme tak\u00e9 prodej turbodmychadel v\u0161ech typ\u016f pro osobn\u00ed, n\u00e1kladn\u00ed a dr\u00e1\u017en\u00ed vozidla.","potentialAction":[{"@type":"SearchAction","target":{"@type":"EntryPoint","urlTemplate":"https:\/\/www.turbocar.cz\/?s={search_term_string}"},"query-input":{"@type":"PropertyValueSpecification","valueRequired":true,"valueName":"search_term_string"}}],"inLanguage":"de"}]}},"_links":{"self":[{"href":"https:\/\/www.turbocar.cz\/de\/wp-json\/wp\/v2\/pages\/3242","targetHints":{"allow":["GET"]}}],"collection":[{"href":"https:\/\/www.turbocar.cz\/de\/wp-json\/wp\/v2\/pages"}],"about":[{"href":"https:\/\/www.turbocar.cz\/de\/wp-json\/wp\/v2\/types\/page"}],"author":[{"embeddable":true,"href":"https:\/\/www.turbocar.cz\/de\/wp-json\/wp\/v2\/users\/2346"}],"replies":[{"embeddable":true,"href":"https:\/\/www.turbocar.cz\/de\/wp-json\/wp\/v2\/comments?post=3242"}],"version-history":[{"count":15,"href":"https:\/\/www.turbocar.cz\/de\/wp-json\/wp\/v2\/pages\/3242\/revisions"}],"predecessor-version":[{"id":3499,"href":"https:\/\/www.turbocar.cz\/de\/wp-json\/wp\/v2\/pages\/3242\/revisions\/3499"}],"wp:attachment":[{"href":"https:\/\/www.turbocar.cz\/de\/wp-json\/wp\/v2\/media?parent=3242"}],"curies":[{"name":"wp","href":"https:\/\/api.w.org\/{rel}","templated":true}]}}