{"id":3228,"date":"2021-01-04T12:42:39","date_gmt":"2021-01-04T11:42:39","guid":{"rendered":"https:\/\/www.turbocar.cz\/servis-a-opravy-velkych-turbodmychadel\/"},"modified":"2021-01-21T11:36:20","modified_gmt":"2021-01-21T10:36:20","slug":"service-von-grossen-turbogeblaesen","status":"publish","type":"page","link":"https:\/\/www.turbocar.cz\/de\/service-von-grossen-turbogeblaesen\/","title":{"rendered":"Service von gro\u00dfen Turbogebl\u00e4sen"},"content":{"rendered":"<div class=\"wpb-content-wrapper\"><p>[vc_row][vc_column css=&#8221;.vc_custom_1609759399986{padding-top: 60px !important;}&#8221;][vc_column_text]<\/p>\n<h4 style=\"text-align: center\">Wir sind ein einziges<strong> autorisiertes Serviceunternehmen von gro\u00dfen Turbogebl\u00e4sen PBST in der Tschechischen sowie Slowakischen Republik.<\/strong><\/h4>\n<h4 style=\"text-align: center\">Die Turbogebl\u00e4sen PBST bieten wir ersatzweise an.<\/h4>\n<p>[\/vc_column_text][vc_column_text]<\/p>\n<p style=\"text-align: center\">Wir reparieren haupts\u00e4chlich diese Turbolader:<\/p>\n<p style=\"text-align: center\">NR17, NR20, TCR12, TCR14, TCR16, TCR18,\u00a0PDH16, PDH25ZV, PDH35ZV, PDH50V, PDH50ZV, PDH70ZV, PTD230AH, PTD280AH, PTD281, PTR180&#8230;<\/p>\n<p>[\/vc_column_text][\/vc_column][\/vc_row][vc_row][vc_column width=&#8221;1\/2&#8243;][vc_column_text css=&#8221;.vc_custom_1610030095358{padding-top: 80px !important;}&#8221;]<\/p>\n<h3>Originalteile &amp; Original Service<\/h3>\n<ul>\n<li>Wir verwenden <span style=\"color: #0baf4d\">Originalersatzteile<\/span> des PBS Turbo Turbolader-Herstellers.<\/li>\n<li><span style=\"color: #0baf4d\">Rabatte<\/span> f\u00fcr eine langfristige Zusammenarbeit.<\/li>\n<li>Sie k\u00f6nnen viel Geld sparen, indem Sie unsere hochwertigen Originalersatzteile verwenden, <span style=\"color: #0baf4d\">mit denen Sie das Beste aus Ihrem Turbolader nutzen k\u00f6nnen.<\/span>.<\/li>\n<li><span style=\"color: #0baf4d\">Vollst\u00e4ndige Aufladehinweise.<\/span><\/li>\n<\/ul>\n<p>[\/vc_column_text][\/vc_column][vc_column width=&#8221;1\/2&#8243;][vc_single_image image=&#8221;2972&#8243; img_size=&#8221;full&#8221; onclick=&#8221;link_image&#8221;][\/vc_column][\/vc_row][vc_row][vc_column width=&#8221;1\/2&#8243;][vc_single_image image=&#8221;2976&#8243; img_size=&#8221;650&#215;588&#8243; alignment=&#8221;center&#8221; onclick=&#8221;link_image&#8221; css=&#8221;.vc_custom_1609761547295{padding-top: 50px !important;}&#8221;][\/vc_column][vc_column width=&#8221;1\/2&#8243;][vc_column_text css=&#8221;.vc_custom_1611225318714{padding-top: 50px !important;}&#8221;]<\/p>\n<h3>Turbogebl\u00e4se f\u00fcr GE Jenbacher<\/h3>\n<p>Weiter besch\u00e4ftigen wir uns mit Service von Turbogebl\u00e4sen f\u00fcr Motoren GE Jenbacher . Wir sind f\u00e4hig, das Service von Turbogebl\u00e4sen\u00a0<span style=\"color: #0baf4d\">NR17, NR20 an den Motoren GE Jenbacher<\/span>in L\u00e4ndern &#8211; Tschechische Republik, Slowakei, Ungarn, Deutschland, \u00d6sterreich, Litauen, Wei\u00dfrussland, Moldawien, D\u00e4nemark, Slowenien usw. sicherzustellen.[\/vc_column_text][\/vc_column][\/vc_row][vc_row css=&#8221;.vc_custom_1609833108607{padding-bottom: 30px !important;}&#8221;][vc_column width=&#8221;1\/2&#8243;][vc_column_text css=&#8221;.vc_custom_1610030690131{padding-top: 80px !important;}&#8221;]<\/p>\n<h3>Turbogebl\u00e4se ABB, KBB und Napier<\/h3>\n<p>Wir spezialisieren uns auch auf Turbogebl\u00e4se ABB, KBB und Napier usw., wo wir langfristig zur Spitze auf dem europ\u00e4ischen Markt geh\u00f6ren.<\/p>\n<h4><strong>Turbochargers: <\/strong><\/h4>\n<p>Turbochargers KBB4000 und NAPIER 295.[\/vc_column_text][\/vc_column][vc_column width=&#8221;1\/2&#8243;][vc_single_image image=&#8221;2980&#8243; img_size=&#8221;full&#8221; onclick=&#8221;link_image&#8221; css=&#8221;.vc_custom_1609761444082{padding-top: 90px !important;}&#8221;][\/vc_column][\/vc_row]<\/p>\n<\/div>","protected":false},"excerpt":{"rendered":"<p>[vc_row][vc_column css=&#8221;.vc_custom_1609759399986{padding-top: 60px !important;}&#8221;][vc_column_text] Wir sind ein einziges autorisiertes Serviceunternehmen von gro\u00dfen Turbogebl\u00e4sen PBST in der Tschechischen sowie Slowakischen Republik. Die Turbogebl\u00e4sen PBST bieten wir ersatzweise<span class=\"excerpt-hellip\"> [\u2026]<\/span><\/p>\n","protected":false},"author":2346,"featured_media":0,"parent":0,"menu_order":0,"comment_status":"closed","ping_status":"closed","template":"","meta":{"footnotes":""},"class_list":["post-3228","page","type-page","status-publish","hentry"],"yoast_head":"<title>Service von gro\u00dfen Turbogebl\u00e4sen - TurboCar<\/title>\n<meta name=\"robots\" content=\"index, follow, max-snippet:-1, max-image-preview:large, max-video-preview:-1\" \/>\n<link rel=\"canonical\" href=\"https:\/\/www.turbocar.cz\/de\/service-von-grossen-turbogeblaesen\/\" \/>\n<meta property=\"og:locale\" content=\"de_DE\" \/>\n<meta property=\"og:type\" content=\"article\" \/>\n<meta property=\"og:title\" content=\"Service von gro\u00dfen Turbogebl\u00e4sen - TurboCar\" \/>\n<meta property=\"og:description\" content=\"[vc_row][vc_column css=&#8221;.vc_custom_1609759399986{padding-top: 60px !important;}&#8221;][vc_column_text] Wir sind ein einziges autorisiertes Serviceunternehmen von gro\u00dfen Turbogebl\u00e4sen PBST in der Tschechischen sowie Slowakischen Republik. Die Turbogebl\u00e4sen PBST bieten wir ersatzweise [\u2026]\" \/>\n<meta property=\"og:url\" content=\"https:\/\/www.turbocar.cz\/de\/service-von-grossen-turbogeblaesen\/\" \/>\n<meta property=\"og:site_name\" content=\"TurboCar\" \/>\n<meta property=\"article:modified_time\" content=\"2021-01-21T10:36:20+00:00\" \/>\n<meta name=\"twitter:card\" content=\"summary_large_image\" \/>\n<meta name=\"twitter:label1\" content=\"Gesch\u00e4tzte Lesezeit\" \/>\n\t<meta name=\"twitter:data1\" content=\"1\u00a0Minute\" \/>\n<script type=\"application\/ld+json\" class=\"yoast-schema-graph\">{\"@context\":\"https:\\\/\\\/schema.org\",\"@graph\":[{\"@type\":\"WebPage\",\"@id\":\"https:\\\/\\\/www.turbocar.cz\\\/de\\\/service-von-grossen-turbogeblaesen\\\/\",\"url\":\"https:\\\/\\\/www.turbocar.cz\\\/de\\\/service-von-grossen-turbogeblaesen\\\/\",\"name\":\"Service von gro\u00dfen Turbogebl\u00e4sen - TurboCar\",\"isPartOf\":{\"@id\":\"https:\\\/\\\/www.turbocar.cz\\\/#website\"},\"datePublished\":\"2021-01-04T11:42:39+00:00\",\"dateModified\":\"2021-01-21T10:36:20+00:00\",\"breadcrumb\":{\"@id\":\"https:\\\/\\\/www.turbocar.cz\\\/de\\\/service-von-grossen-turbogeblaesen\\\/#breadcrumb\"},\"inLanguage\":\"de\",\"potentialAction\":[{\"@type\":\"ReadAction\",\"target\":[\"https:\\\/\\\/www.turbocar.cz\\\/de\\\/service-von-grossen-turbogeblaesen\\\/\"]}]},{\"@type\":\"BreadcrumbList\",\"@id\":\"https:\\\/\\\/www.turbocar.cz\\\/de\\\/service-von-grossen-turbogeblaesen\\\/#breadcrumb\",\"itemListElement\":[{\"@type\":\"ListItem\",\"position\":1,\"name\":\"Zuhause\",\"item\":\"https:\\\/\\\/www.turbocar.cz\\\/de\\\/\"},{\"@type\":\"ListItem\",\"position\":2,\"name\":\"Service von gro\u00dfen Turbogebl\u00e4sen\"}]},{\"@type\":\"WebSite\",\"@id\":\"https:\\\/\\\/www.turbocar.cz\\\/#website\",\"url\":\"https:\\\/\\\/www.turbocar.cz\\\/\",\"name\":\"TurboCar\",\"description\":\"TurboCar, s.r.o. je nejv\u011bt\u0161\u00ed autorizovan\u00fd servis turbodmychadel v \u010cR. Nab\u00edz\u00edme tak\u00e9 prodej turbodmychadel v\u0161ech typ\u016f pro osobn\u00ed, n\u00e1kladn\u00ed a dr\u00e1\u017en\u00ed vozidla.\",\"potentialAction\":[{\"@type\":\"SearchAction\",\"target\":{\"@type\":\"EntryPoint\",\"urlTemplate\":\"https:\\\/\\\/www.turbocar.cz\\\/?s={search_term_string}\"},\"query-input\":{\"@type\":\"PropertyValueSpecification\",\"valueRequired\":true,\"valueName\":\"search_term_string\"}}],\"inLanguage\":\"de\"}]}<\/script>","yoast_head_json":{"title":"Service von gro\u00dfen Turbogebl\u00e4sen - TurboCar","robots":{"index":"index","follow":"follow","max-snippet":"max-snippet:-1","max-image-preview":"max-image-preview:large","max-video-preview":"max-video-preview:-1"},"canonical":"https:\/\/www.turbocar.cz\/de\/service-von-grossen-turbogeblaesen\/","og_locale":"de_DE","og_type":"article","og_title":"Service von gro\u00dfen Turbogebl\u00e4sen - TurboCar","og_description":"[vc_row][vc_column css=&#8221;.vc_custom_1609759399986{padding-top: 60px !important;}&#8221;][vc_column_text] Wir sind ein einziges autorisiertes Serviceunternehmen von gro\u00dfen Turbogebl\u00e4sen PBST in der Tschechischen sowie Slowakischen Republik. Die Turbogebl\u00e4sen PBST bieten wir ersatzweise [\u2026]","og_url":"https:\/\/www.turbocar.cz\/de\/service-von-grossen-turbogeblaesen\/","og_site_name":"TurboCar","article_modified_time":"2021-01-21T10:36:20+00:00","twitter_card":"summary_large_image","twitter_misc":{"Gesch\u00e4tzte Lesezeit":"1\u00a0Minute"},"schema":{"@context":"https:\/\/schema.org","@graph":[{"@type":"WebPage","@id":"https:\/\/www.turbocar.cz\/de\/service-von-grossen-turbogeblaesen\/","url":"https:\/\/www.turbocar.cz\/de\/service-von-grossen-turbogeblaesen\/","name":"Service von gro\u00dfen Turbogebl\u00e4sen - TurboCar","isPartOf":{"@id":"https:\/\/www.turbocar.cz\/#website"},"datePublished":"2021-01-04T11:42:39+00:00","dateModified":"2021-01-21T10:36:20+00:00","breadcrumb":{"@id":"https:\/\/www.turbocar.cz\/de\/service-von-grossen-turbogeblaesen\/#breadcrumb"},"inLanguage":"de","potentialAction":[{"@type":"ReadAction","target":["https:\/\/www.turbocar.cz\/de\/service-von-grossen-turbogeblaesen\/"]}]},{"@type":"BreadcrumbList","@id":"https:\/\/www.turbocar.cz\/de\/service-von-grossen-turbogeblaesen\/#breadcrumb","itemListElement":[{"@type":"ListItem","position":1,"name":"Zuhause","item":"https:\/\/www.turbocar.cz\/de\/"},{"@type":"ListItem","position":2,"name":"Service von gro\u00dfen Turbogebl\u00e4sen"}]},{"@type":"WebSite","@id":"https:\/\/www.turbocar.cz\/#website","url":"https:\/\/www.turbocar.cz\/","name":"TurboCar","description":"TurboCar, s.r.o. je nejv\u011bt\u0161\u00ed autorizovan\u00fd servis turbodmychadel v \u010cR. Nab\u00edz\u00edme tak\u00e9 prodej turbodmychadel v\u0161ech typ\u016f pro osobn\u00ed, n\u00e1kladn\u00ed a dr\u00e1\u017en\u00ed vozidla.","potentialAction":[{"@type":"SearchAction","target":{"@type":"EntryPoint","urlTemplate":"https:\/\/www.turbocar.cz\/?s={search_term_string}"},"query-input":{"@type":"PropertyValueSpecification","valueRequired":true,"valueName":"search_term_string"}}],"inLanguage":"de"}]}},"_links":{"self":[{"href":"https:\/\/www.turbocar.cz\/de\/wp-json\/wp\/v2\/pages\/3228","targetHints":{"allow":["GET"]}}],"collection":[{"href":"https:\/\/www.turbocar.cz\/de\/wp-json\/wp\/v2\/pages"}],"about":[{"href":"https:\/\/www.turbocar.cz\/de\/wp-json\/wp\/v2\/types\/page"}],"author":[{"embeddable":true,"href":"https:\/\/www.turbocar.cz\/de\/wp-json\/wp\/v2\/users\/2346"}],"replies":[{"embeddable":true,"href":"https:\/\/www.turbocar.cz\/de\/wp-json\/wp\/v2\/comments?post=3228"}],"version-history":[{"count":8,"href":"https:\/\/www.turbocar.cz\/de\/wp-json\/wp\/v2\/pages\/3228\/revisions"}],"predecessor-version":[{"id":3429,"href":"https:\/\/www.turbocar.cz\/de\/wp-json\/wp\/v2\/pages\/3228\/revisions\/3429"}],"wp:attachment":[{"href":"https:\/\/www.turbocar.cz\/de\/wp-json\/wp\/v2\/media?parent=3228"}],"curies":[{"name":"wp","href":"https:\/\/api.w.org\/{rel}","templated":true}]}}