{"id":3215,"date":"2020-12-23T14:19:45","date_gmt":"2020-12-23T13:19:45","guid":{"rendered":"https:\/\/www.turbocar.cz\/servis-a-opravy-malych-turbodmychadel\/"},"modified":"2021-01-21T11:39:03","modified_gmt":"2021-01-21T10:39:03","slug":"turboladerservice-und-raparaturen","status":"publish","type":"page","link":"https:\/\/www.turbocar.cz\/de\/turboladerservice-und-raparaturen\/","title":{"rendered":"Turboladerservice und -reparaturen"},"content":{"rendered":"<div class=\"wpb-content-wrapper\"><p>[vc_row css=&#8221;.vc_custom_1465594184770{padding-top: 40px !important;padding-right: 15px !important;}&#8221;][vc_column width=&#8221;1\/2&#8243; css=&#8221;.vc_custom_1466194975199{padding-left: -20px !important;}&#8221;][vc_single_image image=&#8221;2728&#8243; img_size=&#8221;full&#8221; alignment=&#8221;center&#8221; onclick=&#8221;link_image&#8221;][\/vc_column][vc_column width=&#8221;1\/2&#8243;][vc_column_text css=&#8221;.vc_custom_1610024764264{border-left-width: 1px !important;padding-top: 20px !important;padding-right: 15px !important;padding-left: 15px !important;border-left-color: #d6d6d6 !important;border-left-style: solid !important;}&#8221;]<\/p>\n<h3>Wir reparieren alle Turbogebl\u00e4se auf dem Markt:<\/h3>\n<ul class=\"list_mixed\">\n<li style=\"list-style-type: none\">\n<ul class=\"list_mixed\">\n<li class=\"list_check\">GARRET, KKK, HOLSET, SCHWITZER, IHI, MITSUBISHI, \u010cZ.<\/li>\n<li class=\"list_check\">Die Originalersatzteile kaufen wir <span style=\"color: #0baf4d\"> direkt von Herstellern der Turbogebl\u00e4se ein.<\/span><\/li>\n<li class=\"list_check\">Die Reparaturen von Turbogebl\u00e4sen \u010cZ und PBS Turbo f\u00fchren wir <span style=\"color: #0baf4d\">ersatzweise durch.<\/span><\/li>\n<\/ul>\n<\/li>\n<\/ul>\n<p>[\/vc_column_text][\/vc_column][\/vc_row][vc_row][vc_column css=&#8221;.vc_custom_1609849094012{padding-top: 30px !important;padding-bottom: 30px !important;}&#8221;][vc_column_text]<\/p>\n<h2 style=\"text-align: center\">Reparaturen von Turbogebl\u00e4sen:<\/h2>\n<p>[\/vc_column_text][\/vc_column][\/vc_row][vc_row][vc_column width=&#8221;1\/2&#8243;][vc_column_text]<\/p>\n<h3>Auswuchtmaschine<\/h3>\n<p><span style=\"color: #0baf4d\"> Die qualit\u00e4tsgerechte Reparatur<\/span> wird durch separat ausgewuchtete Welle des Turbogebl\u00e4ses garantiert. Die Wellen wuchten wir auf Original-Auswuchtmaschinen der deutschen Marke Schenck aus. Zurzeit verf\u00fcgt unsere Gesellschaft \u00fcber zwei Auswuchtmaschinen dieser Marke.[\/vc_column_text][\/vc_column][vc_column width=&#8221;1\/4&#8243;]<div class=\"zoom_box\"><div class=\"photo\"><img loading=\"lazy\" decoding=\"async\" class=\"scale-with-grid\" src=\"https:\/\/www.turbocar.cz\/wp-content\/uploads\/sites\/290\/2020\/12\/Obr.-2.jpg\" alt=\"\" width=\"236\" height=\"200\"\/><\/div><div class=\"desc\" style=\"background-color: rgba(98, 98, 98, 0.8);\"><div class=\"desc_wrap\"><div class=\"desc_txt\">Auswuchtmaschine Schenck CAB 700 TB &#8211; f\u00fcr kleine L\u00e4ufer<\/div><\/div><\/div><\/div>\n[\/vc_column][vc_column width=&#8221;1\/4&#8243;]<div class=\"zoom_box\"><div class=\"photo\"><img loading=\"lazy\" decoding=\"async\" class=\"scale-with-grid\" src=\"https:\/\/www.turbocar.cz\/wp-content\/uploads\/sites\/290\/2020\/12\/Obr.-3.jpg\" alt=\"\" width=\"161\" height=\"200\"\/><\/div><div class=\"desc\" style=\"background-color: rgba(98, 98, 98, 0.8);\"><div class=\"desc_wrap\"><div class=\"desc_txt\">Auswuchtmaschine Schenck CAB 803 &#8211; f\u00fcr gro\u00dfe L\u00e4ufer<\/div><\/div><\/div><\/div>\n[\/vc_column][\/vc_row][vc_row][vc_column width=&#8221;1\/6&#8243; css=&#8221;.vc_custom_1609761780417{padding-top: 23px !important;}&#8221;][vc_single_image image=&#8221;2748&#8243; img_size=&#8221;full&#8221; onclick=&#8221;link_image&#8221;][\/vc_column][vc_column width=&#8221;1\/6&#8243; css=&#8221;.vc_custom_1609761744014{padding-top: 45px !important;}&#8221;][vc_single_image image=&#8221;2752&#8243; img_size=&#8221;full&#8221; onclick=&#8221;link_image&#8221;][\/vc_column][vc_column width=&#8221;1\/6&#8243; css=&#8221;.vc_custom_1609761750045{padding-top: 45px !important;}&#8221;][vc_single_image image=&#8221;2756&#8243; img_size=&#8221;full&#8221; onclick=&#8221;link_image&#8221;][\/vc_column][vc_column width=&#8221;1\/2&#8243;][vc_column_text]<\/p>\n<h3>MRV-2<\/h3>\n<p>Unsere Gesellschaft besitzt eine <span style=\"color: #0baf4d\">Spezialpr\u00fcfanlage zur Kontrolle der Funktion von Lagermitte \u2013 MRV-2.<\/span> Bei dieser Pr\u00fcfung wird die L\u00e4uferdrehzahl ausgewertet, es wird der Wert von L\u00e4uferschwingung bestimmt, die Dichte von Verstopfungen f\u00fcr \u00d6lleckage \u00fcberpr\u00fcft und kurzer Einlauf der Lager durchgef\u00fchrt. F\u00fcr Turbogebl\u00e4se mit elektronischer Regelung k\u00f6nnen wir die Pr\u00fcfung des elektronischen Ventils auf einer <span style=\"color: #0baf4d\">elektronischen Pr\u00fcfanlage<\/span> anbieten. Diese geh\u00f6rt zur europ\u00e4ischen technischen Spitze. Zur Reinigung von Oberfl\u00e4chen eines Teiles der Turbogebl\u00e4se wird das Sandstrahlen in einer Strahlbox angewendet.[\/vc_column_text][\/vc_column][\/vc_row][vc_row][vc_column width=&#8221;1\/2&#8243;][vc_column_text]<\/p>\n<h3>Typen der Generalreparaturen:<\/h3>\n<ul class=\"list_mixed\">\n<li style=\"list-style-type: none\">\n<ul class=\"list_mixed\">\n<li style=\"list-style-type: none\">\n<ul>\n<li><strong><span style=\"color: #0baf4d\">Revision von Turbogebl\u00e4se<\/span><\/strong> &#8211; Komplettreinigung, Pr\u00fcfung auf dem Pr\u00fcfstand MRV II und Einstellung des Regelventils.<\/li>\n<li><strong><span style=\"color: #0baf4d\">Grundreparatur (gegen \u00d6lleckage)<\/span><\/strong> &#8211; Original-Reparatursatz, neue Lager, Kolbenringe, Stopfb\u00fcchsen usw. Weiter f\u00fchren wir Auswuchten des L\u00e4ufers, Reinigung und Pr\u00fcfung auf dem Pr\u00fcfstand MRV durch. Nach der Pr\u00fcfung auf dem Pr\u00fcfstand wird ein Pr\u00fcfprotokoll \u00fcber 100 % Reparaturqualit\u00e4t des Turbogebl\u00e4ses ausgestellt.<\/li>\n<li><strong><span style=\"color: #0baf4d\">Gro\u00dfreparatur (bei Wellenbesch\u00e4digung)<\/span><\/strong> &#8211; in das Turbogebl\u00e4se verwenden wir eine neue Lagermitte (d.h. ganzes neues Innere des Turbogebl\u00e4ses &#8211; L\u00e4ufer, Kompressorrad und Mittelschrank mit Lager).<\/li>\n<\/ul>\n<\/li>\n<\/ul>\n<\/li>\n<\/ul>\n<p><strong><span style=\"color: #0baf4d\">Die Kalkulation des Reparaturpreises<\/span><\/strong> erfolgt erst nach Zerlegung des Turbogebl\u00e4ses je nach Typ der Besch\u00e4digung. Die Zerlegung und Sichtpr\u00fcfung des Turbogebl\u00e4ses wird bei uns kostenlos durchgef\u00fchrt. Die Reparatur wird standardm\u00e4\u00dfig bis zum anderen Tag durchgef\u00fchrt. Nach Absprache f\u00fchren wir die Reparatur des Turbogebl\u00e4ses auch, w\u00e4hrend Sie warten. F\u00fcr ordnungsgem\u00e4\u00dfen Betrieb aller Typen von Turbogebl\u00e4sen bieten wir komplette Beratungst\u00e4tigkeit an.[\/vc_column_text][\/vc_column][vc_column width=&#8221;1\/6&#8243; css=&#8221;.vc_custom_1609849380358{padding-top: 120px !important;}&#8221;][vc_single_image image=&#8221;2762&#8243; img_size=&#8221;full&#8221; onclick=&#8221;link_image&#8221;][\/vc_column][vc_column width=&#8221;1\/6&#8243; css=&#8221;.vc_custom_1609849388339{padding-top: 120px !important;}&#8221;][vc_single_image image=&#8221;2766&#8243; img_size=&#8221;full&#8221; onclick=&#8221;link_image&#8221;][\/vc_column][vc_column width=&#8221;1\/6&#8243; css=&#8221;.vc_custom_1609849394898{padding-top: 120px !important;}&#8221;][vc_single_image image=&#8221;2770&#8243; img_size=&#8221;full&#8221; onclick=&#8221;link_image&#8221;][\/vc_column][\/vc_row][vc_row][vc_column width=&#8221;1\/6&#8243;][vc_single_image image=&#8221;2775&#8243; img_size=&#8221;full&#8221; onclick=&#8221;link_image&#8221;][\/vc_column][vc_column width=&#8221;1\/6&#8243;][vc_single_image image=&#8221;2779&#8243; img_size=&#8221;full&#8221; onclick=&#8221;link_image&#8221;][\/vc_column][vc_column width=&#8221;1\/6&#8243;][vc_single_image image=&#8221;2783&#8243; img_size=&#8221;full&#8221; onclick=&#8221;link_image&#8221;][\/vc_column][vc_column width=&#8221;1\/2&#8243;][vc_column_text]<\/p>\n<h3>Neuer Turbolader von allen Herstellern auf Lager<\/h3>\n<p>Garrett by Honeywell, Borg Warner Turbo Systems (KKK &amp; Schwitzer), Holset, Mitsubishi, IHI.[\/vc_column_text][\/vc_column][\/vc_row]<\/p>\n<\/div>","protected":false},"excerpt":{"rendered":"<p>[vc_row css=&#8221;.vc_custom_1465594184770{padding-top: 40px !important;padding-right: 15px !important;}&#8221;][vc_column width=&#8221;1\/2&#8243; css=&#8221;.vc_custom_1466194975199{padding-left: -20px !important;}&#8221;][vc_single_image image=&#8221;2728&#8243; img_size=&#8221;full&#8221; alignment=&#8221;center&#8221; onclick=&#8221;link_image&#8221;][\/vc_column][vc_column width=&#8221;1\/2&#8243;][vc_column_text css=&#8221;.vc_custom_1610024764264{border-left-width: 1px !important;padding-top: 20px !important;padding-right: 15px !important;padding-left: 15px !important;border-left-color: #d6d6d6 !important;border-left-style:<span class=\"excerpt-hellip\"> [\u2026]<\/span><\/p>\n","protected":false},"author":2346,"featured_media":0,"parent":0,"menu_order":0,"comment_status":"closed","ping_status":"closed","template":"","meta":{"footnotes":""},"class_list":["post-3215","page","type-page","status-publish","hentry"],"yoast_head":"<title>Turboladerservice und -reparaturen - TurboCar<\/title>\n<meta name=\"robots\" content=\"index, follow, max-snippet:-1, max-image-preview:large, max-video-preview:-1\" \/>\n<link rel=\"canonical\" href=\"https:\/\/www.turbocar.cz\/de\/turboladerservice-und-raparaturen\/\" \/>\n<meta property=\"og:locale\" content=\"de_DE\" \/>\n<meta property=\"og:type\" content=\"article\" \/>\n<meta property=\"og:title\" content=\"Turboladerservice und -reparaturen - TurboCar\" \/>\n<meta property=\"og:description\" content=\"[vc_row css=&#8221;.vc_custom_1465594184770{padding-top: 40px !important;padding-right: 15px !important;}&#8221;][vc_column width=&#8221;1\/2&#8243; css=&#8221;.vc_custom_1466194975199{padding-left: -20px !important;}&#8221;][vc_single_image image=&#8221;2728&#8243; img_size=&#8221;full&#8221; alignment=&#8221;center&#8221; onclick=&#8221;link_image&#8221;][\/vc_column][vc_column width=&#8221;1\/2&#8243;][vc_column_text css=&#8221;.vc_custom_1610024764264{border-left-width: 1px !important;padding-top: 20px !important;padding-right: 15px !important;padding-left: 15px !important;border-left-color: #d6d6d6 !important;border-left-style: [\u2026]\" \/>\n<meta property=\"og:url\" content=\"https:\/\/www.turbocar.cz\/de\/turboladerservice-und-raparaturen\/\" \/>\n<meta property=\"og:site_name\" content=\"TurboCar\" \/>\n<meta property=\"article:modified_time\" content=\"2021-01-21T10:39:03+00:00\" \/>\n<meta name=\"twitter:card\" content=\"summary_large_image\" \/>\n<meta name=\"twitter:label1\" content=\"Gesch\u00e4tzte Lesezeit\" \/>\n\t<meta name=\"twitter:data1\" content=\"4\u00a0Minuten\" \/>\n<script type=\"application\/ld+json\" class=\"yoast-schema-graph\">{\"@context\":\"https:\\\/\\\/schema.org\",\"@graph\":[{\"@type\":\"WebPage\",\"@id\":\"https:\\\/\\\/www.turbocar.cz\\\/de\\\/turboladerservice-und-raparaturen\\\/\",\"url\":\"https:\\\/\\\/www.turbocar.cz\\\/de\\\/turboladerservice-und-raparaturen\\\/\",\"name\":\"Turboladerservice und -reparaturen - TurboCar\",\"isPartOf\":{\"@id\":\"https:\\\/\\\/www.turbocar.cz\\\/#website\"},\"datePublished\":\"2020-12-23T13:19:45+00:00\",\"dateModified\":\"2021-01-21T10:39:03+00:00\",\"breadcrumb\":{\"@id\":\"https:\\\/\\\/www.turbocar.cz\\\/de\\\/turboladerservice-und-raparaturen\\\/#breadcrumb\"},\"inLanguage\":\"de\",\"potentialAction\":[{\"@type\":\"ReadAction\",\"target\":[\"https:\\\/\\\/www.turbocar.cz\\\/de\\\/turboladerservice-und-raparaturen\\\/\"]}]},{\"@type\":\"BreadcrumbList\",\"@id\":\"https:\\\/\\\/www.turbocar.cz\\\/de\\\/turboladerservice-und-raparaturen\\\/#breadcrumb\",\"itemListElement\":[{\"@type\":\"ListItem\",\"position\":1,\"name\":\"Zuhause\",\"item\":\"https:\\\/\\\/www.turbocar.cz\\\/de\\\/\"},{\"@type\":\"ListItem\",\"position\":2,\"name\":\"Turboladerservice und -reparaturen\"}]},{\"@type\":\"WebSite\",\"@id\":\"https:\\\/\\\/www.turbocar.cz\\\/#website\",\"url\":\"https:\\\/\\\/www.turbocar.cz\\\/\",\"name\":\"TurboCar\",\"description\":\"TurboCar, s.r.o. je nejv\u011bt\u0161\u00ed autorizovan\u00fd servis turbodmychadel v \u010cR. Nab\u00edz\u00edme tak\u00e9 prodej turbodmychadel v\u0161ech typ\u016f pro osobn\u00ed, n\u00e1kladn\u00ed a dr\u00e1\u017en\u00ed vozidla.\",\"potentialAction\":[{\"@type\":\"SearchAction\",\"target\":{\"@type\":\"EntryPoint\",\"urlTemplate\":\"https:\\\/\\\/www.turbocar.cz\\\/?s={search_term_string}\"},\"query-input\":{\"@type\":\"PropertyValueSpecification\",\"valueRequired\":true,\"valueName\":\"search_term_string\"}}],\"inLanguage\":\"de\"}]}<\/script>","yoast_head_json":{"title":"Turboladerservice und -reparaturen - TurboCar","robots":{"index":"index","follow":"follow","max-snippet":"max-snippet:-1","max-image-preview":"max-image-preview:large","max-video-preview":"max-video-preview:-1"},"canonical":"https:\/\/www.turbocar.cz\/de\/turboladerservice-und-raparaturen\/","og_locale":"de_DE","og_type":"article","og_title":"Turboladerservice und -reparaturen - TurboCar","og_description":"[vc_row css=&#8221;.vc_custom_1465594184770{padding-top: 40px !important;padding-right: 15px !important;}&#8221;][vc_column width=&#8221;1\/2&#8243; css=&#8221;.vc_custom_1466194975199{padding-left: -20px !important;}&#8221;][vc_single_image image=&#8221;2728&#8243; img_size=&#8221;full&#8221; alignment=&#8221;center&#8221; onclick=&#8221;link_image&#8221;][\/vc_column][vc_column width=&#8221;1\/2&#8243;][vc_column_text css=&#8221;.vc_custom_1610024764264{border-left-width: 1px !important;padding-top: 20px !important;padding-right: 15px !important;padding-left: 15px !important;border-left-color: #d6d6d6 !important;border-left-style: [\u2026]","og_url":"https:\/\/www.turbocar.cz\/de\/turboladerservice-und-raparaturen\/","og_site_name":"TurboCar","article_modified_time":"2021-01-21T10:39:03+00:00","twitter_card":"summary_large_image","twitter_misc":{"Gesch\u00e4tzte Lesezeit":"4\u00a0Minuten"},"schema":{"@context":"https:\/\/schema.org","@graph":[{"@type":"WebPage","@id":"https:\/\/www.turbocar.cz\/de\/turboladerservice-und-raparaturen\/","url":"https:\/\/www.turbocar.cz\/de\/turboladerservice-und-raparaturen\/","name":"Turboladerservice und -reparaturen - TurboCar","isPartOf":{"@id":"https:\/\/www.turbocar.cz\/#website"},"datePublished":"2020-12-23T13:19:45+00:00","dateModified":"2021-01-21T10:39:03+00:00","breadcrumb":{"@id":"https:\/\/www.turbocar.cz\/de\/turboladerservice-und-raparaturen\/#breadcrumb"},"inLanguage":"de","potentialAction":[{"@type":"ReadAction","target":["https:\/\/www.turbocar.cz\/de\/turboladerservice-und-raparaturen\/"]}]},{"@type":"BreadcrumbList","@id":"https:\/\/www.turbocar.cz\/de\/turboladerservice-und-raparaturen\/#breadcrumb","itemListElement":[{"@type":"ListItem","position":1,"name":"Zuhause","item":"https:\/\/www.turbocar.cz\/de\/"},{"@type":"ListItem","position":2,"name":"Turboladerservice und -reparaturen"}]},{"@type":"WebSite","@id":"https:\/\/www.turbocar.cz\/#website","url":"https:\/\/www.turbocar.cz\/","name":"TurboCar","description":"TurboCar, s.r.o. je nejv\u011bt\u0161\u00ed autorizovan\u00fd servis turbodmychadel v \u010cR. Nab\u00edz\u00edme tak\u00e9 prodej turbodmychadel v\u0161ech typ\u016f pro osobn\u00ed, n\u00e1kladn\u00ed a dr\u00e1\u017en\u00ed vozidla.","potentialAction":[{"@type":"SearchAction","target":{"@type":"EntryPoint","urlTemplate":"https:\/\/www.turbocar.cz\/?s={search_term_string}"},"query-input":{"@type":"PropertyValueSpecification","valueRequired":true,"valueName":"search_term_string"}}],"inLanguage":"de"}]}},"_links":{"self":[{"href":"https:\/\/www.turbocar.cz\/de\/wp-json\/wp\/v2\/pages\/3215","targetHints":{"allow":["GET"]}}],"collection":[{"href":"https:\/\/www.turbocar.cz\/de\/wp-json\/wp\/v2\/pages"}],"about":[{"href":"https:\/\/www.turbocar.cz\/de\/wp-json\/wp\/v2\/types\/page"}],"author":[{"embeddable":true,"href":"https:\/\/www.turbocar.cz\/de\/wp-json\/wp\/v2\/users\/2346"}],"replies":[{"embeddable":true,"href":"https:\/\/www.turbocar.cz\/de\/wp-json\/wp\/v2\/comments?post=3215"}],"version-history":[{"count":3,"href":"https:\/\/www.turbocar.cz\/de\/wp-json\/wp\/v2\/pages\/3215\/revisions"}],"predecessor-version":[{"id":3430,"href":"https:\/\/www.turbocar.cz\/de\/wp-json\/wp\/v2\/pages\/3215\/revisions\/3430"}],"wp:attachment":[{"href":"https:\/\/www.turbocar.cz\/de\/wp-json\/wp\/v2\/media?parent=3215"}],"curies":[{"name":"wp","href":"https:\/\/api.w.org\/{rel}","templated":true}]}}