{"id":2793,"date":"2020-12-23T12:35:11","date_gmt":"2020-12-23T11:35:11","guid":{"rendered":"https:\/\/www.turbocar.cz\/turbodmychadla\/"},"modified":"2021-05-25T19:52:38","modified_gmt":"2021-05-25T18:52:38","slug":"turbolader","status":"publish","type":"page","link":"https:\/\/www.turbocar.cz\/de\/turbolader\/","title":{"rendered":"Turbolader"},"content":{"rendered":"<div class=\"wpb-content-wrapper\"><p>[vc_row css=&#8221;.vc_custom_1465589432702{padding-top: 50px !important;}&#8221;][vc_column width=&#8221;1\/4&#8243;][\/vc_column][vc_column width=&#8221;1\/2&#8243;][vc_column_text]<\/p>\n<h3 style=\"text-align: center\">Aufbau des Turboladers<\/h3>\n<p>[\/vc_column_text][\/vc_column][vc_column width=&#8221;1\/4&#8243;][\/vc_column][\/vc_row][vc_row css=&#8221;.vc_custom_1466525956339{margin-top: 0px !important;}&#8221;][vc_column width=&#8221;1\/4&#8243;][vc_single_image image=&#8221;2703&#8243; img_size=&#8221;2500&#215;2500&#8243; alignment=&#8221;right&#8221; onclick=&#8221;link_image&#8221;][\/vc_column][vc_column width=&#8221;1\/2&#8243;][vc_column_text]<\/p>\n<p style=\"text-align: center\">Er besteht aus <span style=\"color: #0baf4d\">einer Gruppe aus Verdichtergeh\u00e4usen<\/span>, in der auf Sonderlagern auf gemeinsamem L\u00e4ufer das Turbinenrad, angetrieben mit Motorabgasen, und das Verdichterrad, gelagert sind, welches Luft\u00fcberdruck in der Motorf\u00fcllleitung erzeugt. Eine der grundlegenden Regelungsarten des Turboladers ist das Ablassen von Abgasen vor der Turbine. Der zunehmende Trend aufgeladener Motoren wird durch die Bem\u00fchungen der Hersteller verursacht, unter anderem auch maximale Flexibilit\u00e4t und Beschleunigungsf\u00e4higkeit des Motors zu erreichen. Das Hauptinstrument f\u00fcr das Erreichen dieser Parameter ist ein geregelter Turbolader.<\/p>\n<p>[\/vc_column_text][\/vc_column][vc_column width=&#8221;1\/4&#8243;][\/vc_column][\/vc_row][vc_row][vc_column width=&#8221;1\/4&#8243;][\/vc_column][vc_column width=&#8221;1\/2&#8243;][vc_column_text]<\/p>\n<h3 style=\"text-align: center\">Lebensdauer des Turboladers<\/h3>\n<p style=\"text-align: center\">Sie ist von <span style=\"color: #0baf4d\">der pr\u00e4zisen und sorgf\u00e4ltigen Produktion aller Teile<\/span>, einschlie\u00dflich der hundertprozentigen dynamischen Auswuchtung des Verdichterrades und L\u00e4ufers mit dem Turbinenrad abh\u00e4ngig. Aus Gr\u00fcnden hoher Umfangsgeschwindigkeiten (bis 200 000 U\/min), entsteht gr\u00f6\u00dfter Verschlei\u00df auf den Radiallagern und nachfolgend kommt es zur Besch\u00e4digung der Stopfbuchsenringe.<\/p>\n<p>[\/vc_column_text][\/vc_column][vc_column width=&#8221;1\/4&#8243;][\/vc_column][\/vc_row][vc_row][vc_column width=&#8221;1\/4&#8243;][\/vc_column][vc_column width=&#8221;1\/2&#8243;][vc_column_text]<\/p>\n<h3 style=\"text-align: center\">Sicherstellung optimaler Betriebsbedingungen des Turboladers<\/h3>\n<p style=\"text-align: center\">F\u00fcr die Sicherstellung optimaler Betriebsbedingungen, haupts\u00e4chlich der Schmier\u00f6lsauberkeit gibt der Hersteller eine Lebensdauer der Turboladerlager von<span style=\"color: #0baf4d\">bis zu 6 000 Betriebsstunden an<\/span><strong>.<\/strong> Tatsache ist es jedoch, dass es zu einer \u00d6lleckage in die F\u00fcllleitung \u00fcber den Turbolader circa bereits nach Zur\u00fccklegen von 150 000 km kommt. Bei dieser Feststellung ist unbedingt eine Generalreparatur des Turboladers mit Austausch des Reparatursatzes durchzuf\u00fchren, d.h. neue Lager und Stopfbuchsenringe. F\u00fcr diese Reparaturart bietet <span style=\"color: #0baf4d\">TurboCar<\/span> allen Kunden die besten Preise an.<\/p>\n<p>[\/vc_column_text][\/vc_column][vc_column width=&#8221;1\/4&#8243;][\/vc_column][\/vc_row][vc_row][vc_column width=&#8221;1\/4&#8243;][\/vc_column][vc_column width=&#8221;1\/2&#8243;][vc_column_text]<\/p>\n<h3 style=\"text-align: center\">Funktion des Turboladers<\/h3>\n<p>[\/vc_column_text][vc_single_image image=&#8221;2715&#8243; img_size=&#8221;full&#8221; alignment=&#8221;center&#8221;][vc_column_text]<\/p>\n<p style=\"text-align: center\">tlakov\u00fd vzduch \u2013 Druckluft; chladi\u010d vzduchu \u2013 Luftk\u00fchler; vstup oleje \u2013 \u00d6leintritt; turb\u00ednov\u00e9 kolo \u2013 Turbinenrad; kompresorov\u00e1 sk\u0159\u00ed\u0148 \u2013 Verdichtergeh\u00e4use; vstup vzduchu \u2013 Lufteintritt; v\u00fdfuk spalin \u2013 Abgasaustritt; sac\u00ed kolo \u2013 Saugrad; v\u00fdstup oleje \u2013 \u00d6laustritt; klapka regula\u010dn\u00edho ventilu \u2013 Regelventilklappe; proud spalin \u2013 Abgasstrom; motor \u2013 Motor.<\/p>\n<p>[\/vc_column_text][\/vc_column][vc_column width=&#8221;1\/4&#8243;][\/vc_column][\/vc_row][vc_row][vc_column width=&#8221;1\/4&#8243;][\/vc_column][vc_column width=&#8221;1\/2&#8243;][vc_column_text]<\/p>\n<h3 style=\"text-align: center\">Zuverl\u00e4ssigkeit<\/h3>\n<p style=\"text-align: center\">Bei Beachtung der richtigen Betriebsbedingungen, das hei\u00dft sauberes durchflie\u00dfendes \u00d6l im Turbolader, des Weiteren der Voraussetzung nicht allzu hei\u00dfer Abgase \u2013 sind Turbolader <span style=\"color: #0baf4d\">sehr zuverl\u00e4ssig<\/span>. Richtiger Umgang ist also sehr wichtig.<\/p>\n<p style=\"text-align: center\">Nach einer schnellen Fahrt (bzw. Fahrt mit hoher Leistung) muss man den Motor vor Abschalten noch ca. 2 Minuten im Freilauf laufen lassen und so das Nachk\u00fchlen des Turboladers erm\u00f6glichen. Soweit dies nicht getan und der Motor abgeschaltet wird, h\u00f6rt das \u00d6l auf, umzulaufen und bleibt im \u00fcberhitzten Turbolader, wo es zu dessen Verbrennung kommen kann. Verbranntes \u00d6l kann dann seine Zuleitung verstopfen und so die Besch\u00e4digung des Turboladers verursachen. Die Turbodieselmotoren sind daf\u00fcr nicht so anf\u00e4llig, da die Temperatur der Abgase niedriger als bei Ottomotoren ist.<\/p>\n<p>[\/vc_column_text][\/vc_column][vc_column width=&#8221;1\/4&#8243;][\/vc_column][\/vc_row]<\/p>\n<\/div>","protected":false},"excerpt":{"rendered":"<p>[vc_row css=&#8221;.vc_custom_1465589432702{padding-top: 50px !important;}&#8221;][vc_column width=&#8221;1\/4&#8243;][\/vc_column][vc_column width=&#8221;1\/2&#8243;][vc_column_text] Aufbau des Turboladers [\/vc_column_text][\/vc_column][vc_column width=&#8221;1\/4&#8243;][\/vc_column][\/vc_row][vc_row css=&#8221;.vc_custom_1466525956339{margin-top: 0px !important;}&#8221;][vc_column width=&#8221;1\/4&#8243;][vc_single_image image=&#8221;2703&#8243; img_size=&#8221;2500&#215;2500&#8243; alignment=&#8221;right&#8221; onclick=&#8221;link_image&#8221;][\/vc_column][vc_column width=&#8221;1\/2&#8243;][vc_column_text] Er besteht aus einer Gruppe aus<span class=\"excerpt-hellip\"> [\u2026]<\/span><\/p>\n","protected":false},"author":1,"featured_media":0,"parent":0,"menu_order":0,"comment_status":"closed","ping_status":"closed","template":"","meta":{"footnotes":""},"class_list":["post-2793","page","type-page","status-publish","hentry"],"yoast_head":"<title>Turbolader - TurboCar<\/title>\n<meta name=\"robots\" content=\"index, follow, max-snippet:-1, max-image-preview:large, max-video-preview:-1\" \/>\n<link rel=\"canonical\" href=\"https:\/\/www.turbocar.cz\/de\/turbolader\/\" \/>\n<meta property=\"og:locale\" content=\"de_DE\" \/>\n<meta property=\"og:type\" content=\"article\" \/>\n<meta property=\"og:title\" content=\"Turbolader - TurboCar\" \/>\n<meta property=\"og:description\" content=\"[vc_row css=&#8221;.vc_custom_1465589432702{padding-top: 50px !important;}&#8221;][vc_column width=&#8221;1\/4&#8243;][\/vc_column][vc_column width=&#8221;1\/2&#8243;][vc_column_text] Aufbau des Turboladers [\/vc_column_text][\/vc_column][vc_column width=&#8221;1\/4&#8243;][\/vc_column][\/vc_row][vc_row css=&#8221;.vc_custom_1466525956339{margin-top: 0px !important;}&#8221;][vc_column width=&#8221;1\/4&#8243;][vc_single_image image=&#8221;2703&#8243; img_size=&#8221;2500&#215;2500&#8243; alignment=&#8221;right&#8221; onclick=&#8221;link_image&#8221;][\/vc_column][vc_column width=&#8221;1\/2&#8243;][vc_column_text] Er besteht aus einer Gruppe aus [\u2026]\" \/>\n<meta property=\"og:url\" content=\"https:\/\/www.turbocar.cz\/de\/turbolader\/\" \/>\n<meta property=\"og:site_name\" content=\"TurboCar\" \/>\n<meta property=\"article:modified_time\" content=\"2021-05-25T18:52:38+00:00\" \/>\n<meta name=\"twitter:card\" content=\"summary_large_image\" \/>\n<meta name=\"twitter:label1\" content=\"Gesch\u00e4tzte Lesezeit\" \/>\n\t<meta name=\"twitter:data1\" content=\"2\u00a0Minuten\" \/>\n<script type=\"application\/ld+json\" class=\"yoast-schema-graph\">{\"@context\":\"https:\\\/\\\/schema.org\",\"@graph\":[{\"@type\":\"WebPage\",\"@id\":\"https:\\\/\\\/www.turbocar.cz\\\/de\\\/turbolader\\\/\",\"url\":\"https:\\\/\\\/www.turbocar.cz\\\/de\\\/turbolader\\\/\",\"name\":\"Turbolader - TurboCar\",\"isPartOf\":{\"@id\":\"https:\\\/\\\/www.turbocar.cz\\\/#website\"},\"datePublished\":\"2020-12-23T11:35:11+00:00\",\"dateModified\":\"2021-05-25T18:52:38+00:00\",\"breadcrumb\":{\"@id\":\"https:\\\/\\\/www.turbocar.cz\\\/de\\\/turbolader\\\/#breadcrumb\"},\"inLanguage\":\"de\",\"potentialAction\":[{\"@type\":\"ReadAction\",\"target\":[\"https:\\\/\\\/www.turbocar.cz\\\/de\\\/turbolader\\\/\"]}]},{\"@type\":\"BreadcrumbList\",\"@id\":\"https:\\\/\\\/www.turbocar.cz\\\/de\\\/turbolader\\\/#breadcrumb\",\"itemListElement\":[{\"@type\":\"ListItem\",\"position\":1,\"name\":\"Zuhause\",\"item\":\"https:\\\/\\\/www.turbocar.cz\\\/de\\\/\"},{\"@type\":\"ListItem\",\"position\":2,\"name\":\"Turbolader\"}]},{\"@type\":\"WebSite\",\"@id\":\"https:\\\/\\\/www.turbocar.cz\\\/#website\",\"url\":\"https:\\\/\\\/www.turbocar.cz\\\/\",\"name\":\"TurboCar\",\"description\":\"TurboCar, s.r.o. je nejv\u011bt\u0161\u00ed autorizovan\u00fd servis turbodmychadel v \u010cR. Nab\u00edz\u00edme tak\u00e9 prodej turbodmychadel v\u0161ech typ\u016f pro osobn\u00ed, n\u00e1kladn\u00ed a dr\u00e1\u017en\u00ed vozidla.\",\"potentialAction\":[{\"@type\":\"SearchAction\",\"target\":{\"@type\":\"EntryPoint\",\"urlTemplate\":\"https:\\\/\\\/www.turbocar.cz\\\/?s={search_term_string}\"},\"query-input\":{\"@type\":\"PropertyValueSpecification\",\"valueRequired\":true,\"valueName\":\"search_term_string\"}}],\"inLanguage\":\"de\"}]}<\/script>","yoast_head_json":{"title":"Turbolader - TurboCar","robots":{"index":"index","follow":"follow","max-snippet":"max-snippet:-1","max-image-preview":"max-image-preview:large","max-video-preview":"max-video-preview:-1"},"canonical":"https:\/\/www.turbocar.cz\/de\/turbolader\/","og_locale":"de_DE","og_type":"article","og_title":"Turbolader - TurboCar","og_description":"[vc_row css=&#8221;.vc_custom_1465589432702{padding-top: 50px !important;}&#8221;][vc_column width=&#8221;1\/4&#8243;][\/vc_column][vc_column width=&#8221;1\/2&#8243;][vc_column_text] Aufbau des Turboladers [\/vc_column_text][\/vc_column][vc_column width=&#8221;1\/4&#8243;][\/vc_column][\/vc_row][vc_row css=&#8221;.vc_custom_1466525956339{margin-top: 0px !important;}&#8221;][vc_column width=&#8221;1\/4&#8243;][vc_single_image image=&#8221;2703&#8243; img_size=&#8221;2500&#215;2500&#8243; alignment=&#8221;right&#8221; onclick=&#8221;link_image&#8221;][\/vc_column][vc_column width=&#8221;1\/2&#8243;][vc_column_text] Er besteht aus einer Gruppe aus [\u2026]","og_url":"https:\/\/www.turbocar.cz\/de\/turbolader\/","og_site_name":"TurboCar","article_modified_time":"2021-05-25T18:52:38+00:00","twitter_card":"summary_large_image","twitter_misc":{"Gesch\u00e4tzte Lesezeit":"2\u00a0Minuten"},"schema":{"@context":"https:\/\/schema.org","@graph":[{"@type":"WebPage","@id":"https:\/\/www.turbocar.cz\/de\/turbolader\/","url":"https:\/\/www.turbocar.cz\/de\/turbolader\/","name":"Turbolader - TurboCar","isPartOf":{"@id":"https:\/\/www.turbocar.cz\/#website"},"datePublished":"2020-12-23T11:35:11+00:00","dateModified":"2021-05-25T18:52:38+00:00","breadcrumb":{"@id":"https:\/\/www.turbocar.cz\/de\/turbolader\/#breadcrumb"},"inLanguage":"de","potentialAction":[{"@type":"ReadAction","target":["https:\/\/www.turbocar.cz\/de\/turbolader\/"]}]},{"@type":"BreadcrumbList","@id":"https:\/\/www.turbocar.cz\/de\/turbolader\/#breadcrumb","itemListElement":[{"@type":"ListItem","position":1,"name":"Zuhause","item":"https:\/\/www.turbocar.cz\/de\/"},{"@type":"ListItem","position":2,"name":"Turbolader"}]},{"@type":"WebSite","@id":"https:\/\/www.turbocar.cz\/#website","url":"https:\/\/www.turbocar.cz\/","name":"TurboCar","description":"TurboCar, s.r.o. je nejv\u011bt\u0161\u00ed autorizovan\u00fd servis turbodmychadel v \u010cR. Nab\u00edz\u00edme tak\u00e9 prodej turbodmychadel v\u0161ech typ\u016f pro osobn\u00ed, n\u00e1kladn\u00ed a dr\u00e1\u017en\u00ed vozidla.","potentialAction":[{"@type":"SearchAction","target":{"@type":"EntryPoint","urlTemplate":"https:\/\/www.turbocar.cz\/?s={search_term_string}"},"query-input":{"@type":"PropertyValueSpecification","valueRequired":true,"valueName":"search_term_string"}}],"inLanguage":"de"}]}},"_links":{"self":[{"href":"https:\/\/www.turbocar.cz\/de\/wp-json\/wp\/v2\/pages\/2793","targetHints":{"allow":["GET"]}}],"collection":[{"href":"https:\/\/www.turbocar.cz\/de\/wp-json\/wp\/v2\/pages"}],"about":[{"href":"https:\/\/www.turbocar.cz\/de\/wp-json\/wp\/v2\/types\/page"}],"author":[{"embeddable":true,"href":"https:\/\/www.turbocar.cz\/de\/wp-json\/wp\/v2\/users\/1"}],"replies":[{"embeddable":true,"href":"https:\/\/www.turbocar.cz\/de\/wp-json\/wp\/v2\/comments?post=2793"}],"version-history":[{"count":11,"href":"https:\/\/www.turbocar.cz\/de\/wp-json\/wp\/v2\/pages\/2793\/revisions"}],"predecessor-version":[{"id":3718,"href":"https:\/\/www.turbocar.cz\/de\/wp-json\/wp\/v2\/pages\/2793\/revisions\/3718"}],"wp:attachment":[{"href":"https:\/\/www.turbocar.cz\/de\/wp-json\/wp\/v2\/media?parent=2793"}],"curies":[{"name":"wp","href":"https:\/\/api.w.org\/{rel}","templated":true}]}}